{"id":131636,"date":"2022-06-29T07:00:02","date_gmt":"2022-06-29T05:00:02","guid":{"rendered":"https:\/\/m50.lv\/?post_type=product&p=131636"},"modified":"2026-02-23T14:43:30","modified_gmt":"2026-02-23T12:43:30","slug":"m50-midi-svarki-slay-vijolite","status":"publish","type":"product","link":"https:\/\/m50.lv\/lv\/product\/m50-midi-svarki-slay-vijolite\/","title":{"rendered":"M50 Midi Sv\u0101rki Slay | Vijol\u012bte"},"content":{"rendered":"<p style=\"text-align: left;\">100% Kokvilna, r\u0101v\u0113jsl\u0113dzis aizmugur\u0113 uz s\u0101na, pieejami S, M un L izm\u0113ros.<\/p>\n<p>Nad\u012bnai mugur\u0101 S izm\u0113rs<\/p>\n","protected":false},"excerpt":{"rendered":"<p style=\"text-align: center;\">Eleganti, piegulo\u0161i Midi garuma sv\u0101rki ar \u0161\u0137\u0113lumu uz vienas k\u0101jas. Ej tik uz priek\u0161u p\u0101rliecino\u0161i un dro\u0161i, pasaule grie\u017eas Tav\u0101 virzien\u0101!<\/p>\n","protected":false},"featured_media":131621,"template":"","meta":{"_jet_sm_ready_style":"","_jet_sm_style":"","_jet_sm_controls_values":"","_jet_sm_fonts_collection":"","_jet_sm_fonts_links":""},"pwb-brand":[1249],"product_cat":[733,105,594],"product_tag":[1198,1424,592],"class_list":["post-131636","product","type-product","status-publish","has-post-thumbnail","pwb-brand-m50-lv","product_cat-m50","product_cat-sievietem","product_cat-svarki","product_tag-m50-svarki","product_tag-saleforever-lv","product_tag-svarki","first","instock","taxable","shipping-taxable","purchasable","product-type-variable"],"raw_content":{"name":"M50 Midi Sv\u0101rki Slay | Vijol\u012bte","description":"<p style=\"text-align: left;\">100% Kokvilna, r\u0101v\u0113jsl\u0113dzis aizmugur\u0113 uz s\u0101na, pieejami S, M un L izm\u0113ros.\r\n\r\nNad\u012bnai mugur\u0101 S izm\u0113rs<\/p>","short_description":"<p style=\"text-align: center;\">Eleganti, piegulo\u0161i Midi garuma sv\u0101rki ar \u0161\u0137\u0113lumu uz vienas k\u0101jas. Ej tik uz priek\u0161u p\u0101rliecino\u0161i un dro\u0161i, pasaule grie\u017eas Tav\u0101 virzien\u0101!<\/p>","status":"publish","sku":"m50-midi-skirt-slay-lilac","original":131594},"wpml":{"translation_type":1,"has_translations":true,"original":131594,"duplicates":[],"translations":{"lv":131636,"en":131594}},"brands":[{"id":1249,"name":"M50","slug":"m50-lv"}],"_links":{"self":[{"href":"https:\/\/m50.lv\/lv\/wp-json\/wp\/v2\/product\/131636","targetHints":{"allow":["GET"]}}],"collection":[{"href":"https:\/\/m50.lv\/lv\/wp-json\/wp\/v2\/product"}],"about":[{"href":"https:\/\/m50.lv\/lv\/wp-json\/wp\/v2\/types\/product"}],"version-history":[{"count":0,"href":"https:\/\/m50.lv\/lv\/wp-json\/wp\/v2\/product\/131636\/revisions"}],"wp:featuredmedia":[{"embeddable":true,"href":"https:\/\/m50.lv\/lv\/wp-json\/wp\/v2\/media\/131621"}],"wp:attachment":[{"href":"https:\/\/m50.lv\/lv\/wp-json\/wp\/v2\/media?parent=131636"}],"wp:term":[{"taxonomy":"pwb-brand","embeddable":true,"href":"https:\/\/m50.lv\/lv\/wp-json\/wp\/v2\/pwb-brand?post=131636"},{"taxonomy":"product_cat","embeddable":true,"href":"https:\/\/m50.lv\/lv\/wp-json\/wp\/v2\/product_cat?post=131636"},{"taxonomy":"product_tag","embeddable":true,"href":"https:\/\/m50.lv\/lv\/wp-json\/wp\/v2\/product_tag?post=131636"}],"curies":[{"name":"wp","href":"https:\/\/api.w.org\/{rel}","templated":true}]}}