{"id":132405,"date":"2022-07-08T08:00:50","date_gmt":"2022-07-08T05:00:50","guid":{"rendered":"https:\/\/m50.lv\/?post_type=product&p=132405"},"modified":"2022-07-08T08:00:50","modified_gmt":"2022-07-08T05:00:50","slug":"24bottles-clima-termopudele-ebony-rose-330ml","status":"publish","type":"product","link":"https:\/\/m50.lv\/lv\/product\/24bottles-clima-termopudele-ebony-rose-330ml\/","title":{"rendered":"24Bottles Clima Termopudele Ebony Rose 330ml"},"content":{"rendered":"<p style=\"text-align: left;\">Clima pudeles 330ml specifik\u0101cija:<\/p>\n<p style=\"text-align: left;\">diametrs: 7,3 cm, atv\u0113rums: 3,3cm, augstums 15 cm, svars 202g<br \/>\nNesatur BPA, ftal\u0101tus, toks\u012bnus<br \/>\nPiem\u0113rota sk\u0101biem un g\u0101z\u0113tiem dz\u0113rieniem<br \/>\nUztur \u0161\u0137idrumu karstu 12 stundas, bet aukstu \u2013 24 stundas<br \/>\nNesaglab\u0101 un neizdala arom\u0101tu<br \/>\nBPA nesaturo\u0161s v\u0101ci\u0146\u0161 ar \u0161\u0137idrumu necaurlaid\u012bgu silikona apdari<br \/>\nAtverama ar vienu griezienu<br \/>\nPlats atv\u0113rums ledus iepild\u012b\u0161anai un vieglai t\u012br\u012b\u0161anai<br \/>\nNenosv\u012bst, nerada kondens\u0101tu<br \/>\nAtbilst lidostu dro\u0161\u012bbas nosac\u012bjumiem<br \/>\nIeteicams mazg\u0101t ar rok\u0101m.<\/p>\n","protected":false},"excerpt":{"rendered":"<p style=\"text-align: center;\">Clima tipa ner\u016bs\u0113jo\u0161\u0101 t\u0113rauda termoss ir ar dubulto sieni\u0146u, dz\u0113riena temperat\u016bras uztur\u0113\u0161anai.<\/p>\n","protected":false},"featured_media":146617,"template":"","meta":{"_jet_sm_ready_style":"","_jet_sm_style":"","_jet_sm_controls_values":"","_jet_sm_fonts_collection":"","_jet_sm_fonts_links":""},"pwb-brand":[1251],"product_cat":[202,708],"product_tag":[],"class_list":{"0":"post-132405","1":"product","2":"type-product","3":"status-publish","4":"has-post-thumbnail","6":"pwb-brand-24bottles-lv","7":"product_cat-24bottles-lv","8":"product_cat-clima","10":"first","11":"outofstock","12":"taxable","13":"shipping-taxable","14":"purchasable","15":"product-type-simple"},"raw_content":{"name":"24Bottles Clima Termopudele Ebony Rose 330ml","description":"<p style=\"text-align: left;\">Clima pudeles 330ml specifik\u0101cija:<\/p>\r\n<p style=\"text-align: left;\">diametrs: 7,3 cm, atv\u0113rums: 3,3cm, augstums 15 cm, svars 202g\r\nNesatur BPA, ftal\u0101tus, toks\u012bnus\r\nPiem\u0113rota sk\u0101biem un g\u0101z\u0113tiem dz\u0113rieniem\r\nUztur \u0161\u0137idrumu karstu 12 stundas, bet aukstu \u2013 24 stundas\r\nNesaglab\u0101 un neizdala arom\u0101tu\r\nBPA nesaturo\u0161s v\u0101ci\u0146\u0161 ar \u0161\u0137idrumu necaurlaid\u012bgu silikona apdari\r\nAtverama ar vienu griezienu\r\nPlats atv\u0113rums ledus iepild\u012b\u0161anai un vieglai t\u012br\u012b\u0161anai\r\nNenosv\u012bst, nerada kondens\u0101tu\r\nAtbilst lidostu dro\u0161\u012bbas nosac\u012bjumiem\r\nIeteicams mazg\u0101t ar rok\u0101m.<\/p>","short_description":"<p style=\"text-align: center;\">Clima tipa ner\u016bs\u0113jo\u0161\u0101 t\u0113rauda termoss ir ar dubulto sieni\u0146u, dz\u0113riena temperat\u016bras uztur\u0113\u0161anai.<\/p>","status":"publish","sku":"clima-330-ebonyrose","original":132383},"wpml":{"translation_type":1,"has_translations":true,"original":132383,"duplicates":[],"translations":{"lv":132405,"en":132383}},"brands":[{"id":1251,"name":"24Bottles","slug":"24bottles-lv"}],"_links":{"self":[{"href":"https:\/\/m50.lv\/lv\/wp-json\/wp\/v2\/product\/132405","targetHints":{"allow":["GET"]}}],"collection":[{"href":"https:\/\/m50.lv\/lv\/wp-json\/wp\/v2\/product"}],"about":[{"href":"https:\/\/m50.lv\/lv\/wp-json\/wp\/v2\/types\/product"}],"version-history":[{"count":0,"href":"https:\/\/m50.lv\/lv\/wp-json\/wp\/v2\/product\/132405\/revisions"}],"wp:featuredmedia":[{"embeddable":true,"href":"https:\/\/m50.lv\/lv\/wp-json\/wp\/v2\/media\/146617"}],"wp:attachment":[{"href":"https:\/\/m50.lv\/lv\/wp-json\/wp\/v2\/media?parent=132405"}],"wp:term":[{"taxonomy":"pwb-brand","embeddable":true,"href":"https:\/\/m50.lv\/lv\/wp-json\/wp\/v2\/pwb-brand?post=132405"},{"taxonomy":"product_cat","embeddable":true,"href":"https:\/\/m50.lv\/lv\/wp-json\/wp\/v2\/product_cat?post=132405"},{"taxonomy":"product_tag","embeddable":true,"href":"https:\/\/m50.lv\/lv\/wp-json\/wp\/v2\/product_tag?post=132405"}],"curies":[{"name":"wp","href":"https:\/\/api.w.org\/{rel}","templated":true}]}}