{"id":132407,"date":"2022-07-08T08:00:13","date_gmt":"2022-07-08T05:00:13","guid":{"rendered":"https:\/\/m50.lv\/?post_type=product&p=132407"},"modified":"2022-07-08T08:00:13","modified_gmt":"2022-07-08T05:00:13","slug":"24bottles-urban-udenspudele-500ml-purple-rhythm-ar-sporta-korki","status":"publish","type":"product","link":"https:\/\/m50.lv\/lv\/product\/24bottles-urban-udenspudele-500ml-purple-rhythm-ar-sporta-korki\/","title":{"rendered":"24Bottles Urban \u016adenspudele 500ml Purple Rhythm ar sporta kor\u0137i"},"content":{"rendered":"<p style=\"text-align: left;\" data-mce-style=\"text-align: left;\">Akmens apdare 18\/8 p\u0101rtikas klases ner\u016bs\u0113jo\u0161ais t\u0113rauds<br \/>Nesatur BPA, ftal\u0101tus, toks\u012bnus<br \/>Nesaglab\u0101 un neizdala arom\u0101tu<br \/>Atverama ar vienu griezienu, \u0161\u0137idrumu necaurlaid\u012bgs kor\u0137\u012btis<br \/>Pla\u0161s atv\u0113rums ledus iepild\u012b\u0161anai un vienk\u0101r\u0161ai t\u012br\u012b\u0161anai<br \/>Viena sieni\u0146a<br \/>Atbilst lidostu dro\u0161\u012bbas nosac\u012bjumiem<br \/>Ieteicams mazg\u0101t ar rok\u0101m<\/p>\n","protected":false},"excerpt":{"rendered":"<p style=\"text-align: center;\" data-mce-style=\"text-align: center;\">Viegla, ner\u016bs\u0113jo\u0161\u0101 t\u0113rauda pudele ar sporta tipa kor\u0137\u012bti. Ide\u0101li piem\u0113rota, lai \u0113rti padzertos, v\u0101ci\u0146u atverot ar vienu pirksta kust\u012bbu. \u0112rti padzird\u012bt mazuli un uzpild\u012bt no jauna, lai atkal dotos ce\u013c\u0101! <\/p>\n","protected":false},"featured_media":132364,"template":"","meta":{"_jet_sm_ready_style":"","_jet_sm_style":"","_jet_sm_controls_values":"","_jet_sm_fonts_collection":"","_jet_sm_fonts_links":""},"pwb-brand":[1251],"product_cat":[202,710],"product_tag":[],"class_list":{"0":"post-132407","1":"product","2":"type-product","3":"status-publish","4":"has-post-thumbnail","6":"pwb-brand-24bottles-lv","7":"product_cat-24bottles-lv","8":"product_cat-urban","10":"first","11":"outofstock","12":"taxable","13":"shipping-taxable","14":"purchasable","15":"product-type-simple"},"raw_content":{"name":"24Bottles Urban \u016adenspudele 500ml Purple Rhythm ar sporta kor\u0137i","description":"<p style=\"text-align: left;\" data-mce-style=\"text-align: left;\">Akmens apdare 18\/8 p\u0101rtikas klases ner\u016bs\u0113jo\u0161ais t\u0113rauds<br>Nesatur BPA, ftal\u0101tus, toks\u012bnus<br>Nesaglab\u0101 un neizdala arom\u0101tu<br>Atverama ar vienu griezienu, \u0161\u0137idrumu necaurlaid\u012bgs kor\u0137\u012btis<br>Pla\u0161s atv\u0113rums ledus iepild\u012b\u0161anai un vienk\u0101r\u0161ai t\u012br\u012b\u0161anai<br>Viena sieni\u0146a<br>Atbilst lidostu dro\u0161\u012bbas nosac\u012bjumiem<br>Ieteicams mazg\u0101t ar rok\u0101m<\/p>","short_description":"<p style=\"text-align: center;\" data-mce-style=\"text-align: center;\">Viegla, ner\u016bs\u0113jo\u0161\u0101 t\u0113rauda pudele ar sporta tipa kor\u0137\u012bti. Ide\u0101li piem\u0113rota, lai \u0113rti padzertos, v\u0101ci\u0146u atverot ar vienu pirksta kust\u012bbu. \u0112rti padzird\u012bt mazuli un uzpild\u012bt no jauna, lai atkal dotos ce\u013c\u0101! <\/p>","status":"publish","sku":"urban-500-purplerhyt","original":132384},"wpml":{"translation_type":1,"has_translations":true,"original":132384,"duplicates":[],"translations":{"lv":132407,"en":132384}},"brands":[{"id":1251,"name":"24Bottles","slug":"24bottles-lv"}],"_links":{"self":[{"href":"https:\/\/m50.lv\/lv\/wp-json\/wp\/v2\/product\/132407","targetHints":{"allow":["GET"]}}],"collection":[{"href":"https:\/\/m50.lv\/lv\/wp-json\/wp\/v2\/product"}],"about":[{"href":"https:\/\/m50.lv\/lv\/wp-json\/wp\/v2\/types\/product"}],"version-history":[{"count":0,"href":"https:\/\/m50.lv\/lv\/wp-json\/wp\/v2\/product\/132407\/revisions"}],"wp:featuredmedia":[{"embeddable":true,"href":"https:\/\/m50.lv\/lv\/wp-json\/wp\/v2\/media\/132364"}],"wp:attachment":[{"href":"https:\/\/m50.lv\/lv\/wp-json\/wp\/v2\/media?parent=132407"}],"wp:term":[{"taxonomy":"pwb-brand","embeddable":true,"href":"https:\/\/m50.lv\/lv\/wp-json\/wp\/v2\/pwb-brand?post=132407"},{"taxonomy":"product_cat","embeddable":true,"href":"https:\/\/m50.lv\/lv\/wp-json\/wp\/v2\/product_cat?post=132407"},{"taxonomy":"product_tag","embeddable":true,"href":"https:\/\/m50.lv\/lv\/wp-json\/wp\/v2\/product_tag?post=132407"}],"curies":[{"name":"wp","href":"https:\/\/api.w.org\/{rel}","templated":true}]}}