{"id":132777,"date":"2022-07-14T14:05:27","date_gmt":"2022-07-14T12:05:27","guid":{"rendered":"https:\/\/m50.lv\/product\/seik-sardinu-konservu-zekes\/"},"modified":"2023-12-12T15:29:58","modified_gmt":"2023-12-12T13:29:58","slug":"seik-sardinu-konservu-zekes","status":"publish","type":"product","link":"https:\/\/m50.lv\/lv\/product\/seik-sardinu-konservu-zekes\/","title":{"rendered":"Seik Sard\u012b\u0146u konservu ze\u0137es"},"content":{"rendered":"<p style=\"text-align: left;\">Materi\u0101ls: 80% kokvilna, 17% poliam\u012bds, 3% elast\u0101ns.<\/p>\n","protected":false},"excerpt":{"rendered":"<p style=\"text-align: center;\">Zvejnieki ir labi paz\u012bstami ar sard\u012b\u0146u zveju Vidusj\u016br\u0101. Sard\u012bnes ir bar\u012bbas viel\u0101m bag\u0101ts \u0113diens un lielisks ener\u0123ijas avots, t\u0101p\u0113c gadsimtiem ilgi t\u0101s ir biju\u0161as cien\u012bjams \u0113diens. T\u0101p\u0113c n\u0101kamreiz, kad k\u0101ds s\u016bdz\u0113sies par tav\u0101m ze\u0137\u0113m, saki, ka t\u0101s ir sard\u012b\u0146u ze\u0137es un to valk\u0101\u0161ana ir tava goda un trad\u012bciju jaut\u0101jums.<\/p>\n","protected":false},"featured_media":132742,"template":"","meta":{"_jet_sm_ready_style":"","_jet_sm_style":"","_jet_sm_controls_values":"","_jet_sm_fonts_collection":"","_jet_sm_fonts_links":""},"pwb-brand":[1266],"product_cat":[101,567],"product_tag":[1474],"class_list":{"0":"post-132777","1":"product","2":"type-product","3":"status-publish","4":"has-post-thumbnail","6":"pwb-brand-seik-lv","7":"product_cat-aksesuari","8":"product_cat-zekes","9":"product_tag-gifts-under-20e","11":"first","12":"outofstock","13":"taxable","14":"shipping-taxable","15":"product-type-variable"},"raw_content":{"name":"Seik Sard\u012b\u0146u konservu ze\u0137es","description":"<p style=\"text-align: left;\">Materi\u0101ls: 80% kokvilna, 17% poliam\u012bds, 3% elast\u0101ns.<\/p>","short_description":"<p style=\"text-align: center;\">Zvejnieki ir labi paz\u012bstami ar sard\u012b\u0146u zveju Vidusj\u016br\u0101. Sard\u012bnes ir bar\u012bbas viel\u0101m bag\u0101ts \u0113diens un lielisks ener\u0123ijas avots, t\u0101p\u0113c gadsimtiem ilgi t\u0101s ir biju\u0161as cien\u012bjams \u0113diens. T\u0101p\u0113c n\u0101kamreiz, kad k\u0101ds s\u016bdz\u0113sies par tav\u0101m ze\u0137\u0113m, saki, ka t\u0101s ir sard\u012b\u0146u ze\u0137es un to valk\u0101\u0161ana ir tava goda un trad\u012bciju jaut\u0101jums.<\/p>","status":"publish","sku":"Seik-socks-sardines","original":132707},"wpml":{"translation_type":1,"has_translations":true,"original":132707,"duplicates":[],"translations":{"lv":132777,"en":132707}},"brands":[{"id":1266,"name":"SEIK","slug":"seik-lv"}],"_links":{"self":[{"href":"https:\/\/m50.lv\/lv\/wp-json\/wp\/v2\/product\/132777","targetHints":{"allow":["GET"]}}],"collection":[{"href":"https:\/\/m50.lv\/lv\/wp-json\/wp\/v2\/product"}],"about":[{"href":"https:\/\/m50.lv\/lv\/wp-json\/wp\/v2\/types\/product"}],"version-history":[{"count":0,"href":"https:\/\/m50.lv\/lv\/wp-json\/wp\/v2\/product\/132777\/revisions"}],"wp:featuredmedia":[{"embeddable":true,"href":"https:\/\/m50.lv\/lv\/wp-json\/wp\/v2\/media\/132742"}],"wp:attachment":[{"href":"https:\/\/m50.lv\/lv\/wp-json\/wp\/v2\/media?parent=132777"}],"wp:term":[{"taxonomy":"pwb-brand","embeddable":true,"href":"https:\/\/m50.lv\/lv\/wp-json\/wp\/v2\/pwb-brand?post=132777"},{"taxonomy":"product_cat","embeddable":true,"href":"https:\/\/m50.lv\/lv\/wp-json\/wp\/v2\/product_cat?post=132777"},{"taxonomy":"product_tag","embeddable":true,"href":"https:\/\/m50.lv\/lv\/wp-json\/wp\/v2\/product_tag?post=132777"}],"curies":[{"name":"wp","href":"https:\/\/api.w.org\/{rel}","templated":true}]}}