{"id":132786,"date":"2022-07-14T14:30:11","date_gmt":"2022-07-14T12:30:11","guid":{"rendered":"https:\/\/m50.lv\/product\/schastia-zdorovia-dzemperis-slava-ukrainai\/"},"modified":"2022-07-14T15:30:11","modified_gmt":"2022-07-14T12:30:11","slug":"schastia-zdorovia-dzemperis-slava-ukrainai","status":"publish","type":"product","link":"https:\/\/m50.lv\/lv\/product\/schastia-zdorovia-dzemperis-slava-ukrainai\/","title":{"rendered":"Schastia Zdorovia D\u017eemperis &#8220;Slava Ukrainai!&#8221;"},"content":{"rendered":"<p style=\"text-align: left;\">Modele ir 170 cm gara un valk\u0101 S izm\u0113ru.<br \/>\nV\u012brie\u0161u modelis ir 188 cm gar\u0161 un valk\u0101 L izm\u0113ru.<\/p>\n<p style=\"text-align: left;\">100% kokvilna<\/p>\n<p style=\"text-align: left;\">Unisex<\/p>\n<p style=\"text-align: left;\">Ra\u017eots Ukrain\u0101<\/p>\n","protected":false},"excerpt":{"rendered":"<p style=\"text-align: center;\">\u0160is unisex br\u012bva piegriezuma d\u017eemperis ar gar\u0101m piedurkn\u0113m ir izgatavots no m\u012bkstas, biezas kokvilnas.<\/p>\n<p style=\"text-align: center;\">Tam ir ori\u0123in\u0101lais rupj\u0101s p\u012bl\u012btes iz\u0161uvums uz kr\u016bt\u012bm.<\/p>\n","protected":false},"featured_media":132718,"template":"","meta":{"_jet_sm_ready_style":"","_jet_sm_style":"","_jet_sm_controls_values":"","_jet_sm_fonts_collection":"","_jet_sm_fonts_links":""},"pwb-brand":[1256],"product_cat":[201,199,105,103],"product_tag":[1396,1474],"class_list":{"0":"post-132786","1":"product","2":"type-product","3":"status-publish","4":"has-post-thumbnail","6":"pwb-brand-schastia-zdorovia-lv","7":"product_cat-dzemperi-lv","8":"product_cat-dzemperi","9":"product_cat-sievietem","10":"product_cat-viriesiem","11":"product_tag-zem20-lv","12":"product_tag-gifts-under-20e","14":"first","15":"instock","16":"taxable","17":"shipping-taxable","18":"purchasable","19":"product-type-variable"},"raw_content":{"name":"Schastia Zdorovia D\u017eemperis \"Slava Ukrainai!\"","description":"<p style=\"text-align: left;\">Modele ir 170 cm gara un valk\u0101 S izm\u0113ru.\r\nV\u012brie\u0161u modelis ir 188 cm gar\u0161 un valk\u0101 L izm\u0113ru.<\/p>\r\n<p style=\"text-align: left;\">100% kokvilna<\/p>\r\n<p style=\"text-align: left;\">Unisex<\/p>\r\n<p style=\"text-align: left;\">Ra\u017eots Ukrain\u0101<\/p>","short_description":"<p style=\"text-align: center;\">\u0160is unisex br\u012bva piegriezuma d\u017eemperis ar gar\u0101m piedurkn\u0113m ir izgatavots no m\u012bkstas, biezas kokvilnas.<\/p>\r\n<p style=\"text-align: center;\">Tam ir ori\u0123in\u0101lais rupj\u0101s p\u012bl\u012btes iz\u0161uvums uz kr\u016bt\u012bm.<\/p>","status":"publish","sku":"Schastia-GloryToUkraine-longsleeve","original":132716},"wpml":{"translation_type":1,"has_translations":true,"original":132716,"duplicates":[],"translations":{"lv":132786,"en":132716}},"brands":[{"id":1256,"name":"Schastia Zdorovia","slug":"schastia-zdorovia-lv"}],"_links":{"self":[{"href":"https:\/\/m50.lv\/lv\/wp-json\/wp\/v2\/product\/132786","targetHints":{"allow":["GET"]}}],"collection":[{"href":"https:\/\/m50.lv\/lv\/wp-json\/wp\/v2\/product"}],"about":[{"href":"https:\/\/m50.lv\/lv\/wp-json\/wp\/v2\/types\/product"}],"version-history":[{"count":0,"href":"https:\/\/m50.lv\/lv\/wp-json\/wp\/v2\/product\/132786\/revisions"}],"wp:featuredmedia":[{"embeddable":true,"href":"https:\/\/m50.lv\/lv\/wp-json\/wp\/v2\/media\/132718"}],"wp:attachment":[{"href":"https:\/\/m50.lv\/lv\/wp-json\/wp\/v2\/media?parent=132786"}],"wp:term":[{"taxonomy":"pwb-brand","embeddable":true,"href":"https:\/\/m50.lv\/lv\/wp-json\/wp\/v2\/pwb-brand?post=132786"},{"taxonomy":"product_cat","embeddable":true,"href":"https:\/\/m50.lv\/lv\/wp-json\/wp\/v2\/product_cat?post=132786"},{"taxonomy":"product_tag","embeddable":true,"href":"https:\/\/m50.lv\/lv\/wp-json\/wp\/v2\/product_tag?post=132786"}],"curies":[{"name":"wp","href":"https:\/\/api.w.org\/{rel}","templated":true}]}}