{"id":133380,"date":"2022-07-24T11:17:54","date_gmt":"2022-07-24T09:17:54","guid":{"rendered":"https:\/\/m50.lv\/product\/m50-cepure-melna\/"},"modified":"2023-04-04T12:42:53","modified_gmt":"2023-04-04T10:42:53","slug":"m50-cepure-melna","status":"publish","type":"product","link":"https:\/\/m50.lv\/lv\/product\/m50-cepure-melna\/","title":{"rendered":"M50 Cepure | Melna"},"content":{"rendered":"<p style=\"text-align: left;\">100% poliestera p\u0101rkl\u0101jums.<\/p>\n<p style=\"text-align: left;\">\u016adensiztur\u012bgas galven\u0101s \u0161uves. Izliekta forma, lai saglab\u0101tu skaidru redzam\u012bbu. Elast\u012bgas un salok\u0101mas malas, pateicoties spiedpog\u0101m. Ventil\u0101cijas cilpi\u0146as un savelkamas auklas, lai regul\u0113tu izm\u0113ru.<\/p>\n<p style=\"text-align: left;\">Pieejami 2 izm\u0113ri.<\/p>\n","protected":false},"excerpt":{"rendered":"<p style=\"text-align: center;\">Lieliska cepure p\u0101rg\u0101jieniem vai dodoties uz vasaras festiv\u0101liem.<\/p>\n","protected":false},"featured_media":133337,"template":"","meta":{"_jet_sm_ready_style":"","_jet_sm_style":"","_jet_sm_controls_values":"","_jet_sm_fonts_collection":"","_jet_sm_fonts_links":""},"pwb-brand":[93],"product_cat":[75,569,732],"product_tag":[],"class_list":{"0":"post-133380","1":"product","2":"type-product","3":"status-publish","4":"has-post-thumbnail","6":"pwb-brand-m50","7":"product_cat-accessories","8":"product_cat-caps","9":"product_cat-m50-originals","11":"first","12":"instock","13":"taxable","14":"shipping-taxable","15":"purchasable","16":"product-type-variable"},"raw_content":{"name":"M50 Cepure | Melna","description":"<p style=\"text-align: left;\">100% poliestera p\u0101rkl\u0101jums.<\/p>\r\n<p style=\"text-align: left;\">\u016adensiztur\u012bgas galven\u0101s \u0161uves. Izliekta forma, lai saglab\u0101tu skaidru redzam\u012bbu. Elast\u012bgas un salok\u0101mas malas, pateicoties spiedpog\u0101m. Ventil\u0101cijas cilpi\u0146as un savelkamas auklas, lai regul\u0113tu izm\u0113ru.<\/p>\r\n<p style=\"text-align: left;\">Pieejami 2 izm\u0113ri.<\/p>","short_description":"<p style=\"text-align: center;\">Lieliska cepure p\u0101rg\u0101jieniem vai dodoties uz vasaras festiv\u0101liem.<\/p>","status":"publish","sku":"M50-BucketHat-Black","original":133317},"wpml":{"translation_type":1,"has_translations":true,"original":133317,"duplicates":[],"translations":{"lv":133380,"en":133317}},"brands":[{"id":1249,"name":"M50","slug":"m50-lv"}],"_links":{"self":[{"href":"https:\/\/m50.lv\/lv\/wp-json\/wp\/v2\/product\/133380","targetHints":{"allow":["GET"]}}],"collection":[{"href":"https:\/\/m50.lv\/lv\/wp-json\/wp\/v2\/product"}],"about":[{"href":"https:\/\/m50.lv\/lv\/wp-json\/wp\/v2\/types\/product"}],"version-history":[{"count":0,"href":"https:\/\/m50.lv\/lv\/wp-json\/wp\/v2\/product\/133380\/revisions"}],"wp:featuredmedia":[{"embeddable":true,"href":"https:\/\/m50.lv\/lv\/wp-json\/wp\/v2\/media\/133337"}],"wp:attachment":[{"href":"https:\/\/m50.lv\/lv\/wp-json\/wp\/v2\/media?parent=133380"}],"wp:term":[{"taxonomy":"pwb-brand","embeddable":true,"href":"https:\/\/m50.lv\/lv\/wp-json\/wp\/v2\/pwb-brand?post=133380"},{"taxonomy":"product_cat","embeddable":true,"href":"https:\/\/m50.lv\/lv\/wp-json\/wp\/v2\/product_cat?post=133380"},{"taxonomy":"product_tag","embeddable":true,"href":"https:\/\/m50.lv\/lv\/wp-json\/wp\/v2\/product_tag?post=133380"}],"curies":[{"name":"wp","href":"https:\/\/api.w.org\/{rel}","templated":true}]}}