{"id":133389,"date":"2022-07-24T11:24:57","date_gmt":"2022-07-24T09:24:57","guid":{"rendered":"https:\/\/m50.lv\/product\/m50-organiskas-kokvilnas-tiklinmaisins-dzeltens\/"},"modified":"2022-07-24T12:24:57","modified_gmt":"2022-07-24T09:24:57","slug":"m50-organiskas-kokvilnas-tiklinmaisins-dzeltens","status":"publish","type":"product","link":"https:\/\/m50.lv\/lv\/product\/m50-organiskas-kokvilnas-tiklinmaisins-dzeltens\/","title":{"rendered":"M50 Organiskas Kokvilnas T\u012bkli\u0146MAISI\u0145\u0160 | Dzeltens"},"content":{"rendered":"<p style=\"text-align: left;\">Rokturis 36cm garum\u0101,<br \/>\nietilp\u012bba 6kg \/ 6 litri,<br \/>\nizm\u0113rs 34x34cm.<\/p>\n<p style=\"text-align: left;\">Materi\u0101ls: 100% organisk\u0101 kokvilna<\/p>\n","protected":false},"excerpt":{"rendered":"<p style=\"text-align: center;\">Praktisk\u0101 romantika \u2013 tirgus labumiem, pludmales pastaig\u0101m, un cit\u0101m tav\u0101m bezizm\u0113ra vajadz\u012bb\u0101m!<\/p>\n","protected":false},"featured_media":133353,"template":"","meta":{"_jet_sm_ready_style":"","_jet_sm_style":"","_jet_sm_controls_values":"","_jet_sm_fonts_collection":"","_jet_sm_fonts_links":""},"pwb-brand":[1249],"product_cat":[101,205,193,733,195],"product_tag":[1396],"class_list":{"0":"post-133389","1":"product","2":"type-product","3":"status-publish","4":"has-post-thumbnail","6":"pwb-brand-m50-lv","7":"product_cat-aksesuari","8":"product_cat-auduma-maisini","9":"product_cat-davanas","10":"product_cat-m50","11":"product_cat-somas","12":"product_tag-zem20-lv","14":"first","15":"outofstock","16":"taxable","17":"shipping-taxable","18":"purchasable","19":"product-type-simple"},"raw_content":{"name":"M50 Organiskas Kokvilnas T\u012bkli\u0146MAISI\u0145\u0160 | Dzeltens","description":"<p style=\"text-align: left;\">Rokturis 36cm garum\u0101,\r\nietilp\u012bba 6kg \/ 6 litri,\r\nizm\u0113rs 34x34cm.<\/p>\r\n<p style=\"text-align: left;\">Materi\u0101ls: 100% organisk\u0101 kokvilna<\/p>","short_description":"<p style=\"text-align: center;\">Praktisk\u0101 romantika \u2013 tirgus labumiem, pludmales pastaig\u0101m, un cit\u0101m tav\u0101m bezizm\u0113ra vajadz\u012bb\u0101m!<\/p>","status":"publish","sku":"M50-5060717320971","original":133383},"wpml":{"translation_type":1,"has_translations":true,"original":133383,"duplicates":[],"translations":{"lv":133389,"en":133383}},"brands":[{"id":1249,"name":"M50","slug":"m50-lv"}],"_links":{"self":[{"href":"https:\/\/m50.lv\/lv\/wp-json\/wp\/v2\/product\/133389","targetHints":{"allow":["GET"]}}],"collection":[{"href":"https:\/\/m50.lv\/lv\/wp-json\/wp\/v2\/product"}],"about":[{"href":"https:\/\/m50.lv\/lv\/wp-json\/wp\/v2\/types\/product"}],"version-history":[{"count":0,"href":"https:\/\/m50.lv\/lv\/wp-json\/wp\/v2\/product\/133389\/revisions"}],"wp:featuredmedia":[{"embeddable":true,"href":"https:\/\/m50.lv\/lv\/wp-json\/wp\/v2\/media\/133353"}],"wp:attachment":[{"href":"https:\/\/m50.lv\/lv\/wp-json\/wp\/v2\/media?parent=133389"}],"wp:term":[{"taxonomy":"pwb-brand","embeddable":true,"href":"https:\/\/m50.lv\/lv\/wp-json\/wp\/v2\/pwb-brand?post=133389"},{"taxonomy":"product_cat","embeddable":true,"href":"https:\/\/m50.lv\/lv\/wp-json\/wp\/v2\/product_cat?post=133389"},{"taxonomy":"product_tag","embeddable":true,"href":"https:\/\/m50.lv\/lv\/wp-json\/wp\/v2\/product_tag?post=133389"}],"curies":[{"name":"wp","href":"https:\/\/api.w.org\/{rel}","templated":true}]}}