{"id":137419,"date":"2022-09-22T19:38:47","date_gmt":"2022-09-22T17:38:47","guid":{"rendered":"https:\/\/m50.lv\/product\/seik-piezimju-klade-ar-spirali-peaches\/"},"modified":"2022-09-22T20:38:47","modified_gmt":"2022-09-22T17:38:47","slug":"seik-piezimju-klade-ar-spirali-peaches","status":"publish","type":"product","link":"https:\/\/m50.lv\/lv\/product\/seik-piezimju-klade-ar-spirali-peaches\/","title":{"rendered":"SEIK Piez\u012bmju klade ar spir\u0101li &#8211; Peaches"},"content":{"rendered":"<p style=\"text-align: left;\">To var izmantot z\u012bm\u0113\u0161anai, grafikiem, eseju rakst\u012b\u0161anai, matem\u0101tikas uzdevumu risin\u0101\u0161anai, sarakstu veido\u0161anai un pat savas dz\u012bves pl\u0101no\u0161anai.<\/p>\n<p style=\"text-align: left;\">80 lapas.<\/p>\n","protected":false},"excerpt":{"rendered":"<p style=\"text-align: center;\">Punkti\u0146kladi nekl\u0101j ne l\u012bnijas, ne r\u016bti\u0146as, bet punkti\u0146i, kas \u013cauj t\u0101s \u012bpa\u0161niekam piln\u012bb\u0101 izpausties.<\/p>\n","protected":false},"featured_media":137386,"template":"","meta":{"_jet_sm_ready_style":"","_jet_sm_style":"","_jet_sm_controls_values":"","_jet_sm_fonts_collection":"","_jet_sm_fonts_links":""},"pwb-brand":[1266],"product_cat":[193,109],"product_tag":[1366,1474],"class_list":{"0":"post-137419","1":"product","2":"type-product","3":"status-publish","4":"has-post-thumbnail","6":"pwb-brand-seik-lv","7":"product_cat-davanas","8":"product_cat-gramatas","9":"product_tag-back-2-school-lv","10":"product_tag-gifts-under-20e","12":"first","13":"instock","14":"taxable","15":"shipping-taxable","16":"purchasable","17":"product-type-simple"},"raw_content":{"name":"SEIK Piez\u012bmju klade ar spir\u0101li - Peaches","description":"<p style=\"text-align: left;\">To var izmantot z\u012bm\u0113\u0161anai, grafikiem, eseju rakst\u012b\u0161anai, matem\u0101tikas uzdevumu risin\u0101\u0161anai, sarakstu veido\u0161anai un pat savas dz\u012bves pl\u0101no\u0161anai.<\/p>\r\n<p style=\"text-align: left;\">80 lapas.<\/p>","short_description":"<p style=\"text-align: center;\">Punkti\u0146kladi nekl\u0101j ne l\u012bnijas, ne r\u016bti\u0146as, bet punkti\u0146i, kas \u013cauj t\u0101s \u012bpa\u0161niekam piln\u012bb\u0101 izpausties.<\/p>","status":"publish","sku":"seik-474416012556","original":137355},"wpml":{"translation_type":1,"has_translations":true,"original":137355,"duplicates":[],"translations":{"lv":137419,"en":137355}},"brands":[{"id":1266,"name":"SEIK","slug":"seik-lv"}],"_links":{"self":[{"href":"https:\/\/m50.lv\/lv\/wp-json\/wp\/v2\/product\/137419","targetHints":{"allow":["GET"]}}],"collection":[{"href":"https:\/\/m50.lv\/lv\/wp-json\/wp\/v2\/product"}],"about":[{"href":"https:\/\/m50.lv\/lv\/wp-json\/wp\/v2\/types\/product"}],"version-history":[{"count":0,"href":"https:\/\/m50.lv\/lv\/wp-json\/wp\/v2\/product\/137419\/revisions"}],"wp:featuredmedia":[{"embeddable":true,"href":"https:\/\/m50.lv\/lv\/wp-json\/wp\/v2\/media\/137386"}],"wp:attachment":[{"href":"https:\/\/m50.lv\/lv\/wp-json\/wp\/v2\/media?parent=137419"}],"wp:term":[{"taxonomy":"pwb-brand","embeddable":true,"href":"https:\/\/m50.lv\/lv\/wp-json\/wp\/v2\/pwb-brand?post=137419"},{"taxonomy":"product_cat","embeddable":true,"href":"https:\/\/m50.lv\/lv\/wp-json\/wp\/v2\/product_cat?post=137419"},{"taxonomy":"product_tag","embeddable":true,"href":"https:\/\/m50.lv\/lv\/wp-json\/wp\/v2\/product_tag?post=137419"}],"curies":[{"name":"wp","href":"https:\/\/api.w.org\/{rel}","templated":true}]}}