{"id":137421,"date":"2022-09-22T19:42:04","date_gmt":"2022-09-22T17:42:04","guid":{"rendered":"https:\/\/m50.lv\/product\/seik-klades-komplekts-ar-linijam-un-rutinam-energy-you\/"},"modified":"2022-09-22T20:42:04","modified_gmt":"2022-09-22T17:42:04","slug":"seik-klades-komplekts-ar-linijam-un-rutinam-energy-you","status":"publish","type":"product","link":"https:\/\/m50.lv\/lv\/product\/seik-klades-komplekts-ar-linijam-un-rutinam-energy-you\/","title":{"rendered":"SEIK Klades komplekts ar l\u012bnij\u0101m un r\u016bti\u0146\u0101m &#8211; Energy &#038; You"},"content":{"rendered":"<p style=\"text-align: left;\">KOMPLEKT\u0100: 2 KLADES<br \/>\nRAKSTI PIEZ\u012aMES UN ESEJAS<br \/>\nL\u012bniju klade ir ir \u0113rta lieto\u0161anai literat\u016bras stund\u0101s, k\u0101 ar\u012b citos m\u0101c\u012bbu priek\u0161metos, kur nepiecie\u0161ams rakst\u012bt tekstus.<\/p>\n<p style=\"text-align: left;\">VEIC SARE\u017d\u0122\u012aTUS APR\u0112\u0136INUS<br \/>\nIzmanto r\u016bti\u0146u kladi matem\u0101tik\u0101 un fizik\u0101, lai veiktu sare\u017e\u0123\u012btus apr\u0113\u0137inus un veidotu grafikus.<\/p>\n","protected":false},"excerpt":{"rendered":"<p style=\"text-align: center;\">Komplekt\u0101 ir gan l\u012bniju, gan r\u016bti\u0146u burtn\u012bca. Klades b\u016bs piem\u0113rotas uzdevumu rakst\u012b\u0161anai, vien\u0101dojumu risin\u0101\u0161anai, tekstu rakst\u012b\u0161anai (esej\u0101m, sacer\u0113jumiem u.c.).<\/p>\n","protected":false},"featured_media":137362,"template":"","meta":{"_jet_sm_ready_style":"","_jet_sm_style":"","_jet_sm_controls_values":"","_jet_sm_fonts_collection":"","_jet_sm_fonts_links":""},"pwb-brand":[1266],"product_cat":[193,109],"product_tag":[1366,1474],"class_list":{"0":"post-137421","1":"product","2":"type-product","3":"status-publish","4":"has-post-thumbnail","6":"pwb-brand-seik-lv","7":"product_cat-davanas","8":"product_cat-gramatas","9":"product_tag-back-2-school-lv","10":"product_tag-gifts-under-20e","12":"first","13":"instock","14":"taxable","15":"shipping-taxable","16":"purchasable","17":"product-type-simple"},"raw_content":{"name":"SEIK Klades komplekts ar l\u012bnij\u0101m un r\u016bti\u0146\u0101m - Energy & You","description":"<p style=\"text-align: left;\">KOMPLEKT\u0100: 2 KLADES\r\nRAKSTI PIEZ\u012aMES UN ESEJAS\r\nL\u012bniju klade ir ir \u0113rta lieto\u0161anai literat\u016bras stund\u0101s, k\u0101 ar\u012b citos m\u0101c\u012bbu priek\u0161metos, kur nepiecie\u0161ams rakst\u012bt tekstus.<\/p>\r\n<p style=\"text-align: left;\">VEIC SARE\u017d\u0122\u012aTUS APR\u0112\u0136INUS\r\nIzmanto r\u016bti\u0146u kladi matem\u0101tik\u0101 un fizik\u0101, lai veiktu sare\u017e\u0123\u012btus apr\u0113\u0137inus un veidotu grafikus.<\/p>","short_description":"<p style=\"text-align: center;\">Komplekt\u0101 ir gan l\u012bniju, gan r\u016bti\u0146u burtn\u012bca. Klades b\u016bs piem\u0113rotas uzdevumu rakst\u012b\u0161anai, vien\u0101dojumu risin\u0101\u0161anai, tekstu rakst\u012b\u0161anai (esej\u0101m, sacer\u0113jumiem u.c.).<\/p>","status":"publish","sku":"seik-474416012235","original":137407},"wpml":{"translation_type":1,"has_translations":true,"original":137407,"duplicates":[],"translations":{"lv":137421,"en":137407}},"brands":[{"id":1266,"name":"SEIK","slug":"seik-lv"}],"_links":{"self":[{"href":"https:\/\/m50.lv\/lv\/wp-json\/wp\/v2\/product\/137421","targetHints":{"allow":["GET"]}}],"collection":[{"href":"https:\/\/m50.lv\/lv\/wp-json\/wp\/v2\/product"}],"about":[{"href":"https:\/\/m50.lv\/lv\/wp-json\/wp\/v2\/types\/product"}],"version-history":[{"count":0,"href":"https:\/\/m50.lv\/lv\/wp-json\/wp\/v2\/product\/137421\/revisions"}],"wp:featuredmedia":[{"embeddable":true,"href":"https:\/\/m50.lv\/lv\/wp-json\/wp\/v2\/media\/137362"}],"wp:attachment":[{"href":"https:\/\/m50.lv\/lv\/wp-json\/wp\/v2\/media?parent=137421"}],"wp:term":[{"taxonomy":"pwb-brand","embeddable":true,"href":"https:\/\/m50.lv\/lv\/wp-json\/wp\/v2\/pwb-brand?post=137421"},{"taxonomy":"product_cat","embeddable":true,"href":"https:\/\/m50.lv\/lv\/wp-json\/wp\/v2\/product_cat?post=137421"},{"taxonomy":"product_tag","embeddable":true,"href":"https:\/\/m50.lv\/lv\/wp-json\/wp\/v2\/product_tag?post=137421"}],"curies":[{"name":"wp","href":"https:\/\/api.w.org\/{rel}","templated":true}]}}