{"id":137897,"date":"2022-10-04T13:14:03","date_gmt":"2022-10-04T11:14:03","guid":{"rendered":"https:\/\/m50.lv\/product\/eau-de-parfum-103-tiaras-zieds-jasmins-hibisks\/"},"modified":"2022-10-04T14:14:03","modified_gmt":"2022-10-04T11:14:03","slug":"eau-de-parfum-103-tiaras-zieds-jasmins-hibisks","status":"publish","type":"product","link":"https:\/\/m50.lv\/lv\/product\/eau-de-parfum-103-tiaras-zieds-jasmins-hibisks\/","title":{"rendered":"Eau de parfum 103 : ti\u0101ras zieds, jasm\u012bns, hibisks"},"content":{"rendered":"<p style=\"text-align: left;\">Smar\u017eas pirm\u0101s notis ir svaigs it\u0101\u013cu bergamots un za\u013cais marok\u0101\u0146u neroli. Smar\u017eu sird\u012b atkl\u0101jas saulaina, ziedaina bu\u0137ete ar jasm\u012bnu un frangipani ziedu. Muskusa un vani\u013cas b\u0101ze pievieno siltu un pienainu smar\u017eu taku, kas atsauc atmi\u0146\u0101 pat\u012bkamas br\u012bvdienas.<\/p>\n<p style=\"text-align: left;\">K\u0101 lietot: Uzp\u016bt vienu reiz\u012bti uz pulsa punktiem &#8211; plaukstas loc\u012btavas, kakla, aiz aus\u012bm, un elko\u0146u iek\u0161pus\u0113, lai efekts b\u016btu ilgsto\u0161\u0101ks un notur\u012bg\u0101ks.<\/p>\n<p style=\"text-align: left;\">Sast\u0101vs: Alkohola b\u0101ze, smar\u017evielas, \u016bdens, linalols, an\u012bsa alkohols, benzila alkohols, benzilbenzo\u0101ts, benzilsalicil\u0101ts, geraniols, hidroksicitronel\u0101ls, izoeigenols, limonene, linalols 80% tilp.<\/p>\n<p style=\"text-align: left;\">Ra\u017eots Francij\u0101<\/p>\n","protected":false},"excerpt":{"rendered":"<p style=\"text-align: center;\">K\u0101 b\u016btu ar pludmales pastaigu &#8211; pa karst\u0101m smilt\u012bm, un palm\u0101m fon\u0101? 103 ir vissaulain\u0101k\u0101 no smar\u017e\u0101m. T\u0101 viennoz\u012bm\u012bgi un ziben\u012bgi aizved\u012bs Tevi t\u0101l\u0101 ce\u013cojum\u0101 kop\u0101 ar ti\u0101ras ziedu, hibisku un baltaj\u0101m smilt\u012bm.<\/p>\n","protected":false},"featured_media":137855,"template":"","meta":{"_jet_sm_ready_style":"","_jet_sm_style":"","_jet_sm_controls_values":"","_jet_sm_fonts_collection":"","_jet_sm_fonts_links":""},"pwb-brand":[1298],"product_cat":[193,105,919],"product_tag":[924,1579,928],"class_list":{"0":"post-137897","1":"product","2":"type-product","3":"status-publish","4":"has-post-thumbnail","6":"pwb-brand-bon-parfumeur-lv","7":"product_cat-davanas","8":"product_cat-sievietem","9":"product_cat-smarzas","10":"product_tag-bon-parfumeur-lv","11":"product_tag-davanas-mammai","12":"product_tag-smarzas","14":"first","15":"instock","16":"taxable","17":"shipping-taxable","18":"purchasable","19":"product-type-simple"},"raw_content":{"name":"Eau de parfum 103 : ti\u0101ras zieds, jasm\u012bns, hibisks","description":"<p style=\"text-align: left;\">Smar\u017eas pirm\u0101s notis ir svaigs it\u0101\u013cu bergamots un za\u013cais marok\u0101\u0146u neroli. Smar\u017eu sird\u012b atkl\u0101jas saulaina, ziedaina bu\u0137ete ar jasm\u012bnu un frangipani ziedu. Muskusa un vani\u013cas b\u0101ze pievieno siltu un pienainu smar\u017eu taku, kas atsauc atmi\u0146\u0101 pat\u012bkamas br\u012bvdienas.<\/p>\r\n<p style=\"text-align: left;\">K\u0101 lietot: Uzp\u016bt vienu reiz\u012bti uz pulsa punktiem - plaukstas loc\u012btavas, kakla, aiz aus\u012bm, un elko\u0146u iek\u0161pus\u0113, lai efekts b\u016btu ilgsto\u0161\u0101ks un notur\u012bg\u0101ks.<\/p>\r\n<p style=\"text-align: left;\">Sast\u0101vs: Alkohola b\u0101ze, smar\u017evielas, \u016bdens, linalols, an\u012bsa alkohols, benzila alkohols, benzilbenzo\u0101ts, benzilsalicil\u0101ts, geraniols, hidroksicitronel\u0101ls, izoeigenols, limonene, linalols 80% tilp.<\/p>\r\n<p style=\"text-align: left;\">Ra\u017eots Francij\u0101<\/p>","short_description":"<p style=\"text-align: center;\">K\u0101 b\u016btu ar pludmales pastaigu - pa karst\u0101m smilt\u012bm, un palm\u0101m fon\u0101? 103 ir vissaulain\u0101k\u0101 no smar\u017e\u0101m. T\u0101 viennoz\u012bm\u012bgi un ziben\u012bgi aizved\u012bs Tevi t\u0101l\u0101 ce\u013cojum\u0101 kop\u0101 ar ti\u0101ras ziedu, hibisku un baltaj\u0101m smilt\u012bm.<\/p>","status":"publish","sku":"Bon-Parfumeur-30ml-103","original":137886},"wpml":{"translation_type":1,"has_translations":true,"original":137886,"duplicates":[],"translations":{"lv":137897,"en":137886}},"brands":[{"id":1298,"name":"Bon Parfumeur","slug":"bon-parfumeur-lv"}],"_links":{"self":[{"href":"https:\/\/m50.lv\/lv\/wp-json\/wp\/v2\/product\/137897","targetHints":{"allow":["GET"]}}],"collection":[{"href":"https:\/\/m50.lv\/lv\/wp-json\/wp\/v2\/product"}],"about":[{"href":"https:\/\/m50.lv\/lv\/wp-json\/wp\/v2\/types\/product"}],"version-history":[{"count":0,"href":"https:\/\/m50.lv\/lv\/wp-json\/wp\/v2\/product\/137897\/revisions"}],"wp:featuredmedia":[{"embeddable":true,"href":"https:\/\/m50.lv\/lv\/wp-json\/wp\/v2\/media\/137855"}],"wp:attachment":[{"href":"https:\/\/m50.lv\/lv\/wp-json\/wp\/v2\/media?parent=137897"}],"wp:term":[{"taxonomy":"pwb-brand","embeddable":true,"href":"https:\/\/m50.lv\/lv\/wp-json\/wp\/v2\/pwb-brand?post=137897"},{"taxonomy":"product_cat","embeddable":true,"href":"https:\/\/m50.lv\/lv\/wp-json\/wp\/v2\/product_cat?post=137897"},{"taxonomy":"product_tag","embeddable":true,"href":"https:\/\/m50.lv\/lv\/wp-json\/wp\/v2\/product_tag?post=137897"}],"curies":[{"name":"wp","href":"https:\/\/api.w.org\/{rel}","templated":true}]}}