{"id":138267,"date":"2022-10-11T18:31:11","date_gmt":"2022-10-11T15:31:11","guid":{"rendered":"https:\/\/m50.lv\/product\/m50-krekls-ar-garam-piedurknem-melns-one-size\/"},"modified":"2023-04-25T22:40:59","modified_gmt":"2023-04-25T20:40:59","slug":"m50-krekls-ar-garam-piedurknem-melns-one-size","status":"publish","type":"product","link":"https:\/\/m50.lv\/lv\/product\/m50-krekls-ar-garam-piedurknem-melns-one-size\/","title":{"rendered":"M50 Krekls ar gar\u0101m piedurkn\u0113m | MELNS &#8211; one size"},"content":{"rendered":"<p style=\"text-align: left;\">\u0160im modelim ir taisns siluets un plat\u0101kas piedurknes. M50 fejas pa\u0161as valk\u0101 un citiem iesaka! Velc k\u0101 topi\u0146u pie sv\u0101rkiem vai biks\u0113m, un ar\u012b zem p\u016bkain\u0101 d\u017eemper\u012b\u0161a un m\u012b\u013c\u0101k\u0101s kleitas \u2013 saj\u016bta b\u016bs kolos\u0101la!<\/p>\n<p style=\"text-align: left;\">Skaista kr\u0101su gamma, izcili saskan ar legingiem no M50 kolekcijas!<\/p>\n<p style=\"text-align: left;\">Materi\u0101ls: 92% viskoze, 8% elast\u0101ns.<\/p>\n<p style=\"text-align: left;\">M\u016bsu modele ir 181 cm gara, mugur\u0101 M izm\u0113ra krekli\u0146\u0161. Ieskaties izm\u0113ru tabul\u0101! Krekli\u0146\u0161 ir \u013coti elast\u012bgs, viegli<\/p>\n","protected":false},"excerpt":{"rendered":"<p style=\"text-align: center;\">Augstv\u0113rt\u012bgas trikot\u0101\u017eas krekli\u0146u kolekcija ikdienai un sportam! Der k\u0101 uzliets \u2013 k\u0101 \u201cotr\u0101 \u0101di\u0146a\u201d \u2013 siltumam un skaistumam. Krekli\u0146am neapstr\u0101d\u0101ts laivi\u0146veida kakla izgriezums, pagarin\u0101ts piedurk\u0146u garums, viduk\u013ca l\u012bnija. Nevienas liekas v\u012bl\u012btes.<\/p>\n","protected":false},"featured_media":138200,"template":"","meta":{"_jet_sm_ready_style":"","_jet_sm_style":"","_jet_sm_controls_values":"","_jet_sm_fonts_collection":"","_jet_sm_fonts_links":""},"pwb-brand":[1249],"product_cat":[583],"product_tag":[],"class_list":{"0":"post-138267","1":"product","2":"type-product","3":"status-publish","4":"has-post-thumbnail","6":"pwb-brand-m50-lv","7":"product_cat-uncategorized-lv","9":"first","10":"outofstock","11":"taxable","12":"shipping-taxable","13":"purchasable","14":"product-type-simple"},"raw_content":{"name":"M50 Krekls ar gar\u0101m piedurkn\u0113m | MELNS - one size","description":"<p style=\"text-align: left;\">\u0160im modelim ir taisns siluets un plat\u0101kas piedurknes. M50 fejas pa\u0161as valk\u0101 un citiem iesaka! Velc k\u0101 topi\u0146u pie sv\u0101rkiem vai biks\u0113m, un ar\u012b zem p\u016bkain\u0101 d\u017eemper\u012b\u0161a un m\u012b\u013c\u0101k\u0101s kleitas \u2013 saj\u016bta b\u016bs kolos\u0101la!<\/p>\r\n<p style=\"text-align: left;\">Skaista kr\u0101su gamma, izcili saskan ar legingiem no M50 kolekcijas!<\/p>\r\n<p style=\"text-align: left;\">Materi\u0101ls: 92% viskoze, 8% elast\u0101ns.<\/p>\r\n<p style=\"text-align: left;\">M\u016bsu modele ir 181 cm gara, mugur\u0101 M izm\u0113ra krekli\u0146\u0161. Ieskaties izm\u0113ru tabul\u0101! Krekli\u0146\u0161 ir \u013coti elast\u012bgs, viegli<\/p>","short_description":"<p style=\"text-align: center;\">Augstv\u0113rt\u012bgas trikot\u0101\u017eas krekli\u0146u kolekcija ikdienai un sportam! Der k\u0101 uzliets \u2013 k\u0101 \u201cotr\u0101 \u0101di\u0146a\u201d \u2013 siltumam un skaistumam. Krekli\u0146am neapstr\u0101d\u0101ts laivi\u0146veida kakla izgriezums, pagarin\u0101ts piedurk\u0146u garums, viduk\u013ca l\u012bnija. Nevienas liekas v\u012bl\u012btes.<\/p>","status":"publish","sku":"M50-new-ss-long-sleeve-black-one-size","original":138267},"wpml":{"translation_type":0,"has_translations":false,"original":138267,"duplicates":[],"translations":{"lv":138267,"en":null}},"brands":[{"id":1249,"name":"M50","slug":"m50-lv"}],"_links":{"self":[{"href":"https:\/\/m50.lv\/lv\/wp-json\/wp\/v2\/product\/138267","targetHints":{"allow":["GET"]}}],"collection":[{"href":"https:\/\/m50.lv\/lv\/wp-json\/wp\/v2\/product"}],"about":[{"href":"https:\/\/m50.lv\/lv\/wp-json\/wp\/v2\/types\/product"}],"version-history":[{"count":0,"href":"https:\/\/m50.lv\/lv\/wp-json\/wp\/v2\/product\/138267\/revisions"}],"wp:featuredmedia":[{"embeddable":true,"href":"https:\/\/m50.lv\/lv\/wp-json\/wp\/v2\/media\/138200"}],"wp:attachment":[{"href":"https:\/\/m50.lv\/lv\/wp-json\/wp\/v2\/media?parent=138267"}],"wp:term":[{"taxonomy":"pwb-brand","embeddable":true,"href":"https:\/\/m50.lv\/lv\/wp-json\/wp\/v2\/pwb-brand?post=138267"},{"taxonomy":"product_cat","embeddable":true,"href":"https:\/\/m50.lv\/lv\/wp-json\/wp\/v2\/product_cat?post=138267"},{"taxonomy":"product_tag","embeddable":true,"href":"https:\/\/m50.lv\/lv\/wp-json\/wp\/v2\/product_tag?post=138267"}],"curies":[{"name":"wp","href":"https:\/\/api.w.org\/{rel}","templated":true}]}}