{"id":138651,"date":"2022-10-18T12:29:16","date_gmt":"2022-10-18T10:29:16","guid":{"rendered":"https:\/\/m50.lv\/product\/lietusmetelis-string-parka-muzzals\/"},"modified":"2024-11-19T00:02:39","modified_gmt":"2024-11-18T22:02:39","slug":"lietusmetelis-string-parka-muzzals","status":"publish","type":"product","link":"https:\/\/m50.lv\/lv\/product\/lietusmetelis-string-parka-muzzals\/","title":{"rendered":"Lietusm\u0113telis String Parka | M\u016b\u017eza\u013c\u0161"},"content":{"rendered":"<p>\u0160\u012b \u016bdensiztur\u012bg\u0101 jaka ir ra\u017eota no Rains z\u012bmolam rakstur\u012bg\u0101 poliuret\u0101na materi\u0101la, l\u012bm\u0113tas v\u012bles. Ieskaties izm\u0113ru tabul\u0101, lai izv\u0113l\u0113tos piem\u0113rot\u0101ko! Mode ir 177 cm gara, mugur\u0101 M izm\u0113rs. Nebalin\u0101t. Nedr\u012bkst likt centrif\u016bg\u0101 un \u017e\u0101v\u0113t\u0101j\u0101. Negludin\u0101t Nedr\u012bkst \u0137\u012bmiski t\u012br\u012bt. Neizmantojiet ve\u013cas m\u012bkstin\u0101t\u0101ju. Neizmantojiet hidroizol\u0101cijas piedevas. Mazg\u0101t ar l\u012bdz\u012bg\u0101m kr\u0101s\u0101m. Mazg\u0101t ve\u013casma\u0161\u012bn\u0101 30\u00b0C. Materi\u0101ls: 100% poliesters ar poliuret\u0101na p\u0101rkl\u0101jumu Fasons piem\u0113rots sieviet\u0113m R\u0101v\u0113jsl\u0113dz\u0113ja aizdare, ar spiedpog\u0101m p\u0101ri Kapuce ar nadzi\u0146u<\/p>\n","protected":false},"excerpt":{"rendered":"<p>Dizains atvasin\u0101ts no klasisk\u0101s Rains Fishtail jakas ar pagarin\u0101to aizmuguri. Jaunums jakai ir \u0101r\u0113j\u0101 aukli\u0146a, kas akcent\u0113 vidukli. Citi dizaina elementi ietver pagarin\u0101to aizmuguri, kapuci ar nadzi\u0146u un zem plecu dubult\u0101s deta\u013cas sl\u0113ptos ventil\u0101cijas caurumi\u0146us komfortam. S\u0101nu kabatas un spiedpogu aizdari<\/p>\n","protected":false},"featured_media":138387,"template":"","meta":{"_jet_sm_ready_style":"","_jet_sm_style":"","_jet_sm_controls_values":"","_jet_sm_fonts_collection":"","_jet_sm_fonts_links":""},"pwb-brand":[140],"product_cat":[851,852,22],"product_tag":[932,931],"class_list":{"0":"post-138651","1":"product","2":"type-product","3":"status-publish","4":"has-post-thumbnail","6":"pwb-brand-rains","7":"product_cat-raincoats","8":"product_cat-raincoats-2","9":"product_cat-uncategorized","10":"product_tag-raincoat","11":"product_tag-coat","13":"first","14":"outofstock","15":"sale","16":"taxable","17":"shipping-taxable","18":"purchasable","19":"product-type-variable"},"raw_content":{"name":"Lietusm\u0113telis String Parka | M\u016b\u017eza\u013c\u0161","description":"\u0160\u012b \u016bdensiztur\u012bg\u0101 jaka ir ra\u017eota no Rains z\u012bmolam rakstur\u012bg\u0101 poliuret\u0101na materi\u0101la, l\u012bm\u0113tas v\u012bles. Ieskaties izm\u0113ru tabul\u0101, lai izv\u0113l\u0113tos piem\u0113rot\u0101ko! Mode ir 177 cm gara, mugur\u0101 M izm\u0113rs. Nebalin\u0101t. Nedr\u012bkst likt centrif\u016bg\u0101 un \u017e\u0101v\u0113t\u0101j\u0101. Negludin\u0101t Nedr\u012bkst \u0137\u012bmiski t\u012br\u012bt. Neizmantojiet ve\u013cas m\u012bkstin\u0101t\u0101ju. Neizmantojiet hidroizol\u0101cijas piedevas. Mazg\u0101t ar l\u012bdz\u012bg\u0101m kr\u0101s\u0101m. Mazg\u0101t ve\u013casma\u0161\u012bn\u0101 30\u00b0C. Materi\u0101ls: 100% poliesters ar poliuret\u0101na p\u0101rkl\u0101jumu Fasons piem\u0113rots sieviet\u0113m R\u0101v\u0113jsl\u0113dz\u0113ja aizdare, ar spiedpog\u0101m p\u0101ri Kapuce ar nadzi\u0146u","short_description":"Dizains atvasin\u0101ts no klasisk\u0101s Rains Fishtail jakas ar pagarin\u0101to aizmuguri. Jaunums jakai ir \u0101r\u0113j\u0101 aukli\u0146a, kas akcent\u0113 vidukli. Citi dizaina elementi ietver pagarin\u0101to aizmuguri, kapuci ar nadzi\u0146u un zem plecu dubult\u0101s deta\u013cas sl\u0113ptos ventil\u0101cijas caurumi\u0146us komfortam. S\u0101nu kabatas un spiedpogu aizdari","status":"publish","sku":"1001555","original":138621},"wpml":{"translation_type":1,"has_translations":true,"original":138621,"duplicates":[],"translations":{"lv":138651,"en":138621}},"brands":[{"id":1252,"name":"Rains","slug":"rains-lv"}],"_links":{"self":[{"href":"https:\/\/m50.lv\/lv\/wp-json\/wp\/v2\/product\/138651","targetHints":{"allow":["GET"]}}],"collection":[{"href":"https:\/\/m50.lv\/lv\/wp-json\/wp\/v2\/product"}],"about":[{"href":"https:\/\/m50.lv\/lv\/wp-json\/wp\/v2\/types\/product"}],"version-history":[{"count":0,"href":"https:\/\/m50.lv\/lv\/wp-json\/wp\/v2\/product\/138651\/revisions"}],"wp:featuredmedia":[{"embeddable":true,"href":"https:\/\/m50.lv\/lv\/wp-json\/wp\/v2\/media\/138387"}],"wp:attachment":[{"href":"https:\/\/m50.lv\/lv\/wp-json\/wp\/v2\/media?parent=138651"}],"wp:term":[{"taxonomy":"pwb-brand","embeddable":true,"href":"https:\/\/m50.lv\/lv\/wp-json\/wp\/v2\/pwb-brand?post=138651"},{"taxonomy":"product_cat","embeddable":true,"href":"https:\/\/m50.lv\/lv\/wp-json\/wp\/v2\/product_cat?post=138651"},{"taxonomy":"product_tag","embeddable":true,"href":"https:\/\/m50.lv\/lv\/wp-json\/wp\/v2\/product_tag?post=138651"}],"curies":[{"name":"wp","href":"https:\/\/api.w.org\/{rel}","templated":true}]}}