{"id":139109,"date":"2022-10-26T13:37:27","date_gmt":"2022-10-27T12:13:37","guid":{"rendered":"https:\/\/m50.lv\/?post_type=product&#038;p=139109"},"modified":"2023-03-14T13:33:52","modified_gmt":"2023-03-14T11:33:52","slug":"m50-tops-balerina-haki","status":"publish","type":"product","link":"https:\/\/m50.lv\/lv\/product\/m50-tops-balerina-haki\/","title":{"rendered":"M50 Tops Baler\u012bna | HAKI"},"content":{"rendered":"<p>Elegants laivi\u0146veida kakla izgriezums, regl\u0101na griezuma piedurknes l\u012bdz elkonim. Apstr\u0101d\u0101tas mali\u0146as. M\u012bksts &#8220;uzkas\u012btas&#8221; kokvilnas trikot\u0101\u017eas materi\u0101ls. Ra\u017eots Latvij\u0101<\/p>\n","protected":false},"excerpt":{"rendered":"<p>M\u012bkstas kokvilnas trikot\u0101\u017eas d\u017eemper\u012btis. Lielisks papildin\u0101jums Tavai kapsulas garderobei &#8211; pavelc apak\u0161\u0101 M50 Second Skin kolekcijas krekli\u0146us un j\u016bties skaisti &amp; \u0113rti katru dienu.<\/p>\n","protected":false},"featured_media":139048,"template":"","meta":{"_jet_sm_ready_style":"","_jet_sm_style":"","_jet_sm_controls_values":"","_jet_sm_fonts_collection":"","_jet_sm_fonts_links":""},"pwb-brand":[1249],"product_cat":[201,733,913],"product_tag":[1322,970,1199,1234,1201,1235,887],"class_list":{"0":"post-139109","1":"product","2":"type-product","3":"status-publish","4":"has-post-thumbnail","6":"pwb-brand-m50-lv","7":"product_cat-dzemperi-lv","8":"product_cat-m50","9":"product_cat-topi-lv","10":"product_tag-3par2marts","11":"product_tag-balerina","12":"product_tag-m50-dzemperi","13":"product_tag-m50-originals-lv-2","14":"product_tag-m50-topi","15":"product_tag-mix-match","16":"product_tag-tops-lv","18":"first","19":"outofstock","20":"taxable","21":"shipping-taxable","22":"purchasable","23":"product-type-variable"},"raw_content":{"name":"M50 Tops Baler\u012bna | HAKI","description":"Elegants laivi\u0146veida kakla izgriezums, regl\u0101na griezuma piedurknes l\u012bdz elkonim. Apstr\u0101d\u0101tas mali\u0146as. M\u012bksts \"uzkas\u012btas\" kokvilnas trikot\u0101\u017eas materi\u0101ls. Ra\u017eots Latvij\u0101","short_description":"M\u012bkstas kokvilnas trikot\u0101\u017eas d\u017eemper\u012btis. Lielisks papildin\u0101jums Tavai kapsulas garderobei - pavelc apak\u0161\u0101 M50 Second Skin kolekcijas krekli\u0146us un j\u016bties skaisti &amp; \u0113rti katru dienu.","status":"publish","sku":"M50-balerina-haki","original":138991},"wpml":{"translation_type":1,"has_translations":true,"original":138991,"duplicates":[],"translations":{"lv":139109,"en":138991}},"brands":[{"id":1249,"name":"M50","slug":"m50-lv"}],"_links":{"self":[{"href":"https:\/\/m50.lv\/lv\/wp-json\/wp\/v2\/product\/139109","targetHints":{"allow":["GET"]}}],"collection":[{"href":"https:\/\/m50.lv\/lv\/wp-json\/wp\/v2\/product"}],"about":[{"href":"https:\/\/m50.lv\/lv\/wp-json\/wp\/v2\/types\/product"}],"version-history":[{"count":0,"href":"https:\/\/m50.lv\/lv\/wp-json\/wp\/v2\/product\/139109\/revisions"}],"wp:featuredmedia":[{"embeddable":true,"href":"https:\/\/m50.lv\/lv\/wp-json\/wp\/v2\/media\/139048"}],"wp:attachment":[{"href":"https:\/\/m50.lv\/lv\/wp-json\/wp\/v2\/media?parent=139109"}],"wp:term":[{"taxonomy":"pwb-brand","embeddable":true,"href":"https:\/\/m50.lv\/lv\/wp-json\/wp\/v2\/pwb-brand?post=139109"},{"taxonomy":"product_cat","embeddable":true,"href":"https:\/\/m50.lv\/lv\/wp-json\/wp\/v2\/product_cat?post=139109"},{"taxonomy":"product_tag","embeddable":true,"href":"https:\/\/m50.lv\/lv\/wp-json\/wp\/v2\/product_tag?post=139109"}],"curies":[{"name":"wp","href":"https:\/\/api.w.org\/{rel}","templated":true}]}}