{"id":139770,"date":"2022-11-16T21:13:23","date_gmt":"2022-11-16T18:13:23","guid":{"rendered":"https:\/\/m50.lv\/product\/ieva-kampe-krumholca-kartites-es-esmu-vietejais-6gb-komplekts\/"},"modified":"2022-11-16T22:36:13","modified_gmt":"2022-11-16T19:36:13","slug":"ieva-kampe-krumholca-kartites-es-esmu-islaicigs-6gb-komplekts","status":"publish","type":"product","link":"https:\/\/m50.lv\/lv\/product\/ieva-kampe-krumholca-kartites-es-esmu-islaicigs-6gb-komplekts\/","title":{"rendered":"Ieva Kampe Krumholca Kart\u012btes &#8220;Es esmu \u012aSLAIC\u012aGS&#8221; 6gb komplekts"},"content":{"rendered":"","protected":false},"excerpt":{"rendered":"<p style=\"text-align: center;\">6 kart\u012b\u0161u komplekts ar eksotisko augu gleznu mot\u012bviem. Kart\u012btes izm\u0113rs 14 x 14 cm.<\/p>\n","protected":false},"featured_media":139675,"template":"","meta":{"_jet_sm_ready_style":"","_jet_sm_style":"","_jet_sm_controls_values":"","_jet_sm_fonts_collection":"","_jet_sm_fonts_links":""},"pwb-brand":[1258],"product_cat":[193,108,110],"product_tag":[1396],"class_list":{"0":"post-139770","1":"product","2":"type-product","3":"status-publish","4":"has-post-thumbnail","6":"pwb-brand-ieva-kampe-krumholca-lv","7":"product_cat-davanas","8":"product_cat-maksla","9":"product_cat-pastkartes","10":"product_tag-zem20-lv","12":"first","13":"outofstock","14":"taxable","15":"shipping-taxable","16":"purchasable","17":"product-type-simple"},"raw_content":{"name":"Ieva Kampe Krumholca Kart\u012btes \"Es esmu \u012aSLAIC\u012aGS\" 6gb komplekts","description":"","short_description":"<p style=\"text-align: center;\">6 kart\u012b\u0161u komplekts ar eksotisko augu gleznu mot\u012bviem. Kart\u012btes izm\u0113rs 14 x 14 cm.<\/p>","status":"publish","sku":"IKK-ISLAICIGS","original":139658},"wpml":{"translation_type":1,"has_translations":true,"original":139658,"duplicates":[],"translations":{"lv":139770,"en":139658}},"brands":[{"id":1258,"name":"Ieva Kampe-Krumholca","slug":"ieva-kampe-krumholca-lv"}],"_links":{"self":[{"href":"https:\/\/m50.lv\/lv\/wp-json\/wp\/v2\/product\/139770","targetHints":{"allow":["GET"]}}],"collection":[{"href":"https:\/\/m50.lv\/lv\/wp-json\/wp\/v2\/product"}],"about":[{"href":"https:\/\/m50.lv\/lv\/wp-json\/wp\/v2\/types\/product"}],"version-history":[{"count":0,"href":"https:\/\/m50.lv\/lv\/wp-json\/wp\/v2\/product\/139770\/revisions"}],"wp:featuredmedia":[{"embeddable":true,"href":"https:\/\/m50.lv\/lv\/wp-json\/wp\/v2\/media\/139675"}],"wp:attachment":[{"href":"https:\/\/m50.lv\/lv\/wp-json\/wp\/v2\/media?parent=139770"}],"wp:term":[{"taxonomy":"pwb-brand","embeddable":true,"href":"https:\/\/m50.lv\/lv\/wp-json\/wp\/v2\/pwb-brand?post=139770"},{"taxonomy":"product_cat","embeddable":true,"href":"https:\/\/m50.lv\/lv\/wp-json\/wp\/v2\/product_cat?post=139770"},{"taxonomy":"product_tag","embeddable":true,"href":"https:\/\/m50.lv\/lv\/wp-json\/wp\/v2\/product_tag?post=139770"}],"curies":[{"name":"wp","href":"https:\/\/api.w.org\/{rel}","templated":true}]}}