{"id":140084,"date":"2022-11-21T20:35:23","date_gmt":"2022-11-21T18:35:23","guid":{"rendered":"https:\/\/m50.lv\/product\/m50-organiskas-kokvilnas-maisins-fairy-dust\/"},"modified":"2025-08-22T11:23:47","modified_gmt":"2025-08-22T09:23:47","slug":"m50-organiskas-kokvilnas-maisins-fairy-dust","status":"publish","type":"product","link":"https:\/\/m50.lv\/lv\/product\/m50-organiskas-kokvilnas-maisins-fairy-dust\/","title":{"rendered":"M50 Organiskas Kokvilnas MAISI\u0145\u0160 Fairy Dust"},"content":{"rendered":"<p style=\"text-align: left;\">Aug\u0161\u0113j\u0101 mala ir dubult\u0101 saloc\u012bta stipr\u012bbai<br \/>\nGari rokturi<\/p>\n<p style=\"text-align: left;\">SAST\u0100VS: Audekls, 80% KOKVILNA &#8211; P\u0100RSTR\u0100D\u0100TA, 20% POLIESTERS &#8211; P\u0100RSTR\u0100DE, 300 G\/M\u00b2<\/p>\n","protected":false},"excerpt":{"rendered":"<p style=\"text-align: center;\">Jebkur\u0161, kad tiek pie mazdrusci\u0146 feju putekl\u012b\u0161iem, ir apvelt\u012bts ar sp\u0113ju lidot! Vai Tu esi grib\u0113jis k\u0101dreiz lidot? T\u0101 pa \u012bstam, k\u0101 putni.. Br\u012bv\u012bba un burv\u012bba\u2026 \u0160eit mazliet M50 feju putekl\u012b\u0161u ma\u0123ijas ar\u012b jums\u2728 Iedvesmai un iedro\u0161in\u0101jumam \u2013 ej un dari \u2013 get things done. Lai top!<\/p>\n","protected":false},"featured_media":140061,"template":"","meta":{"_jet_sm_ready_style":"","_jet_sm_style":"","_jet_sm_controls_values":"","_jet_sm_fonts_collection":"","_jet_sm_fonts_links":""},"pwb-brand":[1249],"product_cat":[205,193],"product_tag":[1474],"class_list":{"0":"post-140084","1":"product","2":"type-product","3":"status-publish","4":"has-post-thumbnail","6":"pwb-brand-m50-lv","7":"product_cat-auduma-maisini","8":"product_cat-davanas","9":"product_tag-gifts-under-20e","11":"first","12":"instock","13":"taxable","14":"shipping-taxable","15":"purchasable","16":"product-type-simple"},"raw_content":{"name":"M50 Organiskas Kokvilnas MAISI\u0145\u0160 Fairy Dust","description":"<p style=\"text-align: left;\">Aug\u0161\u0113j\u0101 mala ir dubult\u0101 saloc\u012bta stipr\u012bbai\r\nGari rokturi<\/p>\r\n<p style=\"text-align: left;\">SAST\u0100VS: Audekls, 80% KOKVILNA - P\u0100RSTR\u0100D\u0100TA, 20% POLIESTERS - P\u0100RSTR\u0100DE, 300 G\/M\u00b2<\/p>","short_description":"<p style=\"text-align: center;\">Jebkur\u0161, kad tiek pie mazdrusci\u0146 feju putekl\u012b\u0161iem, ir apvelt\u012bts ar sp\u0113ju lidot! Vai Tu esi grib\u0113jis k\u0101dreiz lidot? T\u0101 pa \u012bstam, k\u0101 putni.. Br\u012bv\u012bba un burv\u012bba\u2026 \u0160eit mazliet M50 feju putekl\u012b\u0161u ma\u0123ijas ar\u012b jums\u2728 Iedvesmai un iedro\u0161in\u0101jumam \u2013 ej un dari \u2013 get things done. Lai top!<\/p>","status":"publish","sku":"M50-bag-fairy-dust","original":140067},"wpml":{"translation_type":1,"has_translations":true,"original":140067,"duplicates":[],"translations":{"lv":140084,"en":140067}},"brands":[{"id":1249,"name":"M50","slug":"m50-lv"}],"_links":{"self":[{"href":"https:\/\/m50.lv\/lv\/wp-json\/wp\/v2\/product\/140084","targetHints":{"allow":["GET"]}}],"collection":[{"href":"https:\/\/m50.lv\/lv\/wp-json\/wp\/v2\/product"}],"about":[{"href":"https:\/\/m50.lv\/lv\/wp-json\/wp\/v2\/types\/product"}],"version-history":[{"count":0,"href":"https:\/\/m50.lv\/lv\/wp-json\/wp\/v2\/product\/140084\/revisions"}],"wp:featuredmedia":[{"embeddable":true,"href":"https:\/\/m50.lv\/lv\/wp-json\/wp\/v2\/media\/140061"}],"wp:attachment":[{"href":"https:\/\/m50.lv\/lv\/wp-json\/wp\/v2\/media?parent=140084"}],"wp:term":[{"taxonomy":"pwb-brand","embeddable":true,"href":"https:\/\/m50.lv\/lv\/wp-json\/wp\/v2\/pwb-brand?post=140084"},{"taxonomy":"product_cat","embeddable":true,"href":"https:\/\/m50.lv\/lv\/wp-json\/wp\/v2\/product_cat?post=140084"},{"taxonomy":"product_tag","embeddable":true,"href":"https:\/\/m50.lv\/lv\/wp-json\/wp\/v2\/product_tag?post=140084"}],"curies":[{"name":"wp","href":"https:\/\/api.w.org\/{rel}","templated":true}]}}