{"id":140340,"date":"2022-11-21T21:35:55","date_gmt":"2022-11-21T19:35:55","guid":{"rendered":"https:\/\/m50.lv\/product\/m50-kreklins-stripas-2\/"},"modified":"2026-02-23T14:43:31","modified_gmt":"2026-02-23T12:43:31","slug":"m50-kreklins-stripas-2","status":"publish","type":"product","link":"https:\/\/m50.lv\/lv\/product\/m50-kreklins-stripas-2\/","title":{"rendered":"M50 Krekli\u0146\u0161 | STR\u012aPAS"},"content":{"rendered":"<p style=\"text-align: left;\">M50 fejas pa\u0161as valk\u0101 un citiem iesaka!<br \/>\nSkaista kr\u0101su gamma, izcili saskan ar legingiem no M50 kolekcijas!<\/p>\n<p style=\"text-align: left;\">Materi\u0101ls: 92% vikoze, 8% elast\u0101ns.<\/p>\n","protected":false},"excerpt":{"rendered":"<p style=\"text-align: center;\">Kolekcija \u201cSecond Skin\u201d ikdienai un sportam! Der k\u0101 uzliets \u2013 k\u0101 \u201cotr\u0101 \u0101di\u0146a\u201d. Krekli\u0146am ir apstr\u0101d\u0101ts kakla izgriezums, rokri\u0146\u0137i un apak\u0161mala.<\/p>\n","protected":false},"featured_media":140314,"template":"","meta":{"_jet_sm_ready_style":"","_jet_sm_style":"","_jet_sm_controls_values":"","_jet_sm_fonts_collection":"","_jet_sm_fonts_links":""},"pwb-brand":[1249],"product_cat":[1374,733,1306,105,913],"product_tag":[1579,1474,850,1520],"class_list":["post-140340","product","type-product","status-publish","has-post-thumbnail","pwb-brand-m50-lv","product_cat-basic-top-lv","product_cat-m50","product_cat-second-skin-lv","product_cat-sievietem","product_cat-topi-lv","product_tag-davanas-mammai","product_tag-gifts-under-20e","product_tag-second-skin-lv","product_tag-stripains-apgerbs","first","instock","taxable","shipping-taxable","purchasable","product-type-variable"],"raw_content":{"name":"M50 Krekli\u0146\u0161 | STR\u012aPAS","description":"<p style=\"text-align: left;\">M50 fejas pa\u0161as valk\u0101 un citiem iesaka!\r\nSkaista kr\u0101su gamma, izcili saskan ar legingiem no M50 kolekcijas!<\/p>\r\n<p style=\"text-align: left;\">Materi\u0101ls: 92% vikoze, 8% elast\u0101ns.<\/p>","short_description":"<p style=\"text-align: center;\">Kolekcija \u201cSecond Skin\u201d ikdienai un sportam! Der k\u0101 uzliets \u2013 k\u0101 \u201cotr\u0101 \u0101di\u0146a\u201d. Krekli\u0146am ir apstr\u0101d\u0101ts kakla izgriezums, rokri\u0146\u0137i un apak\u0161mala.<\/p>","status":"publish","sku":"496B-5F49FD","original":140112},"wpml":{"translation_type":1,"has_translations":true,"original":140112,"duplicates":[],"translations":{"lv":140340,"en":140112}},"brands":[{"id":1249,"name":"M50","slug":"m50-lv"}],"_links":{"self":[{"href":"https:\/\/m50.lv\/lv\/wp-json\/wp\/v2\/product\/140340","targetHints":{"allow":["GET"]}}],"collection":[{"href":"https:\/\/m50.lv\/lv\/wp-json\/wp\/v2\/product"}],"about":[{"href":"https:\/\/m50.lv\/lv\/wp-json\/wp\/v2\/types\/product"}],"version-history":[{"count":0,"href":"https:\/\/m50.lv\/lv\/wp-json\/wp\/v2\/product\/140340\/revisions"}],"wp:featuredmedia":[{"embeddable":true,"href":"https:\/\/m50.lv\/lv\/wp-json\/wp\/v2\/media\/140314"}],"wp:attachment":[{"href":"https:\/\/m50.lv\/lv\/wp-json\/wp\/v2\/media?parent=140340"}],"wp:term":[{"taxonomy":"pwb-brand","embeddable":true,"href":"https:\/\/m50.lv\/lv\/wp-json\/wp\/v2\/pwb-brand?post=140340"},{"taxonomy":"product_cat","embeddable":true,"href":"https:\/\/m50.lv\/lv\/wp-json\/wp\/v2\/product_cat?post=140340"},{"taxonomy":"product_tag","embeddable":true,"href":"https:\/\/m50.lv\/lv\/wp-json\/wp\/v2\/product_tag?post=140340"}],"curies":[{"name":"wp","href":"https:\/\/api.w.org\/{rel}","templated":true}]}}