{"id":140555,"date":"2022-11-23T09:27:49","date_gmt":"2022-11-23T07:27:49","guid":{"rendered":"https:\/\/m50.lv\/product\/m50-leginigi-kapucino\/"},"modified":"2023-03-16T17:15:33","modified_gmt":"2023-03-16T15:15:33","slug":"m50-leginigi-kapucino","status":"publish","type":"product","link":"https:\/\/m50.lv\/lv\/product\/m50-leginigi-kapucino\/","title":{"rendered":"M50 leginigi | KAPU\u010c\u012aNO"},"content":{"rendered":"<p style=\"text-align: left;\">Materi\u0101ls: 92% viskoze, 8% elast\u0101ns.<\/p>\n<p style=\"text-align: left;\">M\u016bsu modele ir 185 cm gara, mugur\u0101 M izm\u0113ra legingi.<\/p>\n","protected":false},"excerpt":{"rendered":"<p style=\"text-align: center;\">Lieliski legingi ikdienai un sportam! Kombin\u0113 ar d\u017eemper\u012bti vai m\u012b\u013c\u0101ko kleitu! Pa\u0161as valk\u0101jam, un citiem iesak\u0101m! Skaista kr\u0101su gamma, izcili saskan ar krekli\u0146iem no M50 kolekcijas! Materi\u0101ls ir \u013coti elast\u012bgs, dubulta josta, piegrieztne bez s\u0101nu v\u012bles.<\/p>\n","protected":false},"featured_media":140118,"template":"","meta":{"_jet_sm_ready_style":"","_jet_sm_style":"","_jet_sm_controls_values":"","_jet_sm_fonts_collection":"","_jet_sm_fonts_links":""},"pwb-brand":[1249],"product_cat":[76,735,732,1305,60],"product_tag":[1396],"class_list":{"0":"post-140555","1":"product","2":"type-product","3":"status-publish","4":"has-post-thumbnail","6":"pwb-brand-m50-lv","7":"product_cat-apparel","8":"product_cat-leggings","9":"product_cat-m50-originals","10":"product_cat-second-skin","11":"product_cat-womens","12":"product_tag-zem20-lv","14":"first","15":"outofstock","16":"taxable","17":"shipping-taxable","18":"product-type-variable"},"raw_content":{"name":"M50 leginigi | KAPU\u010c\u012aNO","description":"<p style=\"text-align: left;\">Materi\u0101ls: 92% viskoze, 8% elast\u0101ns.<\/p>\r\n<p style=\"text-align: left;\">M\u016bsu modele ir 185 cm gara, mugur\u0101 M izm\u0113ra legingi.<\/p>","short_description":"<p style=\"text-align: center;\">Lieliski legingi ikdienai un sportam! Kombin\u0113 ar d\u017eemper\u012bti vai m\u012b\u013c\u0101ko kleitu! Pa\u0161as valk\u0101jam, un citiem iesak\u0101m! Skaista kr\u0101su gamma, izcili saskan ar krekli\u0146iem no M50 kolekcijas! Materi\u0101ls ir \u013coti elast\u012bgs, dubulta josta, piegrieztne bez s\u0101nu v\u012bles.<\/p>","status":"publish","sku":"1001546","original":140385},"wpml":{"translation_type":1,"has_translations":true,"original":140385,"duplicates":[],"translations":{"lv":140555,"en":140385}},"brands":[{"id":1249,"name":"M50","slug":"m50-lv"}],"_links":{"self":[{"href":"https:\/\/m50.lv\/lv\/wp-json\/wp\/v2\/product\/140555","targetHints":{"allow":["GET"]}}],"collection":[{"href":"https:\/\/m50.lv\/lv\/wp-json\/wp\/v2\/product"}],"about":[{"href":"https:\/\/m50.lv\/lv\/wp-json\/wp\/v2\/types\/product"}],"version-history":[{"count":0,"href":"https:\/\/m50.lv\/lv\/wp-json\/wp\/v2\/product\/140555\/revisions"}],"wp:featuredmedia":[{"embeddable":true,"href":"https:\/\/m50.lv\/lv\/wp-json\/wp\/v2\/media\/140118"}],"wp:attachment":[{"href":"https:\/\/m50.lv\/lv\/wp-json\/wp\/v2\/media?parent=140555"}],"wp:term":[{"taxonomy":"pwb-brand","embeddable":true,"href":"https:\/\/m50.lv\/lv\/wp-json\/wp\/v2\/pwb-brand?post=140555"},{"taxonomy":"product_cat","embeddable":true,"href":"https:\/\/m50.lv\/lv\/wp-json\/wp\/v2\/product_cat?post=140555"},{"taxonomy":"product_tag","embeddable":true,"href":"https:\/\/m50.lv\/lv\/wp-json\/wp\/v2\/product_tag?post=140555"}],"curies":[{"name":"wp","href":"https:\/\/api.w.org\/{rel}","templated":true}]}}