{"id":141497,"date":"2022-11-29T18:48:10","date_gmt":"2022-11-29T16:48:10","guid":{"rendered":"https:\/\/m50.lv\/product\/krista-bitmete-unisex-dzemperis-just-dill-it-peleks\/"},"modified":"2022-11-29T19:48:10","modified_gmt":"2022-11-29T16:48:10","slug":"krista-bitmete-unisex-dzemperis-just-dill-it-peleks","status":"publish","type":"product","link":"https:\/\/m50.lv\/lv\/product\/krista-bitmete-unisex-dzemperis-just-dill-it-peleks\/","title":{"rendered":"Krista Bitmete Unisex D\u017eemperis \u201cJust Dill It\u201d | PEL\u0112KS"},"content":{"rendered":"<p style=\"text-align: left;\">100% kokvilna, druk\u0101ts sietspiedes tehnik\u0101<\/p>\n","protected":false},"excerpt":{"rendered":"<p style=\"text-align: center;\">Tiem, kam ir apnicis \u2013 \u201cvienk\u0101r\u0161i dar\u012bt\u201d.<\/p>\n","protected":false},"featured_media":141466,"template":"","meta":{"_jet_sm_ready_style":"","_jet_sm_style":"","_jet_sm_controls_values":"","_jet_sm_fonts_collection":"","_jet_sm_fonts_links":""},"pwb-brand":[1255],"product_cat":[201,199,105,103],"product_tag":[],"class_list":{"0":"post-141497","1":"product","2":"type-product","3":"status-publish","4":"has-post-thumbnail","6":"pwb-brand-krista-bitmete-lv","7":"product_cat-dzemperi-lv","8":"product_cat-dzemperi","9":"product_cat-sievietem","10":"product_cat-viriesiem","12":"first","13":"outofstock","14":"taxable","15":"shipping-taxable","16":"purchasable","17":"product-type-variable"},"raw_content":{"name":"Krista Bitmete Unisex D\u017eemperis \u201cJust Dill It\u201d | PEL\u0112KS","description":"<p style=\"text-align: left;\">100% kokvilna, druk\u0101ts sietspiedes tehnik\u0101<\/p>","short_description":"<p style=\"text-align: center;\">Tiem, kam ir apnicis \u2013 \u201cvienk\u0101r\u0161i dar\u012bt\u201d.<\/p>","status":"publish","sku":"KristaBitmete-sweatshirt-justdillit-grey","original":141448},"wpml":{"translation_type":1,"has_translations":true,"original":141448,"duplicates":[],"translations":{"lv":141497,"en":141448}},"brands":[{"id":1255,"name":"KRISTA BITMETE","slug":"krista-bitmete-lv"}],"_links":{"self":[{"href":"https:\/\/m50.lv\/lv\/wp-json\/wp\/v2\/product\/141497","targetHints":{"allow":["GET"]}}],"collection":[{"href":"https:\/\/m50.lv\/lv\/wp-json\/wp\/v2\/product"}],"about":[{"href":"https:\/\/m50.lv\/lv\/wp-json\/wp\/v2\/types\/product"}],"version-history":[{"count":0,"href":"https:\/\/m50.lv\/lv\/wp-json\/wp\/v2\/product\/141497\/revisions"}],"wp:featuredmedia":[{"embeddable":true,"href":"https:\/\/m50.lv\/lv\/wp-json\/wp\/v2\/media\/141466"}],"wp:attachment":[{"href":"https:\/\/m50.lv\/lv\/wp-json\/wp\/v2\/media?parent=141497"}],"wp:term":[{"taxonomy":"pwb-brand","embeddable":true,"href":"https:\/\/m50.lv\/lv\/wp-json\/wp\/v2\/pwb-brand?post=141497"},{"taxonomy":"product_cat","embeddable":true,"href":"https:\/\/m50.lv\/lv\/wp-json\/wp\/v2\/product_cat?post=141497"},{"taxonomy":"product_tag","embeddable":true,"href":"https:\/\/m50.lv\/lv\/wp-json\/wp\/v2\/product_tag?post=141497"}],"curies":[{"name":"wp","href":"https:\/\/api.w.org\/{rel}","templated":true}]}}