{"id":142255,"date":"2022-12-07T20:14:25","date_gmt":"2022-12-07T18:14:25","guid":{"rendered":"https:\/\/m50.lv\/product\/dizaina-kruze-milestiba\/"},"modified":"2022-12-07T21:14:25","modified_gmt":"2022-12-07T18:14:25","slug":"dizaina-kruze-milestiba","status":"publish","type":"product","link":"https:\/\/m50.lv\/lv\/product\/dizaina-kruze-milestiba\/","title":{"rendered":"DIZAINA KR\u016aZE &#8220;M\u012aLEST\u012aBA&#8221;"},"content":{"rendered":"<p style=\"text-align: left;\">Tilpums ir 330ml, izm\u0113rs \u2013 diametrs 82 mm, augstums 95 mm.<br \/>\nIr at\u013cauts to mazg\u0101t trauku mazg\u0101jam\u0101 ma\u0161\u012bn\u0101 vai ar rok\u0101m.<br \/>\nKr\u016bze ir iesai\u0146ota skaist\u0101 iepakojum\u0101.<\/p>\n","protected":false},"excerpt":{"rendered":"<p style=\"text-align: center;\">M\u012blest\u012bbai vienm\u0113r ir \u012bpa\u0161a vieta m\u016bsu sird\u012bs. Kur\u0161 ir tas cilv\u0113ks ar kuru kop\u0101 tu j\u016bties labi t\u0101ds, k\u0101ds esi? Tas ir tavs sirds cilv\u0113ks, t\u0101p\u0113c atg\u0101dini vi\u0146am, cik svar\u012bgs vi\u0146\u0161 tev ir. \u0160\u012b kr\u016bz\u012bte b\u016bs kop\u0101 ar vi\u0146u pat tajos r\u012btos, kad kafija b\u016bs j\u0101bauda vienatn\u0113. T\u0101 b\u016bs m\u012b\u013ca d\u0101vana valent\u012bndien\u0101 v\u012brietim, sievietei vai k\u0101d\u0101m citam \u012bpa\u0161\u0101 mirkl\u012b.<\/p>\n","protected":false},"featured_media":142119,"template":"","meta":{"_jet_sm_ready_style":"","_jet_sm_style":"","_jet_sm_controls_values":"","_jet_sm_fonts_collection":"","_jet_sm_fonts_links":""},"pwb-brand":[1266],"product_cat":[193,1004],"product_tag":[1579,1474],"class_list":{"0":"post-142255","1":"product","2":"type-product","3":"status-publish","4":"has-post-thumbnail","6":"pwb-brand-seik-lv","7":"product_cat-davanas","8":"product_cat-kruzes","9":"product_tag-davanas-mammai","10":"product_tag-gifts-under-20e","12":"first","13":"instock","14":"taxable","15":"shipping-taxable","16":"purchasable","17":"product-type-simple"},"raw_content":{"name":"DIZAINA KR\u016aZE \"M\u012aLEST\u012aBA\"","description":"<p style=\"text-align: left;\">Tilpums ir 330ml, izm\u0113rs \u2013 diametrs 82 mm, augstums 95 mm.<br \/>\r\nIr at\u013cauts to mazg\u0101t trauku mazg\u0101jam\u0101 ma\u0161\u012bn\u0101 vai ar rok\u0101m.<br \/>\r\nKr\u016bze ir iesai\u0146ota skaist\u0101 iepakojum\u0101.<\/p>\r\n","short_description":"<p style=\"text-align: center;\">M\u012blest\u012bbai vienm\u0113r ir \u012bpa\u0161a vieta m\u016bsu sird\u012bs. Kur\u0161 ir tas cilv\u0113ks ar kuru kop\u0101 tu j\u016bties labi t\u0101ds, k\u0101ds esi? Tas ir tavs sirds cilv\u0113ks, t\u0101p\u0113c atg\u0101dini vi\u0146am, cik svar\u012bgs vi\u0146\u0161 tev ir. \u0160\u012b kr\u016bz\u012bte b\u016bs kop\u0101 ar vi\u0146u pat tajos r\u012btos, kad kafija b\u016bs j\u0101bauda vienatn\u0113. T\u0101 b\u016bs m\u012b\u013ca d\u0101vana valent\u012bndien\u0101 v\u012brietim, sievietei vai k\u0101d\u0101m citam \u012bpa\u0161\u0101 mirkl\u012b.<\/p>","status":"publish","sku":"SEIK-4744716019289","original":142237},"wpml":{"translation_type":1,"has_translations":true,"original":142237,"duplicates":[],"translations":{"lv":142255,"en":142237}},"brands":[{"id":1266,"name":"SEIK","slug":"seik-lv"}],"_links":{"self":[{"href":"https:\/\/m50.lv\/lv\/wp-json\/wp\/v2\/product\/142255","targetHints":{"allow":["GET"]}}],"collection":[{"href":"https:\/\/m50.lv\/lv\/wp-json\/wp\/v2\/product"}],"about":[{"href":"https:\/\/m50.lv\/lv\/wp-json\/wp\/v2\/types\/product"}],"version-history":[{"count":0,"href":"https:\/\/m50.lv\/lv\/wp-json\/wp\/v2\/product\/142255\/revisions"}],"wp:featuredmedia":[{"embeddable":true,"href":"https:\/\/m50.lv\/lv\/wp-json\/wp\/v2\/media\/142119"}],"wp:attachment":[{"href":"https:\/\/m50.lv\/lv\/wp-json\/wp\/v2\/media?parent=142255"}],"wp:term":[{"taxonomy":"pwb-brand","embeddable":true,"href":"https:\/\/m50.lv\/lv\/wp-json\/wp\/v2\/pwb-brand?post=142255"},{"taxonomy":"product_cat","embeddable":true,"href":"https:\/\/m50.lv\/lv\/wp-json\/wp\/v2\/product_cat?post=142255"},{"taxonomy":"product_tag","embeddable":true,"href":"https:\/\/m50.lv\/lv\/wp-json\/wp\/v2\/product_tag?post=142255"}],"curies":[{"name":"wp","href":"https:\/\/api.w.org\/{rel}","templated":true}]}}