{"id":142256,"date":"2022-12-07T20:10:42","date_gmt":"2022-12-07T18:10:42","guid":{"rendered":"https:\/\/m50.lv\/product\/dizaina-kruze-get-shit-done\/"},"modified":"2025-11-26T12:17:39","modified_gmt":"2025-11-26T10:17:39","slug":"dizaina-kruze-get-shit-done","status":"publish","type":"product","link":"https:\/\/m50.lv\/lv\/product\/dizaina-kruze-get-shit-done\/","title":{"rendered":"DIZAINA KR\u016aZE | \u201cGET SHIT DONE\u201d"},"content":{"rendered":"<p style=\"text-align: left;\">Kr\u016bzes autore ir Paula Hel\u0113na Kukl\u0101ne, kas ir EKA grafisk\u0101 dizaina studente, un izstr\u0101d\u0101jusi kr\u016b\u017eu s\u0113riju ar interesantiem teicieniem un modernu dizainu.<\/p>\n<p style=\"text-align: left;\">Kr\u016bzes tilpums ir 330ml, izm\u0113rs \u2013 diametrs 82 mm, augstums 95 mm. Ir at\u013cauts to mazg\u0101t trauku mazg\u0101jam\u0101 ma\u0161\u012bn\u0101 vai ar rok\u0101m. Kr\u016bze ir iesai\u0146ota skaist\u0101 iepakojum\u0101.<\/p>\n<p style=\"text-align: left;\">Nav svar\u012bgi, vai dzer kafiju vai t\u0113ju \u2013 izbaudi mirkli sev!<br \/>\nSVARS 0.410 g<br \/>\nIZM\u0112RI 9 \u00d7 17 \u00d7 15 cm<\/p>\n","protected":false},"excerpt":{"rendered":"<p style=\"text-align: center;\">Pabeidz ies\u0101ktos darbus \u2013 tu zini \u0161o saj\u016btu, kad ir j\u0101sa\u0146em sevi rok\u0101s un vienk\u0101r\u0161i j\u0101izdara. Vienm\u0113r sev atg\u0101dini, ka j\u0101koncentr\u0113jas uz svar\u012bgiem uzdevumiem un j\u0101sasniedz m\u0113r\u0137i. Dzerot kafiju vai t\u0113ju no \u0161\u012bs kr\u016bzes, par saviem m\u0113r\u0137iem nekad nesp\u0113si aizmirst.<\/p>\n","protected":false},"featured_media":142115,"template":"","meta":{"_jet_sm_ready_style":"","_jet_sm_style":"","_jet_sm_controls_values":"","_jet_sm_fonts_collection":"","_jet_sm_fonts_links":""},"pwb-brand":[1266],"product_cat":[193,1004],"product_tag":[1474],"class_list":{"0":"post-142256","1":"product","2":"type-product","3":"status-publish","4":"has-post-thumbnail","6":"pwb-brand-seik-lv","7":"product_cat-davanas","8":"product_cat-kruzes","9":"product_tag-gifts-under-20e","11":"first","12":"instock","13":"taxable","14":"shipping-taxable","15":"purchasable","16":"product-type-simple"},"raw_content":{"name":"DIZAINA KR\u016aZE | \u201cGET SHIT DONE\u201d","description":"<p style=\"text-align: left;\">Kr\u016bzes autore ir Paula Hel\u0113na Kukl\u0101ne, kas ir EKA grafisk\u0101 dizaina studente, un izstr\u0101d\u0101jusi kr\u016b\u017eu s\u0113riju ar interesantiem teicieniem un modernu dizainu.<\/p>\r\n<p style=\"text-align: left;\">Kr\u016bzes tilpums ir 330ml, izm\u0113rs \u2013 diametrs 82 mm, augstums 95 mm. Ir at\u013cauts to mazg\u0101t trauku mazg\u0101jam\u0101 ma\u0161\u012bn\u0101 vai ar rok\u0101m. Kr\u016bze ir iesai\u0146ota skaist\u0101 iepakojum\u0101.<\/p>\r\n<p style=\"text-align: left;\">Nav svar\u012bgi, vai dzer kafiju vai t\u0113ju \u2013 izbaudi mirkli sev!<br \/>\r\nSVARS 0.410 g<br \/>\r\nIZM\u0112RI 9 \u00d7 17 \u00d7 15 cm<\/p>\r\n","short_description":"<p style=\"text-align: center;\">Pabeidz ies\u0101ktos darbus \u2013 tu zini \u0161o saj\u016btu, kad ir j\u0101sa\u0146em sevi rok\u0101s un vienk\u0101r\u0161i j\u0101izdara. Vienm\u0113r sev atg\u0101dini, ka j\u0101koncentr\u0113jas uz svar\u012bgiem uzdevumiem un j\u0101sasniedz m\u0113r\u0137i. Dzerot kafiju vai t\u0113ju no \u0161\u012bs kr\u016bzes, par saviem m\u0113r\u0137iem nekad nesp\u0113si aizmirst.<\/p>","status":"publish","sku":"SEIK-4744716018190","original":142238},"wpml":{"translation_type":1,"has_translations":true,"original":142238,"duplicates":[],"translations":{"lv":142256,"en":142238}},"brands":[{"id":1266,"name":"SEIK","slug":"seik-lv"}],"_links":{"self":[{"href":"https:\/\/m50.lv\/lv\/wp-json\/wp\/v2\/product\/142256","targetHints":{"allow":["GET"]}}],"collection":[{"href":"https:\/\/m50.lv\/lv\/wp-json\/wp\/v2\/product"}],"about":[{"href":"https:\/\/m50.lv\/lv\/wp-json\/wp\/v2\/types\/product"}],"version-history":[{"count":0,"href":"https:\/\/m50.lv\/lv\/wp-json\/wp\/v2\/product\/142256\/revisions"}],"wp:featuredmedia":[{"embeddable":true,"href":"https:\/\/m50.lv\/lv\/wp-json\/wp\/v2\/media\/142115"}],"wp:attachment":[{"href":"https:\/\/m50.lv\/lv\/wp-json\/wp\/v2\/media?parent=142256"}],"wp:term":[{"taxonomy":"pwb-brand","embeddable":true,"href":"https:\/\/m50.lv\/lv\/wp-json\/wp\/v2\/pwb-brand?post=142256"},{"taxonomy":"product_cat","embeddable":true,"href":"https:\/\/m50.lv\/lv\/wp-json\/wp\/v2\/product_cat?post=142256"},{"taxonomy":"product_tag","embeddable":true,"href":"https:\/\/m50.lv\/lv\/wp-json\/wp\/v2\/product_tag?post=142256"}],"curies":[{"name":"wp","href":"https:\/\/api.w.org\/{rel}","templated":true}]}}