{"id":142258,"date":"2022-12-07T20:14:25","date_gmt":"2022-12-07T18:14:25","guid":{"rendered":"https:\/\/m50.lv\/product\/dizaina-kruze-santa-klauss\/"},"modified":"2022-12-07T21:14:25","modified_gmt":"2022-12-07T18:14:25","slug":"dizaina-kruze-santa-klauss","status":"publish","type":"product","link":"https:\/\/m50.lv\/lv\/product\/dizaina-kruze-santa-klauss\/","title":{"rendered":"DIZAINA KR\u016aZE &#8220;SANTA KLAUSS&#8221;"},"content":{"rendered":"<p style=\"text-align: left;\">Tilpums ir 330ml, izm\u0113rs \u2013 diametrs 82 mm, augstums 95 mm.<br \/>\nIr at\u013cauts to mazg\u0101t trauku mazg\u0101jam\u0101 ma\u0161\u012bn\u0101 vai ar rok\u0101m.<br \/>\nKr\u016bze ir iesai\u0146ota skaist\u0101 iepakojum\u0101.<\/p>\n","protected":false},"excerpt":{"rendered":"<p style=\"text-align: center;\">Sirsn\u012bga un m\u012b\u013ca kr\u016bz\u012bte ar \u201cSanta Klauss\u201d uzrakstu.<\/p>\n","protected":false},"featured_media":142125,"template":"","meta":{"_jet_sm_ready_style":"","_jet_sm_style":"","_jet_sm_controls_values":"","_jet_sm_fonts_collection":"","_jet_sm_fonts_links":""},"pwb-brand":[1266],"product_cat":[193,1004],"product_tag":[1474],"class_list":{"0":"post-142258","1":"product","2":"type-product","3":"status-publish","4":"has-post-thumbnail","6":"pwb-brand-seik-lv","7":"product_cat-davanas","8":"product_cat-kruzes","9":"product_tag-gifts-under-20e","11":"first","12":"outofstock","13":"taxable","14":"shipping-taxable","15":"purchasable","16":"product-type-simple"},"raw_content":{"name":"DIZAINA KR\u016aZE \"SANTA KLAUSS\"","description":"<p style=\"text-align: left;\">Tilpums ir 330ml, izm\u0113rs \u2013 diametrs 82 mm, augstums 95 mm.<br \/>\r\nIr at\u013cauts to mazg\u0101t trauku mazg\u0101jam\u0101 ma\u0161\u012bn\u0101 vai ar rok\u0101m.<br \/>\r\nKr\u016bze ir iesai\u0146ota skaist\u0101 iepakojum\u0101.<\/p>\r\n","short_description":"<p style=\"text-align: center;\">Sirsn\u012bga un m\u012b\u013ca kr\u016bz\u012bte ar \u201cSanta Klauss\u201d uzrakstu.<\/p>","status":"publish","sku":"SEIK-4744716012044","original":142236},"wpml":{"translation_type":1,"has_translations":true,"original":142236,"duplicates":[],"translations":{"lv":142258,"en":142236}},"brands":[{"id":1266,"name":"SEIK","slug":"seik-lv"}],"_links":{"self":[{"href":"https:\/\/m50.lv\/lv\/wp-json\/wp\/v2\/product\/142258","targetHints":{"allow":["GET"]}}],"collection":[{"href":"https:\/\/m50.lv\/lv\/wp-json\/wp\/v2\/product"}],"about":[{"href":"https:\/\/m50.lv\/lv\/wp-json\/wp\/v2\/types\/product"}],"version-history":[{"count":0,"href":"https:\/\/m50.lv\/lv\/wp-json\/wp\/v2\/product\/142258\/revisions"}],"wp:featuredmedia":[{"embeddable":true,"href":"https:\/\/m50.lv\/lv\/wp-json\/wp\/v2\/media\/142125"}],"wp:attachment":[{"href":"https:\/\/m50.lv\/lv\/wp-json\/wp\/v2\/media?parent=142258"}],"wp:term":[{"taxonomy":"pwb-brand","embeddable":true,"href":"https:\/\/m50.lv\/lv\/wp-json\/wp\/v2\/pwb-brand?post=142258"},{"taxonomy":"product_cat","embeddable":true,"href":"https:\/\/m50.lv\/lv\/wp-json\/wp\/v2\/product_cat?post=142258"},{"taxonomy":"product_tag","embeddable":true,"href":"https:\/\/m50.lv\/lv\/wp-json\/wp\/v2\/product_tag?post=142258"}],"curies":[{"name":"wp","href":"https:\/\/api.w.org\/{rel}","templated":true}]}}