{"id":142527,"date":"2022-12-10T19:11:47","date_gmt":"2022-12-10T16:11:47","guid":{"rendered":"https:\/\/m50.lv\/product\/24bottles-termokruze-travel-tumbler-little-buds-600ml\/"},"modified":"2022-12-10T19:11:47","modified_gmt":"2022-12-10T16:11:47","slug":"24bottles-termokruze-travel-tumbler-little-buds-600ml","status":"publish","type":"product","link":"https:\/\/m50.lv\/lv\/product\/24bottles-termokruze-travel-tumbler-little-buds-600ml\/","title":{"rendered":"24Bottles Termokr\u016bze Travel Tumbler Little Buds 600ml"},"content":{"rendered":"<p style=\"text-align: left;\">\u201cPadzeries un dodies\u201d tipa aizspie\u017eamais v\u0101ci\u0146\u0161 ir r\u016bp\u012bgi izstr\u0101d\u0101ts, lai nodro\u0161in\u0101tu \u0113rtu un dro\u0161u kr\u016bzes p\u0101rn\u0113s\u0101\u0161anu, dz\u0113rienam neizl\u012bstot.<\/p>\n<p style=\"text-align: left;\">\u2022 18\/8 p\u0101rtikas klases ner\u016bs\u0113jo\u0161ais t\u0113rauds<br \/>\n\u2022 \u0160\u0137idrumu necaurlaid\u012bgs \u201cpadzeries un dodies\u201d tipa v\u0101ci\u0146\u0161<br \/>\n\u2022 Uztur dz\u0113rienu karstu l\u012bdz 3 &#8211; 6 stund\u0101m un aukstu \u2013 l\u012bdz 24 stund\u0101m<br \/>\n\u2022 Nesatur BPA, ftal\u0101rus, toks\u012bnus<br \/>\n\u2022 Piem\u0113rots salmi\u0146am, aizspie\u017eams kor\u0137\u012btis<br \/>\n\u2022 Nesatur un neizdala arom\u0101tu<br \/>\n\u2022 Nenosv\u012bst, neveido kondens\u0101tu<br \/>\n\u2022 Plats atv\u0113rums ledus iepild\u012b\u0161anai un vienk\u0101r\u0161ai t\u012br\u012b\u0161anai<br \/>\n\u2022 Atbilst lidostu dro\u0161\u012bbas nosac\u012bjumiem<br \/>\n\u2022 Trauku mazg\u0101jamaj\u0101 ma\u0161\u012bn\u0101 mazg\u0101jams \u201cpadzeries un dodies\u201d tipa v\u0101ci\u0146\u0161<\/p>\n","protected":false},"excerpt":{"rendered":"<p style=\"text-align: center;\">Travel Tumbler Termokr\u016bze k\u013c\u016bs par j\u016bsu iecien\u012bt\u0101ko sabiedroto ikdienas steig\u0101. Kr\u016bzes dubult\u0101 sieni\u0146a un vakuuma izol\u0101cija saglab\u0101s j\u016bsu kafiju karstu 3 \u2013 6 stundas, bet aukstu \u2013 24 stundas.<\/p>\n","protected":false},"featured_media":142504,"template":"","meta":{"_jet_sm_ready_style":"","_jet_sm_style":"","_jet_sm_controls_values":"","_jet_sm_fonts_collection":"","_jet_sm_fonts_links":""},"pwb-brand":[1251],"product_cat":[202,709],"product_tag":[],"class_list":{"0":"post-142527","1":"product","2":"type-product","3":"status-publish","4":"has-post-thumbnail","6":"pwb-brand-24bottles-lv","7":"product_cat-24bottles-lv","8":"product_cat-travel-tumbler-lv","10":"first","11":"outofstock","12":"taxable","13":"shipping-taxable","14":"purchasable","15":"product-type-simple"},"raw_content":{"name":"24Bottles Termokr\u016bze Travel Tumbler Little Buds 600ml","description":"<p style=\"text-align: left;\">\u201cPadzeries un dodies\u201d tipa aizspie\u017eamais v\u0101ci\u0146\u0161 ir r\u016bp\u012bgi izstr\u0101d\u0101ts, lai nodro\u0161in\u0101tu \u0113rtu un dro\u0161u kr\u016bzes p\u0101rn\u0113s\u0101\u0161anu, dz\u0113rienam neizl\u012bstot.<\/p>\r\n<p style=\"text-align: left;\">\u2022 18\/8 p\u0101rtikas klases ner\u016bs\u0113jo\u0161ais t\u0113rauds\r\n\u2022 \u0160\u0137idrumu necaurlaid\u012bgs \u201cpadzeries un dodies\u201d tipa v\u0101ci\u0146\u0161\r\n\u2022 Uztur dz\u0113rienu karstu l\u012bdz 3 - 6 stund\u0101m un aukstu \u2013 l\u012bdz 24 stund\u0101m\r\n\u2022 Nesatur BPA, ftal\u0101rus, toks\u012bnus\r\n\u2022 Piem\u0113rots salmi\u0146am, aizspie\u017eams kor\u0137\u012btis\r\n\u2022 Nesatur un neizdala arom\u0101tu\r\n\u2022 Nenosv\u012bst, neveido kondens\u0101tu\r\n\u2022 Plats atv\u0113rums ledus iepild\u012b\u0161anai un vienk\u0101r\u0161ai t\u012br\u012b\u0161anai\r\n\u2022 Atbilst lidostu dro\u0161\u012bbas nosac\u012bjumiem\r\n\u2022 Trauku mazg\u0101jamaj\u0101 ma\u0161\u012bn\u0101 mazg\u0101jams \u201cpadzeries un dodies\u201d tipa v\u0101ci\u0146\u0161<\/p>","short_description":"<p style=\"text-align: center;\">Travel Tumbler Termokr\u016bze k\u013c\u016bs par j\u016bsu iecien\u012bt\u0101ko sabiedroto ikdienas steig\u0101. Kr\u016bzes dubult\u0101 sieni\u0146a un vakuuma izol\u0101cija saglab\u0101s j\u016bsu kafiju karstu 3 \u2013 6 stundas, bet aukstu \u2013 24 stundas.<\/p>","status":"publish","sku":"tumbler-600-littlebu","original":142513},"wpml":{"translation_type":1,"has_translations":true,"original":142513,"duplicates":[],"translations":{"lv":142527,"en":142513}},"brands":[{"id":1251,"name":"24Bottles","slug":"24bottles-lv"}],"_links":{"self":[{"href":"https:\/\/m50.lv\/lv\/wp-json\/wp\/v2\/product\/142527","targetHints":{"allow":["GET"]}}],"collection":[{"href":"https:\/\/m50.lv\/lv\/wp-json\/wp\/v2\/product"}],"about":[{"href":"https:\/\/m50.lv\/lv\/wp-json\/wp\/v2\/types\/product"}],"version-history":[{"count":0,"href":"https:\/\/m50.lv\/lv\/wp-json\/wp\/v2\/product\/142527\/revisions"}],"wp:featuredmedia":[{"embeddable":true,"href":"https:\/\/m50.lv\/lv\/wp-json\/wp\/v2\/media\/142504"}],"wp:attachment":[{"href":"https:\/\/m50.lv\/lv\/wp-json\/wp\/v2\/media?parent=142527"}],"wp:term":[{"taxonomy":"pwb-brand","embeddable":true,"href":"https:\/\/m50.lv\/lv\/wp-json\/wp\/v2\/pwb-brand?post=142527"},{"taxonomy":"product_cat","embeddable":true,"href":"https:\/\/m50.lv\/lv\/wp-json\/wp\/v2\/product_cat?post=142527"},{"taxonomy":"product_tag","embeddable":true,"href":"https:\/\/m50.lv\/lv\/wp-json\/wp\/v2\/product_tag?post=142527"}],"curies":[{"name":"wp","href":"https:\/\/api.w.org\/{rel}","templated":true}]}}