{"id":142538,"date":"2022-12-10T19:01:51","date_gmt":"2022-12-10T17:01:51","guid":{"rendered":"https:\/\/m50.lv\/product\/24bottles-urban-udenspudele-500ml-sky-jasmine\/"},"modified":"2022-12-10T20:01:51","modified_gmt":"2022-12-10T17:01:51","slug":"24bottles-urban-udenspudele-500ml-sky-jasmine","status":"publish","type":"product","link":"https:\/\/m50.lv\/lv\/product\/24bottles-urban-udenspudele-500ml-sky-jasmine\/","title":{"rendered":"24Bottles Urban \u016adenspudele 500ml Sky Jasmine"},"content":{"rendered":"<p style=\"text-align: left;\">Varat pievienot papildu funkcijas, ko nodro\u0161ina paroc\u012bgie kor\u0137i un piederumi.<\/p>\n<p style=\"text-align: left;\">Sver tikai 117 g<br \/>\nDiametrs \u00f8 6,5 cm &#8211; Atvere \u00f8 3,3 cm &#8211; Augstums 21 cm<br \/>\nIzgatavota no 18\/8 p\u0101rtikas klases ner\u016bso\u0161\u0101 t\u0113rauda.<br \/>\nNesatur bisfenolu A, ftal\u0101tus un toks\u012bnus.<br \/>\nHerm\u0113tiska silikona aizdare.<br \/>\nAtverama ar vienu kust\u012bbu.<\/p>\n","protected":false},"excerpt":{"rendered":"<p style=\"text-align: center;\">Urban Bottle ir m\u016bsu ikonisk\u0101, neizol\u0113t\u0101 un atk\u0101rtojami izmantojam\u0101 \u016bdens pudele. T\u0101 ir p\u0101rsteidzo\u0161i viegla un kompakta. Pudele ir paredz\u0113ta, lai J\u016bs var\u0113tu nodro\u0161in\u0101t sev \u0161\u0137idrumu katru dienu.<\/p>\n","protected":false},"featured_media":142500,"template":"","meta":{"_jet_sm_ready_style":"","_jet_sm_style":"","_jet_sm_controls_values":"","_jet_sm_fonts_collection":"","_jet_sm_fonts_links":""},"pwb-brand":[1251],"product_cat":[202,710],"product_tag":[1396],"class_list":{"0":"post-142538","1":"product","2":"type-product","3":"status-publish","4":"has-post-thumbnail","6":"pwb-brand-24bottles-lv","7":"product_cat-24bottles-lv","8":"product_cat-urban","9":"product_tag-zem20-lv","11":"first","12":"outofstock","13":"taxable","14":"shipping-taxable","15":"purchasable","16":"product-type-simple"},"raw_content":{"name":"24Bottles Urban \u016adenspudele 500ml Sky Jasmine","description":"<p style=\"text-align: left;\">Varat pievienot papildu funkcijas, ko nodro\u0161ina paroc\u012bgie kor\u0137i un piederumi.<\/p>\r\n<p style=\"text-align: left;\">Sver tikai 117 g\r\nDiametrs \u00f8 6,5 cm - Atvere \u00f8 3,3 cm - Augstums 21 cm\r\nIzgatavota no 18\/8 p\u0101rtikas klases ner\u016bso\u0161\u0101 t\u0113rauda.\r\nNesatur bisfenolu A, ftal\u0101tus un toks\u012bnus.\r\nHerm\u0113tiska silikona aizdare.\r\nAtverama ar vienu kust\u012bbu.<\/p>","short_description":"<p style=\"text-align: center;\">Urban Bottle ir m\u016bsu ikonisk\u0101, neizol\u0113t\u0101 un atk\u0101rtojami izmantojam\u0101 \u016bdens pudele. T\u0101 ir p\u0101rsteidzo\u0161i viegla un kompakta. Pudele ir paredz\u0113ta, lai J\u016bs var\u0113tu nodro\u0161in\u0101t sev \u0161\u0137idrumu katru dienu.<\/p>","status":"publish","sku":"urban-500-skyjasmine","original":142525},"wpml":{"translation_type":1,"has_translations":true,"original":142525,"duplicates":[],"translations":{"lv":142538,"en":142525}},"brands":[{"id":1251,"name":"24Bottles","slug":"24bottles-lv"}],"_links":{"self":[{"href":"https:\/\/m50.lv\/lv\/wp-json\/wp\/v2\/product\/142538","targetHints":{"allow":["GET"]}}],"collection":[{"href":"https:\/\/m50.lv\/lv\/wp-json\/wp\/v2\/product"}],"about":[{"href":"https:\/\/m50.lv\/lv\/wp-json\/wp\/v2\/types\/product"}],"version-history":[{"count":0,"href":"https:\/\/m50.lv\/lv\/wp-json\/wp\/v2\/product\/142538\/revisions"}],"wp:featuredmedia":[{"embeddable":true,"href":"https:\/\/m50.lv\/lv\/wp-json\/wp\/v2\/media\/142500"}],"wp:attachment":[{"href":"https:\/\/m50.lv\/lv\/wp-json\/wp\/v2\/media?parent=142538"}],"wp:term":[{"taxonomy":"pwb-brand","embeddable":true,"href":"https:\/\/m50.lv\/lv\/wp-json\/wp\/v2\/pwb-brand?post=142538"},{"taxonomy":"product_cat","embeddable":true,"href":"https:\/\/m50.lv\/lv\/wp-json\/wp\/v2\/product_cat?post=142538"},{"taxonomy":"product_tag","embeddable":true,"href":"https:\/\/m50.lv\/lv\/wp-json\/wp\/v2\/product_tag?post=142538"}],"curies":[{"name":"wp","href":"https:\/\/api.w.org\/{rel}","templated":true}]}}