{"id":143063,"date":"2022-12-17T19:48:20","date_gmt":"2022-12-17T17:48:20","guid":{"rendered":"https:\/\/m50.lv\/product\/vaira-viksne-unisex-t-krekls-raf-busins\/"},"modified":"2026-02-23T14:43:33","modified_gmt":"2026-02-23T12:43:33","slug":"vaira-viksne-unisex-t-krekls-raf-busins","status":"publish","type":"product","link":"https:\/\/m50.lv\/lv\/product\/vaira-viksne-unisex-t-krekls-raf-busins\/","title":{"rendered":"Vaira V\u012bksne Unisex T-krekls RAF BUSI\u0145\u0160"},"content":{"rendered":"<p>\u0160is Vaira V\u012bksne t-krekls ir ra\u017eots no augstas kvalit\u0101tes, \u013coti m\u012bkstas un \u0113rtas, 100% organiskas PETA sertific\u0113tas kokvilnas.<br \/>\nTo uzvelkot, J\u016bs p\u0101r\u0146ems viegla un pat\u012bkama saj\u016bta.<\/p>\n","protected":false},"excerpt":{"rendered":"<p style=\"text-align: center;\">Tu paskat tik. Kas tad tas? Tas ir m\u016bsu pa\u0161u lolotais un ra\u017eotais hipiju busi\u0146\u0161 RAF-977. \u0160is dudzveid\u012bgi pielietotais mikroautobuss tika ra\u017eots R\u012bgas autobusu fabrik\u0101 no 1958. l\u012bdz 1978. gadam no GAZ-21 agreg\u0101tiem. Pirmais no tiem tika nosaukts v\u0101rd\u0101 \u201dfestiv\u0101ls\u201d par godu Maskav\u0101 notieko\u0161ajam jaunie\u0161u un studentu festiv\u0101lam, ta\u010du jau v\u0113l\u0101kie mode\u013ci tika izmantoti k\u0101 taksometri, medic\u012bnas automob\u012b\u013ci un p\u0101rvietojam\u0101s laboratorijas. \u0160is ir \u012bsts vasaras un viegluma simbols. PEACE.<\/p>\n","protected":false},"featured_media":143033,"template":"","meta":{"_jet_sm_ready_style":"","_jet_sm_style":"","_jet_sm_controls_values":"","_jet_sm_fonts_collection":"","_jet_sm_fonts_links":""},"pwb-brand":[1261],"product_cat":[102,105,107,104,103],"product_tag":[1368],"class_list":{"0":"post-143063","1":"product","2":"type-product","3":"status-publish","4":"has-post-thumbnail","6":"pwb-brand-vaira-viksne-lv","7":"product_cat-apgerbs","8":"product_cat-sievietem","9":"product_cat-t-krekli-sievietem","10":"product_cat-t-krekli","11":"product_cat-viriesiem","12":"product_tag-tevu-diena","14":"first","15":"instock","16":"taxable","17":"shipping-taxable","18":"purchasable","19":"product-type-variable"},"raw_content":{"name":"Vaira V\u012bksne Unisex T-krekls RAF BUSI\u0145\u0160","description":"\u0160is Vaira V\u012bksne t-krekls ir ra\u017eots no augstas kvalit\u0101tes, \u013coti m\u012bkstas un \u0113rtas, 100% organiskas PETA sertific\u0113tas kokvilnas.\r\nTo uzvelkot, J\u016bs p\u0101r\u0146ems viegla un pat\u012bkama saj\u016bta.","short_description":"<p style=\"text-align: center;\">Tu paskat tik. Kas tad tas? Tas ir m\u016bsu pa\u0161u lolotais un ra\u017eotais hipiju busi\u0146\u0161 RAF-977. \u0160is dudzveid\u012bgi pielietotais mikroautobuss tika ra\u017eots R\u012bgas autobusu fabrik\u0101 no 1958. l\u012bdz 1978. gadam no GAZ-21 agreg\u0101tiem. Pirmais no tiem tika nosaukts v\u0101rd\u0101 \u201dfestiv\u0101ls\u201d par godu Maskav\u0101 notieko\u0161ajam jaunie\u0161u un studentu festiv\u0101lam, ta\u010du jau v\u0113l\u0101kie mode\u013ci tika izmantoti k\u0101 taksometri, medic\u012bnas automob\u012b\u013ci un p\u0101rvietojam\u0101s laboratorijas. \u0160is ir \u012bsts vasaras un viegluma simbols. PEACE.<\/p>","status":"publish","sku":"ViaraViksne-Raf-TShirt","original":143027},"wpml":{"translation_type":1,"has_translations":true,"original":143027,"duplicates":[],"translations":{"lv":143063,"en":143027}},"brands":[{"id":1261,"name":"Vaira V\u012bksne","slug":"vaira-viksne-lv"}],"_links":{"self":[{"href":"https:\/\/m50.lv\/lv\/wp-json\/wp\/v2\/product\/143063","targetHints":{"allow":["GET"]}}],"collection":[{"href":"https:\/\/m50.lv\/lv\/wp-json\/wp\/v2\/product"}],"about":[{"href":"https:\/\/m50.lv\/lv\/wp-json\/wp\/v2\/types\/product"}],"version-history":[{"count":0,"href":"https:\/\/m50.lv\/lv\/wp-json\/wp\/v2\/product\/143063\/revisions"}],"wp:featuredmedia":[{"embeddable":true,"href":"https:\/\/m50.lv\/lv\/wp-json\/wp\/v2\/media\/143033"}],"wp:attachment":[{"href":"https:\/\/m50.lv\/lv\/wp-json\/wp\/v2\/media?parent=143063"}],"wp:term":[{"taxonomy":"pwb-brand","embeddable":true,"href":"https:\/\/m50.lv\/lv\/wp-json\/wp\/v2\/pwb-brand?post=143063"},{"taxonomy":"product_cat","embeddable":true,"href":"https:\/\/m50.lv\/lv\/wp-json\/wp\/v2\/product_cat?post=143063"},{"taxonomy":"product_tag","embeddable":true,"href":"https:\/\/m50.lv\/lv\/wp-json\/wp\/v2\/product_tag?post=143063"}],"curies":[{"name":"wp","href":"https:\/\/api.w.org\/{rel}","templated":true}]}}