{"id":148149,"date":"2023-01-25T19:35:38","date_gmt":"2023-01-25T17:35:38","guid":{"rendered":"https:\/\/m50.lv\/product\/rains-lietusmetelis-ar-pagarinatu-aizmuguri-tumsi-zils\/"},"modified":"2025-07-10T07:20:48","modified_gmt":"2025-07-10T05:20:48","slug":"rains-fishtail-parka-navy","status":"publish","type":"product","link":"https:\/\/m50.lv\/lv\/product\/rains-fishtail-parka-navy\/","title":{"rendered":"RAINS Lietusm\u0113telis ar pagarin\u0101tu aizmuguri | Tum\u0161i zils"},"content":{"rendered":"<p style=\"text-align: left;\">Sast\u0101vs: 64% poliesteris, 36% poliuret\u0101ns<br \/>\nAuduma kolonnas spiediens: 4000 mm<br \/>\nV\u0113din\u0101\u0161ana zem v\u0113tras aizsega<br \/>\nElast\u012bgas piedurknes<br \/>\nKrokas elko\u0146os, lai nodro\u0161in\u0101tu \u0113rt\u0101ku kust\u012bbu<br \/>\nR\u0101v\u0113jsl\u0113dz\u0113ja aizdare<br \/>\nPriek\u0161\u0113j\u0101 aizdare ar aizspie\u017eam\u0101m pog\u0101m<br \/>\nDivej\u0101da pielietojuma kabatas<br \/>\nAizsienama aizmugure<br \/>\nPapla\u0161in\u0101ta aizmugure<br \/>\nAizsienama kapuce ar iestr\u0101d\u0101tu nagu<br \/>\nAr ultraska\u0146u metin\u0101tas \u0161uves<\/p>\n","protected":false},"excerpt":{"rendered":"<p style=\"text-align: center;\">\u201cUnisex\u201d tipa lietusm\u0113telis, kas darin\u0101ts no Rains z\u012bmola \u016bdensdro\u0161\u0101 auduma. Lietusm\u0113telis ir apr\u012bkots ar savelkamu kapuci ar nagu, kabat\u0101m un elast\u012bg\u0101m piedurkn\u0113m. M\u0113telim ir r\u0101v\u0113jsl\u0113dz\u0113ja aizdare, kuru p\u0101rkl\u0101j priek\u0161\u0113j\u0101 aizdare ar spiedpog\u0101m.   <\/p>\n","protected":false},"featured_media":148099,"template":"","meta":{"_jet_sm_ready_style":"","_jet_sm_style":"","_jet_sm_controls_values":"","_jet_sm_fonts_collection":"","_jet_sm_fonts_links":""},"pwb-brand":[1252],"product_cat":[853,854,105,103],"product_tag":[1474],"class_list":{"0":"post-148149","1":"product","2":"type-product","3":"status-publish","4":"has-post-thumbnail","6":"pwb-brand-rains-lv","7":"product_cat-lietusmeteli","8":"product_cat-lietusmeteli-lv","9":"product_cat-sievietem","10":"product_cat-viriesiem","11":"product_tag-gifts-under-20e","13":"first","14":"outofstock","15":"sale","16":"taxable","17":"shipping-taxable","18":"purchasable","19":"product-type-variable"},"raw_content":{"name":"RAINS Lietusm\u0113telis ar pagarin\u0101tu aizmuguri | Tum\u0161i zils","description":"<p style=\"text-align: left;\">Sast\u0101vs: 64% poliesteris, 36% poliuret\u0101ns\r\nAuduma kolonnas spiediens: 4000 mm\r\nV\u0113din\u0101\u0161ana zem v\u0113tras aizsega\r\nElast\u012bgas piedurknes\r\nKrokas elko\u0146os, lai nodro\u0161in\u0101tu \u0113rt\u0101ku kust\u012bbu\r\nR\u0101v\u0113jsl\u0113dz\u0113ja aizdare\r\nPriek\u0161\u0113j\u0101 aizdare ar aizspie\u017eam\u0101m pog\u0101m\r\nDivej\u0101da pielietojuma kabatas\r\nAizsienama aizmugure\r\nPapla\u0161in\u0101ta aizmugure\r\nAizsienama kapuce ar iestr\u0101d\u0101tu nagu\r\nAr ultraska\u0146u metin\u0101tas \u0161uves<\/p>","short_description":"<p style=\"text-align: center;\">\u201cUnisex\u201d tipa lietusm\u0113telis, kas darin\u0101ts no Rains z\u012bmola \u016bdensdro\u0161\u0101 auduma. Lietusm\u0113telis ir apr\u012bkots ar savelkamu kapuci ar nagu, kabat\u0101m un elast\u012bg\u0101m piedurkn\u0113m. M\u0113telim ir r\u0101v\u0113jsl\u0113dz\u0113ja aizdare, kuru p\u0101rkl\u0101j priek\u0161\u0113j\u0101 aizdare ar spiedpog\u0101m.   <\/p>","status":"publish","sku":"Rains-fishtail-parka-navy","original":148076},"wpml":{"translation_type":1,"has_translations":true,"original":148076,"duplicates":[],"translations":{"lv":148149,"en":148076}},"brands":[{"id":1252,"name":"Rains","slug":"rains-lv"}],"_links":{"self":[{"href":"https:\/\/m50.lv\/lv\/wp-json\/wp\/v2\/product\/148149","targetHints":{"allow":["GET"]}}],"collection":[{"href":"https:\/\/m50.lv\/lv\/wp-json\/wp\/v2\/product"}],"about":[{"href":"https:\/\/m50.lv\/lv\/wp-json\/wp\/v2\/types\/product"}],"version-history":[{"count":0,"href":"https:\/\/m50.lv\/lv\/wp-json\/wp\/v2\/product\/148149\/revisions"}],"wp:featuredmedia":[{"embeddable":true,"href":"https:\/\/m50.lv\/lv\/wp-json\/wp\/v2\/media\/148099"}],"wp:attachment":[{"href":"https:\/\/m50.lv\/lv\/wp-json\/wp\/v2\/media?parent=148149"}],"wp:term":[{"taxonomy":"pwb-brand","embeddable":true,"href":"https:\/\/m50.lv\/lv\/wp-json\/wp\/v2\/pwb-brand?post=148149"},{"taxonomy":"product_cat","embeddable":true,"href":"https:\/\/m50.lv\/lv\/wp-json\/wp\/v2\/product_cat?post=148149"},{"taxonomy":"product_tag","embeddable":true,"href":"https:\/\/m50.lv\/lv\/wp-json\/wp\/v2\/product_tag?post=148149"}],"curies":[{"name":"wp","href":"https:\/\/api.w.org\/{rel}","templated":true}]}}