{"id":148310,"date":"2023-01-26T10:44:34","date_gmt":"2023-01-26T08:44:34","guid":{"rendered":"https:\/\/m50.lv\/product\/seik-zekes-gym-i-heard-gin\/"},"modified":"2025-12-16T11:38:43","modified_gmt":"2025-12-16T09:38:43","slug":"seik-zekes-gym-i-heard-gin","status":"publish","type":"product","link":"https:\/\/m50.lv\/lv\/product\/seik-zekes-gym-i-heard-gin\/","title":{"rendered":"SEIK Ze\u0137es GYM? I HEARD GIN!"},"content":{"rendered":"<p style=\"text-align: left;\">Sast\u0101vs: kokvilna 80%, poliam\u012bds 17%, elast\u0101ns 3%.<\/p>\n","protected":false},"excerpt":{"rendered":"<p style=\"text-align: center;\">P\u0113c smagas nodarb\u012bbas sporta z\u0101l\u0113 da\u017ek\u0101rt nepiecie\u0161ams tikai atspirdzino\u0161s ledusauksts d\u017eins. Vai ar\u012b reiz\u0113m j\u016bs vienk\u0101r\u0161i izlai\u017eat trena\u017eieru z\u0101li un \u0137eraties tie\u0161i pie d\u017eina. Lai gan jums var\u0113tu patikt svaru cel\u0161ana, m\u0113s visi esam vienispr\u0101tis, ka, baudot gl\u0101zi d\u017eina, ar\u012b ir nepiecie\u0161ama ener\u0123ija, t\u0101p\u0113c lab\u0101k to neizniekot. Viss labi, t\u0101ds ir dz\u012bves l\u012bdzsvars. Tikai neaizmirstiet uzvilkt savas jaun\u0101s for\u0161\u0101s ze\u0137es un par\u0101d\u012bt pasaulei, k\u0101das ir j\u016bsu v\u0113lmes dz\u012bv\u0113.<\/p>\n","protected":false},"featured_media":148239,"template":"","meta":{"_jet_sm_ready_style":"","_jet_sm_style":"","_jet_sm_controls_values":"","_jet_sm_fonts_collection":"","_jet_sm_fonts_links":""},"pwb-brand":[1266],"product_cat":[101,567],"product_tag":[1474],"class_list":{"0":"post-148310","1":"product","2":"type-product","3":"status-publish","4":"has-post-thumbnail","6":"pwb-brand-seik-lv","7":"product_cat-aksesuari","8":"product_cat-zekes","9":"product_tag-gifts-under-20e","11":"first","12":"instock","13":"taxable","14":"shipping-taxable","15":"purchasable","16":"product-type-variable"},"raw_content":{"name":"SEIK Ze\u0137es GYM? I HEARD GIN!","description":"<p style=\"text-align: left;\">Sast\u0101vs: kokvilna 80%, poliam\u012bds 17%, elast\u0101ns 3%.<\/p>","short_description":"<p style=\"text-align: center;\">P\u0113c smagas nodarb\u012bbas sporta z\u0101l\u0113 da\u017ek\u0101rt nepiecie\u0161ams tikai atspirdzino\u0161s ledusauksts d\u017eins. Vai ar\u012b reiz\u0113m j\u016bs vienk\u0101r\u0161i izlai\u017eat trena\u017eieru z\u0101li un \u0137eraties tie\u0161i pie d\u017eina. Lai gan jums var\u0113tu patikt svaru cel\u0161ana, m\u0113s visi esam vienispr\u0101tis, ka, baudot gl\u0101zi d\u017eina, ar\u012b ir nepiecie\u0161ama ener\u0123ija, t\u0101p\u0113c lab\u0101k to neizniekot. Viss labi, t\u0101ds ir dz\u012bves l\u012bdzsvars. Tikai neaizmirstiet uzvilkt savas jaun\u0101s for\u0161\u0101s ze\u0137es un par\u0101d\u012bt pasaulei, k\u0101das ir j\u016bsu v\u0113lmes dz\u012bv\u0113.<\/p>","status":"publish","sku":"Seik-socks-gin","original":148240},"wpml":{"translation_type":1,"has_translations":true,"original":148240,"duplicates":[],"translations":{"lv":148310,"en":148240}},"brands":[{"id":1266,"name":"SEIK","slug":"seik-lv"}],"_links":{"self":[{"href":"https:\/\/m50.lv\/lv\/wp-json\/wp\/v2\/product\/148310","targetHints":{"allow":["GET"]}}],"collection":[{"href":"https:\/\/m50.lv\/lv\/wp-json\/wp\/v2\/product"}],"about":[{"href":"https:\/\/m50.lv\/lv\/wp-json\/wp\/v2\/types\/product"}],"version-history":[{"count":0,"href":"https:\/\/m50.lv\/lv\/wp-json\/wp\/v2\/product\/148310\/revisions"}],"wp:featuredmedia":[{"embeddable":true,"href":"https:\/\/m50.lv\/lv\/wp-json\/wp\/v2\/media\/148239"}],"wp:attachment":[{"href":"https:\/\/m50.lv\/lv\/wp-json\/wp\/v2\/media?parent=148310"}],"wp:term":[{"taxonomy":"pwb-brand","embeddable":true,"href":"https:\/\/m50.lv\/lv\/wp-json\/wp\/v2\/pwb-brand?post=148310"},{"taxonomy":"product_cat","embeddable":true,"href":"https:\/\/m50.lv\/lv\/wp-json\/wp\/v2\/product_cat?post=148310"},{"taxonomy":"product_tag","embeddable":true,"href":"https:\/\/m50.lv\/lv\/wp-json\/wp\/v2\/product_tag?post=148310"}],"curies":[{"name":"wp","href":"https:\/\/api.w.org\/{rel}","templated":true}]}}