{"id":149460,"date":"2023-02-06T09:59:04","date_gmt":"2023-02-06T07:59:04","guid":{"rendered":"https:\/\/m50.lv\/product\/m50-organiskas-kokvilnas-t-krekls-milums-zals\/"},"modified":"2023-08-28T11:01:27","modified_gmt":"2023-08-28T09:01:27","slug":"m50-organiskas-kokvilnas-t-krekls-milums-zals","status":"publish","type":"product","link":"https:\/\/m50.lv\/lv\/product\/m50-organiskas-kokvilnas-t-krekls-milums-zals\/","title":{"rendered":"M50 Organiskas kokvilnas t-krekls M\u012a\u013bUMS | Za\u013c\u0161"},"content":{"rendered":"<p style=\"text-align: left;\">Kas Tev ir M\u012b\u013cums? K\u0101ds konkr\u0113ts cilv\u0113ks, vai attieksme pret dz\u012bvi?<\/p>\n<p style=\"text-align: left;\">\u0160is T-krekls ra\u017eots no augstas kvalit\u0101tes 100% organiskas un PETA sertific\u0113tas kokvilnas. M\u012bksts un \u0113rts klasiska unisex mode\u013ca T krekls \u2013 to uzvelkot, ap\u0146ems maiga un pat\u012bkama saj\u016bta. Rakst\u012bts b\u0113rna rokrakst\u0101.<\/p>\n<p style=\"text-align: left;\">Ieteicams mazg\u0101t 30C gr\u0101du temperat\u016br\u0101, izgrie\u017eot iek\u0161pusi uz \u0101ru.<br \/>\nAuduma bl\u012bvums: 180 G\/M\u00b2<\/p>\n","protected":false},"excerpt":{"rendered":"<p style=\"text-align: center;\">Tas ir k\u0101 apsk\u0101viens, kas silda sirdi. M\u012b\u013cumu var saskat\u012bt k\u0101 otr\u0101 cilv\u0113k\u0101, t\u0101 mums visapk\u0101rt. M\u012b\u013cums izgl\u0101bs pasauli.<\/p>\n","protected":false},"featured_media":149428,"template":"","meta":{"_jet_sm_ready_style":"","_jet_sm_style":"","_jet_sm_controls_values":"","_jet_sm_fonts_collection":"","_jet_sm_fonts_links":""},"pwb-brand":[1249],"product_cat":[102,105,107,104,103],"product_tag":[1396,1424],"class_list":{"0":"post-149460","1":"product","2":"type-product","3":"status-publish","4":"has-post-thumbnail","6":"pwb-brand-m50-lv","7":"product_cat-apgerbs","8":"product_cat-sievietem","9":"product_cat-t-krekli-sievietem","10":"product_cat-t-krekli","11":"product_cat-viriesiem","12":"product_tag-zem20-lv","13":"product_tag-saleforever-lv","15":"first","16":"outofstock","17":"sale","18":"taxable","19":"shipping-taxable","20":"purchasable","21":"product-type-variable"},"raw_content":{"name":"M50 Organiskas kokvilnas t-krekls M\u012a\u013bUMS | Za\u013c\u0161","description":"<p style=\"text-align: left;\">Kas Tev ir M\u012b\u013cums? K\u0101ds konkr\u0113ts cilv\u0113ks, vai attieksme pret dz\u012bvi?<\/p>\r\n<p style=\"text-align: left;\">\u0160is T-krekls ra\u017eots no augstas kvalit\u0101tes 100% organiskas un PETA sertific\u0113tas kokvilnas. M\u012bksts un \u0113rts klasiska unisex mode\u013ca T krekls \u2013 to uzvelkot, ap\u0146ems maiga un pat\u012bkama saj\u016bta. Rakst\u012bts b\u0113rna rokrakst\u0101.<\/p>\r\n<p style=\"text-align: left;\">Ieteicams mazg\u0101t 30C gr\u0101du temperat\u016br\u0101, izgrie\u017eot iek\u0161pusi uz \u0101ru.\r\nAuduma bl\u012bvums: 180 G\/M\u00b2<\/p>","short_description":"<p style=\"text-align: center;\">Tas ir k\u0101 apsk\u0101viens, kas silda sirdi. M\u012b\u013cumu var saskat\u012bt k\u0101 otr\u0101 cilv\u0113k\u0101, t\u0101 mums visapk\u0101rt. M\u012b\u013cums izgl\u0101bs pasauli.<\/p>","status":"publish","sku":"M50-milums-tshirt-unisex-milums-green","original":149426},"wpml":{"translation_type":1,"has_translations":true,"original":149426,"duplicates":[],"translations":{"lv":149460,"en":149426}},"brands":[{"id":1249,"name":"M50","slug":"m50-lv"}],"_links":{"self":[{"href":"https:\/\/m50.lv\/lv\/wp-json\/wp\/v2\/product\/149460","targetHints":{"allow":["GET"]}}],"collection":[{"href":"https:\/\/m50.lv\/lv\/wp-json\/wp\/v2\/product"}],"about":[{"href":"https:\/\/m50.lv\/lv\/wp-json\/wp\/v2\/types\/product"}],"version-history":[{"count":0,"href":"https:\/\/m50.lv\/lv\/wp-json\/wp\/v2\/product\/149460\/revisions"}],"wp:featuredmedia":[{"embeddable":true,"href":"https:\/\/m50.lv\/lv\/wp-json\/wp\/v2\/media\/149428"}],"wp:attachment":[{"href":"https:\/\/m50.lv\/lv\/wp-json\/wp\/v2\/media?parent=149460"}],"wp:term":[{"taxonomy":"pwb-brand","embeddable":true,"href":"https:\/\/m50.lv\/lv\/wp-json\/wp\/v2\/pwb-brand?post=149460"},{"taxonomy":"product_cat","embeddable":true,"href":"https:\/\/m50.lv\/lv\/wp-json\/wp\/v2\/product_cat?post=149460"},{"taxonomy":"product_tag","embeddable":true,"href":"https:\/\/m50.lv\/lv\/wp-json\/wp\/v2\/product_tag?post=149460"}],"curies":[{"name":"wp","href":"https:\/\/api.w.org\/{rel}","templated":true}]}}