{"id":151055,"date":"2023-02-20T19:54:08","date_gmt":"2023-02-20T17:54:08","guid":{"rendered":"https:\/\/m50.lv\/product\/rains-mugursoma-trail-melna\/"},"modified":"2026-04-30T17:08:10","modified_gmt":"2026-04-30T15:08:10","slug":"rains-mugursoma-trail-melna","status":"publish","type":"product","link":"https:\/\/m50.lv\/lv\/product\/rains-mugursoma-trail-melna\/","title":{"rendered":"RAINS Mugursoma TRAIL | Melna"},"content":{"rendered":"<p style=\"text-align: left;\">\u0160\u012b funkcion\u0101l\u0101 mugursoma izgatavota no Rains rakstur\u012bg\u0101 \u016bdensnecaurlaid\u012bg\u0101 auduma, ar norull\u0113jamu aizdari un regul\u0113jamu siksnu. Rolltop mugursomai ir liels galvenais nodal\u012bjums, viena priek\u0161\u0113j\u0101 kabata un kl\u0113pjdatora nodal\u012bjums ar s\u0101nu piek\u013cuvi. Polster\u0113ta aizmugures da\u013ca, regul\u0113jamas plecu siksnas, kr\u016b\u0161u siksna un ori\u0123in\u0101l\u0101 Rains furnit\u016bra.<\/p>\n<p style=\"text-align: left;\">Norull\u0113jama aizdare ar regul\u0113jamu siksnu<br \/>\nVelosip\u0113da blo\u0137\u0113\u0161anas cilpa<br \/>\nPriek\u0161\u0113j\u0101 kabata ar r\u0101v\u0113jsl\u0113dz\u0113ju<br \/>\nViens galvenais nodal\u012bjums<br \/>\nS\u0101nu piek\u013cuves 15 collu kl\u0113pjdatora kabata<br \/>\nIzm\u0113ri: 60 cm \/49 cm x 31 cm x 10 cm<br \/>\nTilpums: 18 litri<br \/>\n50% poliuret\u0101ns, 50% poliesters<br \/>\n\u016adeni atgr\u016bdo\u0161s r\u0101v\u0113jsl\u0113dz\u0113js<br \/>\nPolster\u0113ta aizmugure<br \/>\nPiel\u0101gojamas plecu un kr\u016b\u0161u siksnas<\/p>\n","protected":false},"excerpt":{"rendered":"<p style=\"text-align: center;\">Rains mugursoma tiek d\u0113v\u0113ta par velosip\u0113distu mugursomu.<\/p>\n","protected":false},"featured_media":150983,"template":"","meta":{"_jet_sm_ready_style":"","_jet_sm_style":"","_jet_sm_controls_values":"","_jet_sm_fonts_collection":"","_jet_sm_fonts_links":""},"pwb-brand":[1252],"product_cat":[101,195],"product_tag":[1244],"class_list":{"0":"post-151055","1":"product","2":"type-product","3":"status-publish","4":"has-post-thumbnail","6":"pwb-brand-rains-lv","7":"product_cat-aksesuari","8":"product_cat-somas","9":"product_tag-navatl-febr","11":"first","12":"outofstock","13":"taxable","14":"shipping-taxable","15":"purchasable","16":"product-type-simple"},"raw_content":{"name":"RAINS Mugursoma TRAIL | Melna","description":"<p style=\"text-align: left;\">\u0160\u012b funkcion\u0101l\u0101 mugursoma izgatavota no Rains rakstur\u012bg\u0101 \u016bdensnecaurlaid\u012bg\u0101 auduma, ar norull\u0113jamu aizdari un regul\u0113jamu siksnu. Rolltop mugursomai ir liels galvenais nodal\u012bjums, viena priek\u0161\u0113j\u0101 kabata un kl\u0113pjdatora nodal\u012bjums ar s\u0101nu piek\u013cuvi. Polster\u0113ta aizmugures da\u013ca, regul\u0113jamas plecu siksnas, kr\u016b\u0161u siksna un ori\u0123in\u0101l\u0101 Rains furnit\u016bra.<\/p>\r\n<p style=\"text-align: left;\">Norull\u0113jama aizdare ar regul\u0113jamu siksnu\r\nVelosip\u0113da blo\u0137\u0113\u0161anas cilpa\r\nPriek\u0161\u0113j\u0101 kabata ar r\u0101v\u0113jsl\u0113dz\u0113ju\r\nViens galvenais nodal\u012bjums\r\nS\u0101nu piek\u013cuves 15 collu kl\u0113pjdatora kabata\r\nIzm\u0113ri: 60 cm \/49 cm x 31 cm x 10 cm\r\nTilpums: 18 litri\r\n50% poliuret\u0101ns, 50% poliesters\r\n\u016adeni atgr\u016bdo\u0161s r\u0101v\u0113jsl\u0113dz\u0113js\r\nPolster\u0113ta aizmugure\r\nPiel\u0101gojamas plecu un kr\u016b\u0161u siksnas<\/p>","short_description":"<p style=\"text-align: center;\">Rains mugursoma tiek d\u0113v\u0113ta par velosip\u0113distu mugursomu.<\/p>","status":"publish","sku":"rains-13760-black","original":151025},"wpml":{"translation_type":1,"has_translations":true,"original":151025,"duplicates":[],"translations":{"lv":151055,"en":151025}},"brands":[{"id":1252,"name":"Rains","slug":"rains-lv"}],"_links":{"self":[{"href":"https:\/\/m50.lv\/lv\/wp-json\/wp\/v2\/product\/151055","targetHints":{"allow":["GET"]}}],"collection":[{"href":"https:\/\/m50.lv\/lv\/wp-json\/wp\/v2\/product"}],"about":[{"href":"https:\/\/m50.lv\/lv\/wp-json\/wp\/v2\/types\/product"}],"version-history":[{"count":0,"href":"https:\/\/m50.lv\/lv\/wp-json\/wp\/v2\/product\/151055\/revisions"}],"wp:featuredmedia":[{"embeddable":true,"href":"https:\/\/m50.lv\/lv\/wp-json\/wp\/v2\/media\/150983"}],"wp:attachment":[{"href":"https:\/\/m50.lv\/lv\/wp-json\/wp\/v2\/media?parent=151055"}],"wp:term":[{"taxonomy":"pwb-brand","embeddable":true,"href":"https:\/\/m50.lv\/lv\/wp-json\/wp\/v2\/pwb-brand?post=151055"},{"taxonomy":"product_cat","embeddable":true,"href":"https:\/\/m50.lv\/lv\/wp-json\/wp\/v2\/product_cat?post=151055"},{"taxonomy":"product_tag","embeddable":true,"href":"https:\/\/m50.lv\/lv\/wp-json\/wp\/v2\/product_tag?post=151055"}],"curies":[{"name":"wp","href":"https:\/\/api.w.org\/{rel}","templated":true}]}}