{"id":151058,"date":"2023-02-20T19:57:11","date_gmt":"2023-02-20T17:57:11","guid":{"rendered":"https:\/\/m50.lv\/product\/rains-mugursoma-trail-zala\/"},"modified":"2023-02-20T19:57:11","modified_gmt":"2023-02-20T17:57:11","slug":"rains-mugursoma-trail-zala","status":"publish","type":"product","link":"https:\/\/m50.lv\/lv\/product\/rains-mugursoma-trail-zala\/","title":{"rendered":"RAINS Mugursoma TRAIL | Za\u013ca"},"content":{"rendered":"<p style=\"text-align: left;\">Trail mugursoma ir izgriezts no Rains rakstur\u012bg\u0101 \u016bdensnecaurlaid\u012bga PU auduma, kas ir izstr\u0101d\u0101ts t\u0101, lai nodro\u0161in\u0101tu iztur\u012bbu un gludu saj\u016btu. \/ Materi\u0101ls: 100% poliesters ar poliuret\u0101na p\u0101rkl\u0101jumu<br \/>\nOdere: 100% poliesters<br \/>\n\u016adens kolonnas spiediens: 8000 mm<br \/>\nIzm\u0113ri: H42 x P27 x D12cm \/ A16,5 x P10,6 x D4,7 collas<br \/>\nTilpums: 13,6 litri \/ 3,6 galoni<br \/>\nSvars: 910 g \/ 32,1 unce.<\/p>\n<p style=\"text-align: left;\">P\u0101rkl\u0101tas r\u0101v\u0113jsl\u0113dz\u0113ja atveres<br \/>\nDivi galvenie nodal\u012bjumi<br \/>\nPolster\u0113t\u0101 kl\u0113pjdatora kabata ir piem\u0113rota 15\u201d ier\u012bcei<br \/>\nRegul\u0113jamas polster\u0113tas muguras siksnas<br \/>\nRegul\u0113jama kr\u016b\u0161u siksna<br \/>\n\u0160is produkts ir izstr\u0101d\u0101ts, lai iztur\u0113tu vieglus vai m\u0113renus laikapst\u0101k\u013cus<\/p>\n","protected":false},"excerpt":{"rendered":"<p style=\"text-align: center;\">Trail mugursoma apvieno t\u012bras \u0123eometriskas formas ar sportisk\u0101m deta\u013c\u0101m.<\/p>\n","protected":false},"featured_media":151007,"template":"","meta":{"_jet_sm_ready_style":"","_jet_sm_style":"","_jet_sm_controls_values":"","_jet_sm_fonts_collection":"","_jet_sm_fonts_links":""},"pwb-brand":[1252],"product_cat":[101,195],"product_tag":[],"class_list":{"0":"post-151058","1":"product","2":"type-product","3":"status-publish","4":"has-post-thumbnail","6":"pwb-brand-rains-lv","7":"product_cat-aksesuari","8":"product_cat-somas","10":"first","11":"outofstock","12":"taxable","13":"shipping-taxable","14":"purchasable","15":"product-type-simple"},"raw_content":{"name":"RAINS Mugursoma TRAIL | Za\u013ca","description":"<p style=\"text-align: left;\">Trail mugursoma ir izgriezts no Rains rakstur\u012bg\u0101 \u016bdensnecaurlaid\u012bga PU auduma, kas ir izstr\u0101d\u0101ts t\u0101, lai nodro\u0161in\u0101tu iztur\u012bbu un gludu saj\u016btu. \/ Materi\u0101ls: 100% poliesters ar poliuret\u0101na p\u0101rkl\u0101jumu\r\nOdere: 100% poliesters\r\n\u016adens kolonnas spiediens: 8000 mm\r\nIzm\u0113ri: H42 x P27 x D12cm \/ A16,5 x P10,6 x D4,7 collas\r\nTilpums: 13,6 litri \/ 3,6 galoni\r\nSvars: 910 g \/ 32,1 unce.<\/p>\r\n<p style=\"text-align: left;\">P\u0101rkl\u0101tas r\u0101v\u0113jsl\u0113dz\u0113ja atveres\r\nDivi galvenie nodal\u012bjumi\r\nPolster\u0113t\u0101 kl\u0113pjdatora kabata ir piem\u0113rota 15\u201d ier\u012bcei\r\nRegul\u0113jamas polster\u0113tas muguras siksnas\r\nRegul\u0113jama kr\u016b\u0161u siksna\r\n\u0160is produkts ir izstr\u0101d\u0101ts, lai iztur\u0113tu vieglus vai m\u0113renus laikapst\u0101k\u013cus<\/p>","short_description":"<p style=\"text-align: center;\">Trail mugursoma apvieno t\u012bras \u0123eometriskas formas ar sportisk\u0101m deta\u013c\u0101m.<\/p>","status":"publish","sku":"rains-12300-green","original":151026},"wpml":{"translation_type":1,"has_translations":true,"original":151026,"duplicates":[],"translations":{"lv":151058,"en":151026}},"brands":[{"id":1252,"name":"Rains","slug":"rains-lv"}],"_links":{"self":[{"href":"https:\/\/m50.lv\/lv\/wp-json\/wp\/v2\/product\/151058","targetHints":{"allow":["GET"]}}],"collection":[{"href":"https:\/\/m50.lv\/lv\/wp-json\/wp\/v2\/product"}],"about":[{"href":"https:\/\/m50.lv\/lv\/wp-json\/wp\/v2\/types\/product"}],"version-history":[{"count":0,"href":"https:\/\/m50.lv\/lv\/wp-json\/wp\/v2\/product\/151058\/revisions"}],"wp:featuredmedia":[{"embeddable":true,"href":"https:\/\/m50.lv\/lv\/wp-json\/wp\/v2\/media\/151007"}],"wp:attachment":[{"href":"https:\/\/m50.lv\/lv\/wp-json\/wp\/v2\/media?parent=151058"}],"wp:term":[{"taxonomy":"pwb-brand","embeddable":true,"href":"https:\/\/m50.lv\/lv\/wp-json\/wp\/v2\/pwb-brand?post=151058"},{"taxonomy":"product_cat","embeddable":true,"href":"https:\/\/m50.lv\/lv\/wp-json\/wp\/v2\/product_cat?post=151058"},{"taxonomy":"product_tag","embeddable":true,"href":"https:\/\/m50.lv\/lv\/wp-json\/wp\/v2\/product_tag?post=151058"}],"curies":[{"name":"wp","href":"https:\/\/api.w.org\/{rel}","templated":true}]}}