{"id":151413,"date":"2023-02-23T21:47:13","date_gmt":"2023-02-23T19:47:13","guid":{"rendered":"https:\/\/m50.lv\/product\/tavi-draugi-piespraude-varpa\/"},"modified":"2023-02-24T09:11:21","modified_gmt":"2023-02-24T07:11:21","slug":"tavi-draugi-piespraude-varpa","status":"publish","type":"product","link":"https:\/\/m50.lv\/lv\/product\/tavi-draugi-piespraude-varpa\/","title":{"rendered":"TAVI DRAUGI Piespraude V\u0100RPA"},"content":{"rendered":"<p style=\"text-align: left;\">Sast\u0101vs: 100% uzvara<br \/>\nRa\u017eots: Ukrain\u0101<\/p>\n","protected":false},"excerpt":{"rendered":"<p style=\"text-align: center;\">Piespraud\u012bte &#8220;V\u0101rpa&#8221;<br \/>\nPe\u013c\u0146a tiek novirz\u012bta labdar\u012bbai \ud83d\udc99\ud83d\udc9b<\/p>\n","protected":false},"featured_media":151348,"template":"","meta":{"_jet_sm_ready_style":"","_jet_sm_style":"","_jet_sm_controls_values":"","_jet_sm_fonts_collection":"","_jet_sm_fonts_links":""},"pwb-brand":[1303],"product_cat":[101,1248],"product_tag":[1396],"class_list":{"0":"post-151413","1":"product","2":"type-product","3":"status-publish","4":"has-post-thumbnail","6":"pwb-brand-tavi-draugi-lv","7":"product_cat-aksesuari","8":"product_cat-piespraudes-lv","9":"product_tag-zem20-lv","11":"first","12":"outofstock","13":"taxable","14":"shipping-taxable","15":"purchasable","16":"product-type-simple"},"raw_content":{"name":"TAVI DRAUGI Piespraude V\u0100RPA","description":"<p style=\"text-align: left;\">Sast\u0101vs: 100% uzvara\r\nRa\u017eots: Ukrain\u0101<\/p>","short_description":"<p style=\"text-align: center;\">Piespraud\u012bte \"V\u0101rpa\"\r\nPe\u013c\u0146a tiek novirz\u012bta labdar\u012bbai \ud83d\udc99\ud83d\udc9b<\/p>","status":"publish","sku":"ua-varpa","original":151361},"wpml":{"translation_type":1,"has_translations":true,"original":151361,"duplicates":[],"translations":{"lv":151413,"en":151361}},"brands":[{"id":1303,"name":"Tavi Draugi","slug":"tavi-draugi-lv"}],"_links":{"self":[{"href":"https:\/\/m50.lv\/lv\/wp-json\/wp\/v2\/product\/151413","targetHints":{"allow":["GET"]}}],"collection":[{"href":"https:\/\/m50.lv\/lv\/wp-json\/wp\/v2\/product"}],"about":[{"href":"https:\/\/m50.lv\/lv\/wp-json\/wp\/v2\/types\/product"}],"version-history":[{"count":0,"href":"https:\/\/m50.lv\/lv\/wp-json\/wp\/v2\/product\/151413\/revisions"}],"wp:featuredmedia":[{"embeddable":true,"href":"https:\/\/m50.lv\/lv\/wp-json\/wp\/v2\/media\/151348"}],"wp:attachment":[{"href":"https:\/\/m50.lv\/lv\/wp-json\/wp\/v2\/media?parent=151413"}],"wp:term":[{"taxonomy":"pwb-brand","embeddable":true,"href":"https:\/\/m50.lv\/lv\/wp-json\/wp\/v2\/pwb-brand?post=151413"},{"taxonomy":"product_cat","embeddable":true,"href":"https:\/\/m50.lv\/lv\/wp-json\/wp\/v2\/product_cat?post=151413"},{"taxonomy":"product_tag","embeddable":true,"href":"https:\/\/m50.lv\/lv\/wp-json\/wp\/v2\/product_tag?post=151413"}],"curies":[{"name":"wp","href":"https:\/\/api.w.org\/{rel}","templated":true}]}}