{"id":151440,"date":"2023-02-23T22:34:31","date_gmt":"2023-02-23T20:34:31","guid":{"rendered":"https:\/\/m50.lv\/product\/tavi-draugi-t-krekls-sirds\/"},"modified":"2023-08-30T11:39:20","modified_gmt":"2023-08-30T09:39:20","slug":"tavi-draugi-t-krekls-sirds","status":"publish","type":"product","link":"https:\/\/m50.lv\/lv\/product\/tavi-draugi-t-krekls-sirds\/","title":{"rendered":"TAVI DRAUGI T-krekls SIRDS"},"content":{"rendered":"<p style=\"text-align: left;\">Izm\u0113ri: S, M, L, XL, XXL<br \/>\nRa\u017eots: Latvij\u0101<br \/>\nDer: univers\u0101ls oversize<br \/>\nSast\u0101vs: 95% kokvilna, 5% elast\u0101ns, 0% dr\u0101ma un 100% m\u012blest\u012bba.<\/p>\n","protected":false},"excerpt":{"rendered":"<p style=\"text-align: center;\">Balts t-krekls \u201cSirds\u201d<br \/>\nPe\u013c\u0146a tiek novirz\u012bta labdar\u012bbai \ud83d\udc99\ud83d\udc9b<\/p>\n","protected":false},"featured_media":151314,"template":"","meta":{"_jet_sm_ready_style":"","_jet_sm_style":"","_jet_sm_controls_values":"","_jet_sm_fonts_collection":"","_jet_sm_fonts_links":""},"pwb-brand":[1303],"product_cat":[102,104,107,103],"product_tag":[],"class_list":{"0":"post-151440","1":"product","2":"type-product","3":"status-publish","4":"has-post-thumbnail","6":"pwb-brand-tavi-draugi-lv","7":"product_cat-apgerbs","8":"product_cat-t-krekli","9":"product_cat-t-krekli-sievietem","10":"product_cat-viriesiem","12":"first","13":"outofstock","14":"taxable","15":"shipping-taxable","16":"purchasable","17":"product-type-variable"},"raw_content":{"name":"TAVI DRAUGI T-krekls SIRDS","description":"<p style=\"text-align: left;\">Izm\u0113ri: S, M, L, XL, XXL\r\nRa\u017eots: Latvij\u0101\r\nDer: univers\u0101ls oversize\r\nSast\u0101vs: 95% kokvilna, 5% elast\u0101ns, 0% dr\u0101ma un 100% m\u012blest\u012bba.<\/p>","short_description":"<p style=\"text-align: center;\">Balts t-krekls \u201cSirds\u201d\r\nPe\u013c\u0146a tiek novirz\u012bta labdar\u012bbai \ud83d\udc99\ud83d\udc9b<\/p>","status":"publish","sku":"TaviDraugi-tShirt-heart","original":151376},"wpml":{"translation_type":1,"has_translations":true,"original":151376,"duplicates":[],"translations":{"lv":151440,"en":151376}},"brands":[{"id":1303,"name":"Tavi Draugi","slug":"tavi-draugi-lv"}],"_links":{"self":[{"href":"https:\/\/m50.lv\/lv\/wp-json\/wp\/v2\/product\/151440","targetHints":{"allow":["GET"]}}],"collection":[{"href":"https:\/\/m50.lv\/lv\/wp-json\/wp\/v2\/product"}],"about":[{"href":"https:\/\/m50.lv\/lv\/wp-json\/wp\/v2\/types\/product"}],"version-history":[{"count":0,"href":"https:\/\/m50.lv\/lv\/wp-json\/wp\/v2\/product\/151440\/revisions"}],"wp:featuredmedia":[{"embeddable":true,"href":"https:\/\/m50.lv\/lv\/wp-json\/wp\/v2\/media\/151314"}],"wp:attachment":[{"href":"https:\/\/m50.lv\/lv\/wp-json\/wp\/v2\/media?parent=151440"}],"wp:term":[{"taxonomy":"pwb-brand","embeddable":true,"href":"https:\/\/m50.lv\/lv\/wp-json\/wp\/v2\/pwb-brand?post=151440"},{"taxonomy":"product_cat","embeddable":true,"href":"https:\/\/m50.lv\/lv\/wp-json\/wp\/v2\/product_cat?post=151440"},{"taxonomy":"product_tag","embeddable":true,"href":"https:\/\/m50.lv\/lv\/wp-json\/wp\/v2\/product_tag?post=151440"}],"curies":[{"name":"wp","href":"https:\/\/api.w.org\/{rel}","templated":true}]}}