{"id":152257,"date":"2023-03-04T10:19:30","date_gmt":"2023-03-04T08:19:30","guid":{"rendered":"https:\/\/m50.lv\/product\/m50-kreklins-ar-garam-piedurknem-melns\/"},"modified":"2026-02-23T14:43:38","modified_gmt":"2026-02-23T12:43:38","slug":"m50-kreklins-ar-garam-piedurknem-melns","status":"publish","type":"product","link":"https:\/\/m50.lv\/lv\/product\/m50-kreklins-ar-garam-piedurknem-melns\/","title":{"rendered":"M50 Krekli\u0146\u0161 ar gar\u0101m piedurkn\u0113m | Melns"},"content":{"rendered":"<p style=\"text-align: left;\">Esam veiku\u0161as p\u0101ris uzlabojumus piegrieztn\u0113 &#8211; piedurk\u0146u gali ir mazliet paplatin\u0101ti, un kakla izgriezums nedaudz samazin\u0101ts &#8211; lai silt\u0101k, \u0113rt\u0101k, diskr\u0113t\u0101k. M50 fejas pa\u0161as valk\u0101 un citiem iesaka! Velc k\u0101 piegulo\u0161u topi\u0146u pie sv\u0101rkiem vai biks\u0113m, un ar\u012b zem p\u016bkain\u0101 d\u017eemper\u012b\u0161a un m\u012b\u013c\u0101k\u0101s kleitas \u2013 saj\u016bta b\u016bs kolos\u0101la!<\/p>\n<p style=\"text-align: left;\">Skaista kr\u0101su gamma, izcili saskan ar legingiem no M50 kolekcijas!<\/p>\n<p style=\"text-align: left;\">Materi\u0101ls: 92% viskoze, 8% elast\u0101ns.<\/p>\n<p style=\"text-align: left;\">M\u016bsu modele ir 181 cm gara, mugur\u0101 M izm\u0113ra krekli\u0146\u0161. Ieskaties izm\u0113ru tabul\u0101!<\/p>\n","protected":false},"excerpt":{"rendered":"<p style=\"text-align: center;\">Jaun\u0101 kolekcija Second Skin krekli\u0146iem, ar standartiem atbilsto\u0161iem izm\u0113riem skal\u0101 no XS-XL ikdienai un sportam! Der k\u0101 uzliets \u2013 k\u0101 \u201cotr\u0101 \u0101di\u0146a\u201d \u2013 siltumam un skaistumam. Krekli\u0146am neapstr\u0101d\u0101ts laivi\u0146veida kakla izgriezums, pagarin\u0101ts piedurk\u0146u garums, viduk\u013ca l\u012bnija. Nevienas liekas v\u012bl\u012btes.<\/p>\n","protected":false},"featured_media":152006,"template":"","meta":{"_jet_sm_ready_style":"","_jet_sm_style":"","_jet_sm_controls_values":"","_jet_sm_fonts_collection":"","_jet_sm_fonts_links":""},"pwb-brand":[1249],"product_cat":[102,1306,105,913],"product_tag":[1322,1314,993,850],"class_list":{"0":"post-152257","1":"product","2":"type-product","3":"status-publish","4":"has-post-thumbnail","6":"pwb-brand-m50-lv","7":"product_cat-apgerbs","8":"product_cat-second-skin-lv","9":"product_cat-sievietem","10":"product_cat-topi-lv","11":"product_tag-3par2marts","12":"product_tag-m50longsleeve-lv","13":"product_tag-nosale-lv","14":"product_tag-second-skin-lv","16":"first","17":"instock","18":"taxable","19":"shipping-taxable","20":"purchasable","21":"product-type-variable"},"raw_content":{"name":"M50 Krekli\u0146\u0161 ar gar\u0101m piedurkn\u0113m | Melns","description":"<p style=\"text-align: left;\">Esam veiku\u0161as p\u0101ris uzlabojumus piegrieztn\u0113 - piedurk\u0146u gali ir mazliet paplatin\u0101ti, un kakla izgriezums nedaudz samazin\u0101ts - lai silt\u0101k, \u0113rt\u0101k, diskr\u0113t\u0101k. M50 fejas pa\u0161as valk\u0101 un citiem iesaka! Velc k\u0101 piegulo\u0161u topi\u0146u pie sv\u0101rkiem vai biks\u0113m, un ar\u012b zem p\u016bkain\u0101 d\u017eemper\u012b\u0161a un m\u012b\u013c\u0101k\u0101s kleitas \u2013 saj\u016bta b\u016bs kolos\u0101la!<\/p>\r\n<p style=\"text-align: left;\">Skaista kr\u0101su gamma, izcili saskan ar legingiem no M50 kolekcijas!<\/p>\r\n<p style=\"text-align: left;\">Materi\u0101ls: 92% viskoze, 8% elast\u0101ns.<\/p>\r\n<p style=\"text-align: left;\">M\u016bsu modele ir 181 cm gara, mugur\u0101 M izm\u0113ra krekli\u0146\u0161. Ieskaties izm\u0113ru tabul\u0101!<\/p>","short_description":"<p style=\"text-align: center;\">Jaun\u0101 kolekcija Second Skin krekli\u0146iem, ar standartiem atbilsto\u0161iem izm\u0113riem skal\u0101 no XS-XL ikdienai un sportam! Der k\u0101 uzliets \u2013 k\u0101 \u201cotr\u0101 \u0101di\u0146a\u201d \u2013 siltumam un skaistumam. Krekli\u0146am neapstr\u0101d\u0101ts laivi\u0146veida kakla izgriezums, pagarin\u0101ts piedurk\u0146u garums, viduk\u013ca l\u012bnija. Nevienas liekas v\u012bl\u012btes.<\/p>","status":"publish","sku":"m50-ss-long-sleeve-black","original":152139},"wpml":{"translation_type":1,"has_translations":true,"original":152139,"duplicates":[],"translations":{"lv":152257,"en":152139}},"brands":[{"id":1249,"name":"M50","slug":"m50-lv"}],"_links":{"self":[{"href":"https:\/\/m50.lv\/lv\/wp-json\/wp\/v2\/product\/152257","targetHints":{"allow":["GET"]}}],"collection":[{"href":"https:\/\/m50.lv\/lv\/wp-json\/wp\/v2\/product"}],"about":[{"href":"https:\/\/m50.lv\/lv\/wp-json\/wp\/v2\/types\/product"}],"version-history":[{"count":0,"href":"https:\/\/m50.lv\/lv\/wp-json\/wp\/v2\/product\/152257\/revisions"}],"wp:featuredmedia":[{"embeddable":true,"href":"https:\/\/m50.lv\/lv\/wp-json\/wp\/v2\/media\/152006"}],"wp:attachment":[{"href":"https:\/\/m50.lv\/lv\/wp-json\/wp\/v2\/media?parent=152257"}],"wp:term":[{"taxonomy":"pwb-brand","embeddable":true,"href":"https:\/\/m50.lv\/lv\/wp-json\/wp\/v2\/pwb-brand?post=152257"},{"taxonomy":"product_cat","embeddable":true,"href":"https:\/\/m50.lv\/lv\/wp-json\/wp\/v2\/product_cat?post=152257"},{"taxonomy":"product_tag","embeddable":true,"href":"https:\/\/m50.lv\/lv\/wp-json\/wp\/v2\/product_tag?post=152257"}],"curies":[{"name":"wp","href":"https:\/\/api.w.org\/{rel}","templated":true}]}}