{"id":152652,"date":"2023-03-13T18:00:15","date_gmt":"2023-03-13T16:00:15","guid":{"rendered":"https:\/\/m50.lv\/product\/rains-mugursoma-trail-msn-melna\/"},"modified":"2023-03-13T18:00:15","modified_gmt":"2023-03-13T16:00:15","slug":"rains-mugursoma-trail-msn-melna","status":"publish","type":"product","link":"https:\/\/m50.lv\/lv\/product\/rains-mugursoma-trail-msn-melna\/","title":{"rendered":"RAINS Mugursoma TRAIL MSN | Melna"},"content":{"rendered":"<p style=\"text-align: left;\">Mugursoma Trail MSN ir izgriezts no Rains rakstur\u012bg\u0101 \u016bdensnecaurlaid\u012bg\u0101 PU materi\u0101la.<\/p>\n<p style=\"text-align: left;\">Materi\u0101ls: 100% poliesters ar poliuret\u0101na p\u0101rkl\u0101jumu<br \/>\nOdere: 100% poliesters<br \/>\n\u016adens kolonnas spiediens: 8000 mm<br \/>\nIzm\u0113ri: H39 x P36 x D15cm \/ A15,4 x P14,2 x D5,9 collas<br \/>\nTilpums: 21 litrs \/ 5,6 galoni<br \/>\nSvars: 920 g \/ 32,5 unces.<br \/>\nIesp\u0113jas:<\/p>\n<p style=\"text-align: left;\">Lences ar regul\u0113jam\u0101m siksn\u0101m<br \/>\nViens galvenais nodal\u012bjums<br \/>\nPolster\u0113ta kl\u0113pjdatora kabata ir piem\u0113rota 16&#8243;<br \/>\nPolster\u0113ts aizmugures panelis<br \/>\nRegul\u0113jamas, polster\u0113tas muguras lences<br \/>\n\u0160is produkts ir izstr\u0101d\u0101ts, lai iztur\u0113tu vieglus vai m\u0113renus laikapst\u0101k\u013cus<\/p>\n","protected":false},"excerpt":{"rendered":"<p style=\"text-align: center;\">Mugursoma Trail MSN no jauna interpret\u0113 klasisko skolas mugursomu. T\u012br\u0101 silueta fokusa punkti ir dubult\u0101s siksnas un \u012bpa\u0161as gumijotas spr\u0101dzes. \u0160aj\u0101 \u016bdensiztur\u012bgaj\u0101 mugursom\u0101 ir iek\u0161\u0113ja kl\u0113pjdatora kabata un ietilp\u012bgs galvenais nodal\u012bjums. Sportisk\u0101ks Rains mugursomas MSN versija ir pabeigta ar polster\u0113tu aizmugur\u0113jo paneli un polster\u0113t\u0101m lenc\u0113m.<\/p>\n","protected":false},"featured_media":152572,"template":"","meta":{"_jet_sm_ready_style":"","_jet_sm_style":"","_jet_sm_controls_values":"","_jet_sm_fonts_collection":"","_jet_sm_fonts_links":""},"pwb-brand":[1252],"product_cat":[101,195],"product_tag":[],"class_list":{"0":"post-152652","1":"product","2":"type-product","3":"status-publish","4":"has-post-thumbnail","6":"pwb-brand-rains-lv","7":"product_cat-aksesuari","8":"product_cat-somas","10":"first","11":"outofstock","12":"taxable","13":"shipping-taxable","14":"purchasable","15":"product-type-simple"},"raw_content":{"name":"RAINS Mugursoma TRAIL MSN | Melna","description":"<p style=\"text-align: left;\">Mugursoma Trail MSN ir izgriezts no Rains rakstur\u012bg\u0101 \u016bdensnecaurlaid\u012bg\u0101 PU materi\u0101la.<\/p>\r\n<p style=\"text-align: left;\">Materi\u0101ls: 100% poliesters ar poliuret\u0101na p\u0101rkl\u0101jumu\r\nOdere: 100% poliesters\r\n\u016adens kolonnas spiediens: 8000 mm\r\nIzm\u0113ri: H39 x P36 x D15cm \/ A15,4 x P14,2 x D5,9 collas\r\nTilpums: 21 litrs \/ 5,6 galoni\r\nSvars: 920 g \/ 32,5 unces.\r\nIesp\u0113jas:<\/p>\r\n<p style=\"text-align: left;\">Lences ar regul\u0113jam\u0101m siksn\u0101m\r\nViens galvenais nodal\u012bjums\r\nPolster\u0113ta kl\u0113pjdatora kabata ir piem\u0113rota 16\"\r\nPolster\u0113ts aizmugures panelis\r\nRegul\u0113jamas, polster\u0113tas muguras lences\r\n\u0160is produkts ir izstr\u0101d\u0101ts, lai iztur\u0113tu vieglus vai m\u0113renus laikapst\u0101k\u013cus<\/p>","short_description":"<p style=\"text-align: center;\">Mugursoma Trail MSN no jauna interpret\u0113 klasisko skolas mugursomu. T\u012br\u0101 silueta fokusa punkti ir dubult\u0101s siksnas un \u012bpa\u0161as gumijotas spr\u0101dzes. \u0160aj\u0101 \u016bdensiztur\u012bgaj\u0101 mugursom\u0101 ir iek\u0161\u0113ja kl\u0113pjdatora kabata un ietilp\u012bgs galvenais nodal\u012bjums. Sportisk\u0101ks Rains mugursomas MSN versija ir pabeigta ar polster\u0113tu aizmugur\u0113jo paneli un polster\u0113t\u0101m lenc\u0113m.<\/p>","status":"publish","sku":"rains-13770-black","original":152559},"wpml":{"translation_type":1,"has_translations":true,"original":152559,"duplicates":[],"translations":{"lv":152652,"en":152559}},"brands":[{"id":1252,"name":"Rains","slug":"rains-lv"}],"_links":{"self":[{"href":"https:\/\/m50.lv\/lv\/wp-json\/wp\/v2\/product\/152652","targetHints":{"allow":["GET"]}}],"collection":[{"href":"https:\/\/m50.lv\/lv\/wp-json\/wp\/v2\/product"}],"about":[{"href":"https:\/\/m50.lv\/lv\/wp-json\/wp\/v2\/types\/product"}],"version-history":[{"count":0,"href":"https:\/\/m50.lv\/lv\/wp-json\/wp\/v2\/product\/152652\/revisions"}],"wp:featuredmedia":[{"embeddable":true,"href":"https:\/\/m50.lv\/lv\/wp-json\/wp\/v2\/media\/152572"}],"wp:attachment":[{"href":"https:\/\/m50.lv\/lv\/wp-json\/wp\/v2\/media?parent=152652"}],"wp:term":[{"taxonomy":"pwb-brand","embeddable":true,"href":"https:\/\/m50.lv\/lv\/wp-json\/wp\/v2\/pwb-brand?post=152652"},{"taxonomy":"product_cat","embeddable":true,"href":"https:\/\/m50.lv\/lv\/wp-json\/wp\/v2\/product_cat?post=152652"},{"taxonomy":"product_tag","embeddable":true,"href":"https:\/\/m50.lv\/lv\/wp-json\/wp\/v2\/product_tag?post=152652"}],"curies":[{"name":"wp","href":"https:\/\/api.w.org\/{rel}","templated":true}]}}