{"id":153049,"date":"2023-03-16T17:25:48","date_gmt":"2023-03-16T15:25:48","guid":{"rendered":"https:\/\/m50.lv\/product\/dressedfur-a4-plakats-sfinksa-kakis-un-trusis\/"},"modified":"2023-03-16T17:25:48","modified_gmt":"2023-03-16T15:25:48","slug":"dressedfur-a4-plakats-sfinksa-kakis-un-trusis","status":"publish","type":"product","link":"https:\/\/m50.lv\/lv\/product\/dressedfur-a4-plakats-sfinksa-kakis-un-trusis\/","title":{"rendered":"DressedFur A4 Plak\u0101ts Sfinksa ka\u0137is un trusis"},"content":{"rendered":"<p style=\"text-align: left;\">Izm\u0113ri &#8211; A4 (21 x 29,7 cm)<\/p>\n<p style=\"text-align: left;\">Druk\u0101ts uz augstas kvalit\u0101tes 250 gsm p\u0101rstr\u0101d\u0101ta pap\u012bra.<\/p>\n","protected":false},"excerpt":{"rendered":"<p style=\"text-align: center;\">Augstas kvalit\u0101tes m\u0101kslas izdruka no ori\u0123in\u0101l\u0101s Kar\u012bnas Kr\u016bmi\u0146as akvare\u013cgleznas.<\/p>\n","protected":false},"featured_media":152945,"template":"","meta":{"_jet_sm_ready_style":"","_jet_sm_style":"","_jet_sm_controls_values":"","_jet_sm_fonts_collection":"","_jet_sm_fonts_links":""},"pwb-brand":[1328],"product_cat":[193,1194],"product_tag":[1396],"class_list":{"0":"post-153049","1":"product","2":"type-product","3":"status-publish","4":"has-post-thumbnail","6":"pwb-brand-dressedfur-lv","7":"product_cat-davanas","8":"product_cat-plakati","9":"product_tag-zem20-lv","11":"first","12":"outofstock","13":"taxable","14":"shipping-taxable","15":"purchasable","16":"product-type-simple"},"raw_content":{"name":"DressedFur A4 Plak\u0101ts Sfinksa ka\u0137is un trusis","description":"<p style=\"text-align: left;\">Izm\u0113ri - A4 (21 x 29,7 cm)<\/p>\r\n<p style=\"text-align: left;\">Druk\u0101ts uz augstas kvalit\u0101tes 250 gsm p\u0101rstr\u0101d\u0101ta pap\u012bra.<\/p>","short_description":"<p style=\"text-align: center;\">Augstas kvalit\u0101tes m\u0101kslas izdruka no ori\u0123in\u0101l\u0101s Kar\u012bnas Kr\u016bmi\u0146as akvare\u013cgleznas.<\/p>","status":"publish","sku":"FUR-2000000711584","original":152959},"wpml":{"translation_type":1,"has_translations":true,"original":152959,"duplicates":[],"translations":{"lv":153049,"en":152959}},"brands":[{"id":1328,"name":"DressedFur","slug":"dressedfur-lv"}],"_links":{"self":[{"href":"https:\/\/m50.lv\/lv\/wp-json\/wp\/v2\/product\/153049","targetHints":{"allow":["GET"]}}],"collection":[{"href":"https:\/\/m50.lv\/lv\/wp-json\/wp\/v2\/product"}],"about":[{"href":"https:\/\/m50.lv\/lv\/wp-json\/wp\/v2\/types\/product"}],"version-history":[{"count":0,"href":"https:\/\/m50.lv\/lv\/wp-json\/wp\/v2\/product\/153049\/revisions"}],"wp:featuredmedia":[{"embeddable":true,"href":"https:\/\/m50.lv\/lv\/wp-json\/wp\/v2\/media\/152945"}],"wp:attachment":[{"href":"https:\/\/m50.lv\/lv\/wp-json\/wp\/v2\/media?parent=153049"}],"wp:term":[{"taxonomy":"pwb-brand","embeddable":true,"href":"https:\/\/m50.lv\/lv\/wp-json\/wp\/v2\/pwb-brand?post=153049"},{"taxonomy":"product_cat","embeddable":true,"href":"https:\/\/m50.lv\/lv\/wp-json\/wp\/v2\/product_cat?post=153049"},{"taxonomy":"product_tag","embeddable":true,"href":"https:\/\/m50.lv\/lv\/wp-json\/wp\/v2\/product_tag?post=153049"}],"curies":[{"name":"wp","href":"https:\/\/api.w.org\/{rel}","templated":true}]}}