{"id":153050,"date":"2023-03-16T17:21:19","date_gmt":"2023-03-16T15:21:19","guid":{"rendered":"https:\/\/m50.lv\/product\/dressedfur-a4-plakats-aunu-paris\/"},"modified":"2023-03-16T17:21:19","modified_gmt":"2023-03-16T15:21:19","slug":"dressedfur-a4-plakats-aunu-paris","status":"publish","type":"product","link":"https:\/\/m50.lv\/lv\/product\/dressedfur-a4-plakats-aunu-paris\/","title":{"rendered":"DressedFur A4 Plak\u0101ts Aunu p\u0101ris"},"content":{"rendered":"<p style=\"text-align: left;\">Izm\u0113ri &#8211; A4 (21 x 29,7 cm)<\/p>\n<p style=\"text-align: left;\">Druk\u0101ts uz augstas kvalit\u0101tes 250 gsm p\u0101rstr\u0101d\u0101ta pap\u012bra.<\/p>\n","protected":false},"excerpt":{"rendered":"<p style=\"text-align: center;\">Augstas kvalit\u0101tes m\u0101kslas izdruka no ori\u0123in\u0101l\u0101s Kar\u012bnas Kr\u016bmi\u0146as akvare\u013cgleznas.<\/p>\n","protected":false},"featured_media":152939,"template":"","meta":{"_jet_sm_ready_style":"","_jet_sm_style":"","_jet_sm_controls_values":"","_jet_sm_fonts_collection":"","_jet_sm_fonts_links":""},"pwb-brand":[1328],"product_cat":[193,1194],"product_tag":[1396],"class_list":{"0":"post-153050","1":"product","2":"type-product","3":"status-publish","4":"has-post-thumbnail","6":"pwb-brand-dressedfur-lv","7":"product_cat-davanas","8":"product_cat-plakati","9":"product_tag-zem20-lv","11":"first","12":"outofstock","13":"taxable","14":"shipping-taxable","15":"purchasable","16":"product-type-simple"},"raw_content":{"name":"DressedFur A4 Plak\u0101ts Aunu p\u0101ris","description":"<p style=\"text-align: left;\">Izm\u0113ri - A4 (21 x 29,7 cm)<\/p>\r\n<p style=\"text-align: left;\">Druk\u0101ts uz augstas kvalit\u0101tes 250 gsm p\u0101rstr\u0101d\u0101ta pap\u012bra.<\/p>","short_description":"<p style=\"text-align: center;\">Augstas kvalit\u0101tes m\u0101kslas izdruka no ori\u0123in\u0101l\u0101s Kar\u012bnas Kr\u016bmi\u0146as akvare\u013cgleznas.<\/p>","status":"publish","sku":"FUR-2000000711546","original":152960},"wpml":{"translation_type":1,"has_translations":true,"original":152960,"duplicates":[],"translations":{"lv":153050,"en":152960}},"brands":[{"id":1328,"name":"DressedFur","slug":"dressedfur-lv"}],"_links":{"self":[{"href":"https:\/\/m50.lv\/lv\/wp-json\/wp\/v2\/product\/153050","targetHints":{"allow":["GET"]}}],"collection":[{"href":"https:\/\/m50.lv\/lv\/wp-json\/wp\/v2\/product"}],"about":[{"href":"https:\/\/m50.lv\/lv\/wp-json\/wp\/v2\/types\/product"}],"version-history":[{"count":0,"href":"https:\/\/m50.lv\/lv\/wp-json\/wp\/v2\/product\/153050\/revisions"}],"wp:featuredmedia":[{"embeddable":true,"href":"https:\/\/m50.lv\/lv\/wp-json\/wp\/v2\/media\/152939"}],"wp:attachment":[{"href":"https:\/\/m50.lv\/lv\/wp-json\/wp\/v2\/media?parent=153050"}],"wp:term":[{"taxonomy":"pwb-brand","embeddable":true,"href":"https:\/\/m50.lv\/lv\/wp-json\/wp\/v2\/pwb-brand?post=153050"},{"taxonomy":"product_cat","embeddable":true,"href":"https:\/\/m50.lv\/lv\/wp-json\/wp\/v2\/product_cat?post=153050"},{"taxonomy":"product_tag","embeddable":true,"href":"https:\/\/m50.lv\/lv\/wp-json\/wp\/v2\/product_tag?post=153050"}],"curies":[{"name":"wp","href":"https:\/\/api.w.org\/{rel}","templated":true}]}}