{"id":153141,"date":"2023-03-17T17:15:32","date_gmt":"2023-03-17T15:15:32","guid":{"rendered":"https:\/\/m50.lv\/product\/701-eikalipts-koriandrs-ciprese\/"},"modified":"2023-03-17T17:15:32","modified_gmt":"2023-03-17T15:15:32","slug":"701-eikalipts-koriandrs-ciprese","status":"publish","type":"product","link":"https:\/\/m50.lv\/lv\/product\/701-eikalipts-koriandrs-ciprese\/","title":{"rendered":"701 | Eikalipts, koriandrs, ciprese"},"content":{"rendered":"<p style=\"text-align: left;\">K\u0101 lietot: Uzp\u016bt vienu reiz\u012bti uz pulsa punktiem \u2013 plaukstas loc\u012btavas, kakla, aiz aus\u012bm, un elko\u0146u iek\u0161pus\u0113. Lai efekts b\u016btu ilgsto\u0161\u0101ks un notur\u012bg\u0101ks, uzp\u016bt v\u0113lvienreiz \ud83d\ude09 ja gribi ieg\u016bt savu unik\u0101lo smar\u017eu \u2013 kombin\u0113 divus, vai pat tr\u012bs arom\u0101tus.<\/p>\n<p style=\"text-align: left;\">Sast\u0101vs: Alkohola b\u0101ze, smar\u017evielas, \u016bdens, citr\u0101ls, citronelols, kumar\u012bns, evernia prunastri (ozola s\u016bnu) ekstrakts, geraniols, heksilkan\u0113ls, hidroksicitronel\u0101ls, izoeugenols, limon\u0113ns, linalols. 80 % tilp.<\/p>\n<p style=\"text-align: left;\">Ra\u017eots Francij\u0101<\/p>\n","protected":false},"excerpt":{"rendered":"<p style=\"text-align: center;\">Arom\u0101tu eksplozija. Smar\u017ea, kas pece\u013c gais\u0101 un \u013cauj lidot! Vispirms svaigums, aug\u013cain\u012bba un r\u016bgtums &#8211; pateicoties greipfr\u016bta un anan\u0101su kombin\u0101cijai. Tam seko pipari, rozmar\u012bns, koriandrs, eikalipts un ciprese. \u0160\u012b kombin\u0101cija valdzino\u0161i uzkars\u0113, un lieliski sapl\u016bst ar dzintara koku un v\u012braka not\u012bm.<\/p>\n","protected":false},"featured_media":153123,"template":"","meta":{"_jet_sm_ready_style":"","_jet_sm_style":"","_jet_sm_controls_values":"","_jet_sm_fonts_collection":"","_jet_sm_fonts_links":""},"pwb-brand":[1298],"product_cat":[193,919],"product_tag":[1579],"class_list":{"0":"post-153141","1":"product","2":"type-product","3":"status-publish","4":"has-post-thumbnail","6":"pwb-brand-bon-parfumeur-lv","7":"product_cat-davanas","8":"product_cat-smarzas","9":"product_tag-davanas-mammai","11":"first","12":"instock","13":"taxable","14":"shipping-taxable","15":"purchasable","16":"product-type-simple"},"raw_content":{"name":"701 | Eikalipts, koriandrs, ciprese","description":"<p style=\"text-align: left;\">K\u0101 lietot: Uzp\u016bt vienu reiz\u012bti uz pulsa punktiem \u2013 plaukstas loc\u012btavas, kakla, aiz aus\u012bm, un elko\u0146u iek\u0161pus\u0113. Lai efekts b\u016btu ilgsto\u0161\u0101ks un notur\u012bg\u0101ks, uzp\u016bt v\u0113lvienreiz \ud83d\ude09 ja gribi ieg\u016bt savu unik\u0101lo smar\u017eu \u2013 kombin\u0113 divus, vai pat tr\u012bs arom\u0101tus.<\/p>\r\n<p style=\"text-align: left;\">Sast\u0101vs: Alkohola b\u0101ze, smar\u017evielas, \u016bdens, citr\u0101ls, citronelols, kumar\u012bns, evernia prunastri (ozola s\u016bnu) ekstrakts, geraniols, heksilkan\u0113ls, hidroksicitronel\u0101ls, izoeugenols, limon\u0113ns, linalols. 80 % tilp.<\/p>\r\n<p style=\"text-align: left;\">Ra\u017eots Francij\u0101<\/p>","short_description":"<p style=\"text-align: center;\">Arom\u0101tu eksplozija. Smar\u017ea, kas pece\u013c gais\u0101 un \u013cauj lidot! Vispirms svaigums, aug\u013cain\u012bba un r\u016bgtums - pateicoties greipfr\u016bta un anan\u0101su kombin\u0101cijai. Tam seko pipari, rozmar\u012bns, koriandrs, eikalipts un ciprese. \u0160\u012b kombin\u0101cija valdzino\u0161i uzkars\u0113, un lieliski sapl\u016bst ar dzintara koku un v\u012braka not\u012bm.<\/p>","status":"publish","sku":"BP-701-30ml","original":153118},"wpml":{"translation_type":1,"has_translations":true,"original":153118,"duplicates":[],"translations":{"lv":153141,"en":153118}},"brands":[{"id":1298,"name":"Bon Parfumeur","slug":"bon-parfumeur-lv"}],"_links":{"self":[{"href":"https:\/\/m50.lv\/lv\/wp-json\/wp\/v2\/product\/153141","targetHints":{"allow":["GET"]}}],"collection":[{"href":"https:\/\/m50.lv\/lv\/wp-json\/wp\/v2\/product"}],"about":[{"href":"https:\/\/m50.lv\/lv\/wp-json\/wp\/v2\/types\/product"}],"version-history":[{"count":0,"href":"https:\/\/m50.lv\/lv\/wp-json\/wp\/v2\/product\/153141\/revisions"}],"wp:featuredmedia":[{"embeddable":true,"href":"https:\/\/m50.lv\/lv\/wp-json\/wp\/v2\/media\/153123"}],"wp:attachment":[{"href":"https:\/\/m50.lv\/lv\/wp-json\/wp\/v2\/media?parent=153141"}],"wp:term":[{"taxonomy":"pwb-brand","embeddable":true,"href":"https:\/\/m50.lv\/lv\/wp-json\/wp\/v2\/pwb-brand?post=153141"},{"taxonomy":"product_cat","embeddable":true,"href":"https:\/\/m50.lv\/lv\/wp-json\/wp\/v2\/product_cat?post=153141"},{"taxonomy":"product_tag","embeddable":true,"href":"https:\/\/m50.lv\/lv\/wp-json\/wp\/v2\/product_tag?post=153141"}],"curies":[{"name":"wp","href":"https:\/\/api.w.org\/{rel}","templated":true}]}}