{"id":153492,"date":"2023-03-27T15:25:19","date_gmt":"2023-03-27T13:25:19","guid":{"rendered":"https:\/\/m50.lv\/product\/24bottles-urban-udenspudele-500ml-stone-magic-friends-ar-sporta-korki\/"},"modified":"2023-03-27T15:25:19","modified_gmt":"2023-03-27T13:25:19","slug":"24bottles-urban-udenspudele-500ml-stone-magic-friends-ar-sporta-korki","status":"publish","type":"product","link":"https:\/\/m50.lv\/lv\/product\/24bottles-urban-udenspudele-500ml-stone-magic-friends-ar-sporta-korki\/","title":{"rendered":"24Bottles Urban \u016adenspudele 500ml | Stone Magic Friends ar sporta kor\u0137i"},"content":{"rendered":"<p style=\"text-align: left;\">\u012apa\u0161\u012bbas:<\/p>\n<p style=\"text-align: left;\">Sver tikai 132 g<br \/>\nDiametrs \u00f8 6,5 cm &#8211; Kakli\u0146\u0161 \u00f8 3,3 cm &#8211; Augstums 20 cm<br \/>\n18\/8 p\u0101rtikas kvalit\u0101tes ner\u016bs\u0113jo\u0161ais t\u0113rauds<br \/>\n100% bez BPA, nesatur toks\u012bnus<br \/>\nSaglab\u0101 un nepie\u0161\u0137ir arom\u0101tu<br \/>\nViens pagrieziens herm\u0113tisk\u0101 v\u0101ka atv\u0113r\u0161anai<br \/>\nPlats kakli\u0146\u0161 ledus piepild\u012b\u0161anai un \u0113rtai t\u012br\u012b\u0161anai<br \/>\nViena sieni\u0146a<br \/>\nLidostas dro\u0161\u012bbai draudz\u012bga<br \/>\nIeteicams mazg\u0101t ar rok\u0101m<\/p>\n","protected":false},"excerpt":{"rendered":"<p style=\"text-align: center;\">B\u0113rnu pudele ar salmi\u0146u ir \u012bpa\u0161i viegla un lieliski piem\u0113rota, lai to viegli tur\u0113tu rok\u0101s, lai \u0113rti un patst\u0101v\u012bgi dzertu \u016bdeni m\u0101j\u0101s, skol\u0101 vai rota\u013cu laukum\u0101. V\u0101ci\u0146\u0161 ar integr\u0113tu atv\u0113r\u0161anas-aizv\u0113r\u0161anas salmi\u0146u ir 100% necaurlaid\u012bgs un \u013cauj \u0113rti dzert pat ar vienu roku.<\/p>\n","protected":false},"featured_media":153445,"template":"","meta":{"_jet_sm_ready_style":"","_jet_sm_style":"","_jet_sm_controls_values":"","_jet_sm_fonts_collection":"","_jet_sm_fonts_links":""},"pwb-brand":[1251],"product_cat":[202,782],"product_tag":[],"class_list":{"0":"post-153492","1":"product","2":"type-product","3":"status-publish","4":"has-post-thumbnail","6":"pwb-brand-24bottles-lv","7":"product_cat-24bottles-lv","8":"product_cat-bernu","10":"first","11":"outofstock","12":"taxable","13":"shipping-taxable","14":"purchasable","15":"product-type-simple"},"raw_content":{"name":"24Bottles Urban \u016adenspudele 500ml | Stone Magic Friends ar sporta kor\u0137i","description":"<p style=\"text-align: left;\">\u012apa\u0161\u012bbas:<\/p>\r\n<p style=\"text-align: left;\">Sver tikai 132 g\r\nDiametrs \u00f8 6,5 cm - Kakli\u0146\u0161 \u00f8 3,3 cm - Augstums 20 cm\r\n18\/8 p\u0101rtikas kvalit\u0101tes ner\u016bs\u0113jo\u0161ais t\u0113rauds\r\n100% bez BPA, nesatur toks\u012bnus\r\nSaglab\u0101 un nepie\u0161\u0137ir arom\u0101tu\r\nViens pagrieziens herm\u0113tisk\u0101 v\u0101ka atv\u0113r\u0161anai\r\nPlats kakli\u0146\u0161 ledus piepild\u012b\u0161anai un \u0113rtai t\u012br\u012b\u0161anai\r\nViena sieni\u0146a\r\nLidostas dro\u0161\u012bbai draudz\u012bga\r\nIeteicams mazg\u0101t ar rok\u0101m<\/p>","short_description":"<p style=\"text-align: center;\">B\u0113rnu pudele ar salmi\u0146u ir \u012bpa\u0161i viegla un lieliski piem\u0113rota, lai to viegli tur\u0113tu rok\u0101s, lai \u0113rti un patst\u0101v\u012bgi dzertu \u016bdeni m\u0101j\u0101s, skol\u0101 vai rota\u013cu laukum\u0101. V\u0101ci\u0146\u0161 ar integr\u0113tu atv\u0113r\u0161anas-aizv\u0113r\u0161anas salmi\u0146u ir 100% necaurlaid\u012bgs un \u013cauj \u0113rti dzert pat ar vienu roku.<\/p>","status":"publish","sku":"urban-kids-500-magic","original":153474},"wpml":{"translation_type":1,"has_translations":true,"original":153474,"duplicates":[],"translations":{"lv":153492,"en":153474}},"brands":[{"id":1251,"name":"24Bottles","slug":"24bottles-lv"}],"_links":{"self":[{"href":"https:\/\/m50.lv\/lv\/wp-json\/wp\/v2\/product\/153492","targetHints":{"allow":["GET"]}}],"collection":[{"href":"https:\/\/m50.lv\/lv\/wp-json\/wp\/v2\/product"}],"about":[{"href":"https:\/\/m50.lv\/lv\/wp-json\/wp\/v2\/types\/product"}],"version-history":[{"count":0,"href":"https:\/\/m50.lv\/lv\/wp-json\/wp\/v2\/product\/153492\/revisions"}],"wp:featuredmedia":[{"embeddable":true,"href":"https:\/\/m50.lv\/lv\/wp-json\/wp\/v2\/media\/153445"}],"wp:attachment":[{"href":"https:\/\/m50.lv\/lv\/wp-json\/wp\/v2\/media?parent=153492"}],"wp:term":[{"taxonomy":"pwb-brand","embeddable":true,"href":"https:\/\/m50.lv\/lv\/wp-json\/wp\/v2\/pwb-brand?post=153492"},{"taxonomy":"product_cat","embeddable":true,"href":"https:\/\/m50.lv\/lv\/wp-json\/wp\/v2\/product_cat?post=153492"},{"taxonomy":"product_tag","embeddable":true,"href":"https:\/\/m50.lv\/lv\/wp-json\/wp\/v2\/product_tag?post=153492"}],"curies":[{"name":"wp","href":"https:\/\/api.w.org\/{rel}","templated":true}]}}