{"id":153605,"date":"2023-03-27T18:59:53","date_gmt":"2023-03-27T16:59:53","guid":{"rendered":"https:\/\/m50.lv\/product\/zane-veldre-kartite-zala-varna\/"},"modified":"2023-03-27T18:59:53","modified_gmt":"2023-03-27T16:59:53","slug":"zane-veldre-kartite-zala-varna","status":"publish","type":"product","link":"https:\/\/m50.lv\/lv\/product\/zane-veldre-kartite-zala-varna\/","title":{"rendered":"Zane Veldre Kart\u012bte ZA\u013b\u0100 V\u0100RNA"},"content":{"rendered":"","protected":false},"excerpt":{"rendered":"<p style=\"text-align: center;\">10 x 15 cm<br \/>\nScandi natural white pap\u012brs 300g\/m2<\/p>\n<p>Zanes Veldres ilustr\u0101cija<\/p>\n","protected":false},"featured_media":153553,"template":"","meta":{"_jet_sm_ready_style":"","_jet_sm_style":"","_jet_sm_controls_values":"","_jet_sm_fonts_collection":"","_jet_sm_fonts_links":""},"pwb-brand":[1286],"product_cat":[193,110],"product_tag":[1474],"class_list":{"0":"post-153605","1":"product","2":"type-product","3":"status-publish","4":"has-post-thumbnail","6":"pwb-brand-zane-veldre-lv","7":"product_cat-davanas","8":"product_cat-pastkartes","9":"product_tag-gifts-under-20e","11":"first","12":"instock","13":"taxable","14":"shipping-taxable","15":"purchasable","16":"product-type-simple"},"raw_content":{"name":"Zane Veldre Kart\u012bte ZA\u013b\u0100 V\u0100RNA","description":"","short_description":"<p style=\"text-align: center;\">10 x 15 cm\r\nScandi natural white pap\u012brs 300g\/m2\r\n\r\nZanes Veldres ilustr\u0101cija<\/p>","status":"publish","sku":"Z-Veldre-zala-varna","original":153506},"wpml":{"translation_type":1,"has_translations":true,"original":153506,"duplicates":[],"translations":{"lv":153605,"en":153506}},"brands":[{"id":1286,"name":"Zane Veldre","slug":"zane-veldre-lv"}],"_links":{"self":[{"href":"https:\/\/m50.lv\/lv\/wp-json\/wp\/v2\/product\/153605","targetHints":{"allow":["GET"]}}],"collection":[{"href":"https:\/\/m50.lv\/lv\/wp-json\/wp\/v2\/product"}],"about":[{"href":"https:\/\/m50.lv\/lv\/wp-json\/wp\/v2\/types\/product"}],"version-history":[{"count":0,"href":"https:\/\/m50.lv\/lv\/wp-json\/wp\/v2\/product\/153605\/revisions"}],"wp:featuredmedia":[{"embeddable":true,"href":"https:\/\/m50.lv\/lv\/wp-json\/wp\/v2\/media\/153553"}],"wp:attachment":[{"href":"https:\/\/m50.lv\/lv\/wp-json\/wp\/v2\/media?parent=153605"}],"wp:term":[{"taxonomy":"pwb-brand","embeddable":true,"href":"https:\/\/m50.lv\/lv\/wp-json\/wp\/v2\/pwb-brand?post=153605"},{"taxonomy":"product_cat","embeddable":true,"href":"https:\/\/m50.lv\/lv\/wp-json\/wp\/v2\/product_cat?post=153605"},{"taxonomy":"product_tag","embeddable":true,"href":"https:\/\/m50.lv\/lv\/wp-json\/wp\/v2\/product_tag?post=153605"}],"curies":[{"name":"wp","href":"https:\/\/api.w.org\/{rel}","templated":true}]}}