{"id":153900,"date":"2023-03-31T10:52:09","date_gmt":"2023-03-31T08:52:09","guid":{"rendered":"https:\/\/m50.lv\/product\/m50-kleita-noktirne-ar-3-4-piedurknem-tumsi-zila\/"},"modified":"2025-08-24T19:44:17","modified_gmt":"2025-08-24T17:44:17","slug":"m50-kleita-noktirne-ar-3-4-piedurknem-tumsi-zila","status":"publish","type":"product","link":"https:\/\/m50.lv\/lv\/product\/m50-kleita-noktirne-ar-3-4-piedurknem-tumsi-zila\/","title":{"rendered":"M50 Kleita Noktirne ar 3\/4 piedurkn\u0113m | Tum\u0161i zila"},"content":{"rendered":"<p style=\"text-align: left;\">Bieza, eleganta trikot\u0101\u017ea.<br \/>\nSast\u0101vs: 65% viskoze, 27% poliam\u012bds, 8% elast\u0101ns; auduma bl\u012bvums: 260g.<\/p>\n<p style=\"text-align: left;\">Mazg\u0101t ieteicams, ap\u0123\u0113rba iek\u0161pusi izgrie\u017eot uz \u0101ru, 30% t; gludin\u0101t iesak\u0101m ar tvaika gludekli.<\/p>\n<p style=\"text-align: left;\">L\u012bva ir 176 cm gara, mugur\u0101 M izm\u0113ra kleita<\/p>\n","protected":false},"excerpt":{"rendered":"<p style=\"text-align: center;\">\u0112rta, praktiska, universa\u0304la trikot\u0101\u017eas kleita ar liela\u0304m kabata\u0304m. Kleita izskata\u0304s lieliski ar\u012b ar jostin\u0327u un daz\u030ca\u0304diem aksesua\u0304riem.<\/p>\n","protected":false},"featured_media":153779,"template":"","meta":{"_jet_sm_ready_style":"","_jet_sm_style":"","_jet_sm_controls_values":"","_jet_sm_fonts_collection":"","_jet_sm_fonts_links":""},"pwb-brand":[1249],"product_cat":[1432,76,67,732,60],"product_tag":[1234,926],"class_list":{"0":"post-153900","1":"product","2":"type-product","3":"status-publish","4":"has-post-thumbnail","6":"pwb-brand-m50-lv","7":"product_cat-19janv11febr-20","8":"product_cat-apparel","9":"product_cat-dresses","10":"product_cat-m50-originals","11":"product_cat-womens","12":"product_tag-m50-originals-lv-2","13":"product_tag-m50-kleitas","15":"first","16":"outofstock","17":"taxable","18":"shipping-taxable","19":"purchasable","20":"product-type-variable"},"raw_content":{"name":"M50 Kleita Noktirne ar 3\/4 piedurkn\u0113m | Tum\u0161i zila","description":"<p style=\"text-align: left;\">Bieza, eleganta trikot\u0101\u017ea.\r\nSast\u0101vs: 65% viskoze, 27% poliam\u012bds, 8% elast\u0101ns; auduma bl\u012bvums: 260g.<\/p>\r\n<p style=\"text-align: left;\">Mazg\u0101t ieteicams, ap\u0123\u0113rba iek\u0161pusi izgrie\u017eot uz \u0101ru, 30% t; gludin\u0101t iesak\u0101m ar tvaika gludekli.<\/p>\r\n<p style=\"text-align: left;\">L\u012bva ir 176 cm gara, mugur\u0101 M izm\u0113ra kleita<\/p>","short_description":"<p style=\"text-align: center;\">\u0112rta, praktiska, universa\u0304la trikot\u0101\u017eas kleita ar liela\u0304m kabata\u0304m. Kleita izskata\u0304s lieliski ar\u012b ar jostin\u0327u un daz\u030ca\u0304diem aksesua\u0304riem.<\/p>","status":"publish","sku":"m50-dress-noktirne-navy","original":153849},"wpml":{"translation_type":1,"has_translations":true,"original":153849,"duplicates":[],"translations":{"lv":153900,"en":153849}},"brands":[{"id":1249,"name":"M50","slug":"m50-lv"}],"_links":{"self":[{"href":"https:\/\/m50.lv\/lv\/wp-json\/wp\/v2\/product\/153900","targetHints":{"allow":["GET"]}}],"collection":[{"href":"https:\/\/m50.lv\/lv\/wp-json\/wp\/v2\/product"}],"about":[{"href":"https:\/\/m50.lv\/lv\/wp-json\/wp\/v2\/types\/product"}],"version-history":[{"count":0,"href":"https:\/\/m50.lv\/lv\/wp-json\/wp\/v2\/product\/153900\/revisions"}],"wp:featuredmedia":[{"embeddable":true,"href":"https:\/\/m50.lv\/lv\/wp-json\/wp\/v2\/media\/153779"}],"wp:attachment":[{"href":"https:\/\/m50.lv\/lv\/wp-json\/wp\/v2\/media?parent=153900"}],"wp:term":[{"taxonomy":"pwb-brand","embeddable":true,"href":"https:\/\/m50.lv\/lv\/wp-json\/wp\/v2\/pwb-brand?post=153900"},{"taxonomy":"product_cat","embeddable":true,"href":"https:\/\/m50.lv\/lv\/wp-json\/wp\/v2\/product_cat?post=153900"},{"taxonomy":"product_tag","embeddable":true,"href":"https:\/\/m50.lv\/lv\/wp-json\/wp\/v2\/product_tag?post=153900"}],"curies":[{"name":"wp","href":"https:\/\/api.w.org\/{rel}","templated":true}]}}