{"id":156009,"date":"2023-05-25T11:40:04","date_gmt":"2023-05-25T09:40:04","guid":{"rendered":"https:\/\/m50.lv\/product\/schastia-zdorovia-zekes-duck-tumsi-zalas\/"},"modified":"2023-12-05T17:22:43","modified_gmt":"2023-12-05T15:22:43","slug":"schastia-zdorovia-zekes-duck-tumsi-zalas","status":"publish","type":"product","link":"https:\/\/m50.lv\/lv\/product\/schastia-zdorovia-zekes-duck-tumsi-zalas\/","title":{"rendered":"Schastia Zdorovia Ze\u0137es &#8220;Duck&#8221; | Tum\u0161i za\u013cas"},"content":{"rendered":"<p>Ra\u017eots Ukrain\u0101.<br \/>\nSast\u0101vs: 97% kokvilna un 3% elast\u0101ns<\/p>\n","protected":false},"excerpt":{"rendered":"<p style=\"text-align: center;\">Ze\u0137es ar iem\u012b\u013coto p\u012bli, kas saka ko rupju. Der\u0113s un patiks tiem, kas saprot humorus un jokas. Patiks ar\u012b tiem, kas n\u0113s\u0101 ze\u0137es. Patiks ar\u012b tiem, kas nesaprot krievu valodu. Patiks ar\u012b tiem, kas saprot krievu un citas valodas.<\/p>\n","protected":false},"featured_media":156004,"template":"","meta":{"_jet_sm_ready_style":"","_jet_sm_style":"","_jet_sm_controls_values":"","_jet_sm_fonts_collection":"","_jet_sm_fonts_links":""},"pwb-brand":[1256],"product_cat":[101,567],"product_tag":[1474],"class_list":{"0":"post-156009","1":"product","2":"type-product","3":"status-publish","4":"has-post-thumbnail","6":"pwb-brand-schastia-zdorovia-lv","7":"product_cat-aksesuari","8":"product_cat-zekes","9":"product_tag-gifts-under-20e","11":"first","12":"instock","13":"taxable","14":"shipping-taxable","15":"purchasable","16":"product-type-variable"},"raw_content":{"name":"Schastia Zdorovia Ze\u0137es \"Duck\" | Tum\u0161i za\u013cas","description":"Ra\u017eots Ukrain\u0101.\r\nSast\u0101vs: 97% kokvilna un 3% elast\u0101ns","short_description":"<p style=\"text-align: center;\">Ze\u0137es ar iem\u012b\u013coto p\u012bli, kas saka ko rupju. Der\u0113s un patiks tiem, kas saprot humorus un jokas. Patiks ar\u012b tiem, kas n\u0113s\u0101 ze\u0137es. Patiks ar\u012b tiem, kas nesaprot krievu valodu. Patiks ar\u012b tiem, kas saprot krievu un citas valodas.<\/p>","status":"publish","sku":"Scahstia-socks-dark-green","original":155969},"wpml":{"translation_type":1,"has_translations":true,"original":155969,"duplicates":[],"translations":{"lv":156009,"en":155969}},"brands":[{"id":1256,"name":"Schastia Zdorovia","slug":"schastia-zdorovia-lv"}],"_links":{"self":[{"href":"https:\/\/m50.lv\/lv\/wp-json\/wp\/v2\/product\/156009","targetHints":{"allow":["GET"]}}],"collection":[{"href":"https:\/\/m50.lv\/lv\/wp-json\/wp\/v2\/product"}],"about":[{"href":"https:\/\/m50.lv\/lv\/wp-json\/wp\/v2\/types\/product"}],"version-history":[{"count":0,"href":"https:\/\/m50.lv\/lv\/wp-json\/wp\/v2\/product\/156009\/revisions"}],"wp:featuredmedia":[{"embeddable":true,"href":"https:\/\/m50.lv\/lv\/wp-json\/wp\/v2\/media\/156004"}],"wp:attachment":[{"href":"https:\/\/m50.lv\/lv\/wp-json\/wp\/v2\/media?parent=156009"}],"wp:term":[{"taxonomy":"pwb-brand","embeddable":true,"href":"https:\/\/m50.lv\/lv\/wp-json\/wp\/v2\/pwb-brand?post=156009"},{"taxonomy":"product_cat","embeddable":true,"href":"https:\/\/m50.lv\/lv\/wp-json\/wp\/v2\/product_cat?post=156009"},{"taxonomy":"product_tag","embeddable":true,"href":"https:\/\/m50.lv\/lv\/wp-json\/wp\/v2\/product_tag?post=156009"}],"curies":[{"name":"wp","href":"https:\/\/api.w.org\/{rel}","templated":true}]}}