{"id":156015,"date":"2023-05-25T11:55:53","date_gmt":"2023-05-25T09:55:53","guid":{"rendered":"https:\/\/m50.lv\/product\/schastia-zdorovia-t-krekls-duck-izsuts-melns\/"},"modified":"2024-02-03T14:34:33","modified_gmt":"2024-02-03T12:34:33","slug":"schastia-zdorovia-t-krekls-duck-izsuts-melns","status":"publish","type":"product","link":"https:\/\/m50.lv\/lv\/product\/schastia-zdorovia-t-krekls-duck-izsuts-melns\/","title":{"rendered":"Schastia Zdorovia T krekls &#8220;Duck&#8221; iz\u0161\u016bts | Melns"},"content":{"rendered":"<p style=\"text-align: left;\">Ieg\u0101d\u0101joties Schastia Zdorovia z\u012bmola dizainus, tie\u0161\u0101 veid\u0101 tiek atbalst\u012bti divi konkr\u0113ti m\u0101kslinieki, un vi\u0146u ikdiena neapskau\u017eamos kara apst\u0101k\u013cos. Ticam, ka labais uzvar\u0113s, un Marijai ar Aleksandru izdosies realiz\u0113t savus rado\u0161os sap\u0146us br\u012bv\u0101 Ukrain\u0101!<\/p>\n<p>Sast\u0101vs: 100% kokvilna<\/p>\n","protected":false},"excerpt":{"rendered":"<p style=\"text-align: center;\">M\u012bkstas kokvilnas br\u012bva piegriezuma unisex fasona T krekls ar slaveno rupjo p\u012bl\u012bti.<\/p>\n","protected":false},"featured_media":156008,"template":"","meta":{"_jet_sm_ready_style":"","_jet_sm_style":"","_jet_sm_controls_values":"","_jet_sm_fonts_collection":"","_jet_sm_fonts_links":""},"pwb-brand":[1256],"product_cat":[102,105,107,104,103],"product_tag":[1438],"class_list":{"0":"post-156015","1":"product","2":"type-product","3":"status-publish","4":"has-post-thumbnail","6":"pwb-brand-schastia-zdorovia-lv","7":"product_cat-apgerbs","8":"product_cat-sievietem","9":"product_cat-t-krekli-sievietem","10":"product_cat-t-krekli","11":"product_cat-viriesiem","12":"product_tag-bestselleri-lv","14":"first","15":"instock","16":"taxable","17":"shipping-taxable","18":"purchasable","19":"product-type-variable"},"raw_content":{"name":"Schastia Zdorovia T krekls \"Duck\" iz\u0161\u016bts | Melns","description":"<p style=\"text-align: left;\">Ieg\u0101d\u0101joties Schastia Zdorovia z\u012bmola dizainus, tie\u0161\u0101 veid\u0101 tiek atbalst\u012bti divi konkr\u0113ti m\u0101kslinieki, un vi\u0146u ikdiena neapskau\u017eamos kara apst\u0101k\u013cos. Ticam, ka labais uzvar\u0113s, un Marijai ar Aleksandru izdosies realiz\u0113t savus rado\u0161os sap\u0146us br\u012bv\u0101 Ukrain\u0101!\r\n\r\nSast\u0101vs: 100% kokvilna<\/p>","short_description":"<p style=\"text-align: center;\">M\u012bkstas kokvilnas br\u012bva piegriezuma unisex fasona T krekls ar slaveno rupjo p\u012bl\u012bti.<\/p>","status":"publish","sku":"scastia-oversized-suck-tshirt-embroider-black","original":155987},"wpml":{"translation_type":1,"has_translations":true,"original":155987,"duplicates":[],"translations":{"lv":156015,"en":155987}},"brands":[{"id":1256,"name":"Schastia Zdorovia","slug":"schastia-zdorovia-lv"}],"_links":{"self":[{"href":"https:\/\/m50.lv\/lv\/wp-json\/wp\/v2\/product\/156015","targetHints":{"allow":["GET"]}}],"collection":[{"href":"https:\/\/m50.lv\/lv\/wp-json\/wp\/v2\/product"}],"about":[{"href":"https:\/\/m50.lv\/lv\/wp-json\/wp\/v2\/types\/product"}],"version-history":[{"count":0,"href":"https:\/\/m50.lv\/lv\/wp-json\/wp\/v2\/product\/156015\/revisions"}],"wp:featuredmedia":[{"embeddable":true,"href":"https:\/\/m50.lv\/lv\/wp-json\/wp\/v2\/media\/156008"}],"wp:attachment":[{"href":"https:\/\/m50.lv\/lv\/wp-json\/wp\/v2\/media?parent=156015"}],"wp:term":[{"taxonomy":"pwb-brand","embeddable":true,"href":"https:\/\/m50.lv\/lv\/wp-json\/wp\/v2\/pwb-brand?post=156015"},{"taxonomy":"product_cat","embeddable":true,"href":"https:\/\/m50.lv\/lv\/wp-json\/wp\/v2\/product_cat?post=156015"},{"taxonomy":"product_tag","embeddable":true,"href":"https:\/\/m50.lv\/lv\/wp-json\/wp\/v2\/product_tag?post=156015"}],"curies":[{"name":"wp","href":"https:\/\/api.w.org\/{rel}","templated":true}]}}