{"id":156467,"date":"2023-06-03T09:10:17","date_gmt":"2023-06-03T07:10:17","guid":{"rendered":"https:\/\/m50.lv\/product\/krista-bitmete-unisex-t-krekls-just-dill-with-it-balts\/"},"modified":"2026-04-21T06:58:32","modified_gmt":"2026-04-21T04:58:32","slug":"krista-bitmete-unisex-t-krekls-just-dill-with-it-balts","status":"publish","type":"product","link":"https:\/\/m50.lv\/lv\/product\/krista-bitmete-unisex-t-krekls-just-dill-with-it-balts\/","title":{"rendered":"KRISTA BITMETE Unisex T Krekls \u201cJust Dill With It\u201d | Balts"},"content":{"rendered":"<p style=\"text-align: left;\">T-krekls ra\u017eots no 100% organiskas un PETA sertific\u0113tas augstas kvalit\u0101tes kokvilnas.<br \/>\nTo uzvelkot, ap\u0146em pat\u012bkams m\u012bkstums un maigums, T krekls atbilst visiem god\u012bgas tirdzniec\u012bbas un ilgtsp\u0113j\u012bgas ra\u017eo\u0161anas principiem, ra\u017eots Be\u013c\u0123ijas uz\u0146\u0113mum\u0101 Stanley\/Stella. Apdruk\u0101ts R\u012bg\u0101 \u2013 sietspiedes tehnik\u0101.<\/p>\n<p style=\"text-align: left;\">Ieteicams mazg\u0101t 30C gr\u0101du temperat\u016br\u0101, izgrie\u017eot iek\u0161pusi uz \u0101ru. Auduma bl\u012bvums: 150 G\/M\u00b2<\/p>\n","protected":false},"excerpt":{"rendered":"<p style=\"text-align: center;\">K\u0101 latvie\u0161i saka, Ej Dill\u0113s! Un m\u0113s ejam, jo pat\u012bk un for\u0161i. Kristas Bitmetes kokvilnas t-krekls \u201cJust Dill With It\u201d. Unisex.<\/p>\n","protected":false},"featured_media":156431,"template":"","meta":{"_jet_sm_ready_style":"","_jet_sm_style":"","_jet_sm_controls_values":"","_jet_sm_fonts_collection":"","_jet_sm_fonts_links":""},"pwb-brand":[525],"product_cat":[102,105,104,107,103],"product_tag":[1561],"class_list":{"0":"post-156467","1":"product","2":"type-product","3":"status-publish","4":"has-post-thumbnail","6":"pwb-brand-krista-bitmete","7":"product_cat-apgerbs","8":"product_cat-sievietem","9":"product_cat-t-krekli","10":"product_cat-t-krekli-sievietem","11":"product_cat-viriesiem","12":"product_tag-valentines-day-gifts","14":"first","15":"instock","16":"taxable","17":"shipping-taxable","18":"purchasable","19":"product-type-variable"},"raw_content":{"name":"KRISTA BITMETE Unisex T Krekls \u201cJust Dill With It\u201d | Balts","description":"<p style=\"text-align: left;\">T-krekls ra\u017eots no 100% organiskas un PETA sertific\u0113tas augstas kvalit\u0101tes kokvilnas.\r\nTo uzvelkot, ap\u0146em pat\u012bkams m\u012bkstums un maigums, T krekls atbilst visiem god\u012bgas tirdzniec\u012bbas un ilgtsp\u0113j\u012bgas ra\u017eo\u0161anas principiem, ra\u017eots Be\u013c\u0123ijas uz\u0146\u0113mum\u0101 Stanley\/Stella. Apdruk\u0101ts R\u012bg\u0101 \u2013 sietspiedes tehnik\u0101.<\/p>\r\n<p style=\"text-align: left;\">Ieteicams mazg\u0101t 30C gr\u0101du temperat\u016br\u0101, izgrie\u017eot iek\u0161pusi uz \u0101ru. Auduma bl\u012bvums: 150 G\/M\u00b2<\/p>","short_description":"<p style=\"text-align: center;\">K\u0101 latvie\u0161i saka, Ej Dill\u0113s! Un m\u0113s ejam, jo pat\u012bk un for\u0161i. Kristas Bitmetes kokvilnas t-krekls \u201cJust Dill With It\u201d. Unisex.<\/p>","status":"publish","sku":"KristaBitmete-Unisex-justdillwithit-white","original":156425},"wpml":{"translation_type":1,"has_translations":true,"original":156425,"duplicates":[],"translations":{"lv":156467,"en":156425}},"brands":[{"id":1255,"name":"KRISTA BITMETE","slug":"krista-bitmete-lv"}],"_links":{"self":[{"href":"https:\/\/m50.lv\/lv\/wp-json\/wp\/v2\/product\/156467","targetHints":{"allow":["GET"]}}],"collection":[{"href":"https:\/\/m50.lv\/lv\/wp-json\/wp\/v2\/product"}],"about":[{"href":"https:\/\/m50.lv\/lv\/wp-json\/wp\/v2\/types\/product"}],"version-history":[{"count":0,"href":"https:\/\/m50.lv\/lv\/wp-json\/wp\/v2\/product\/156467\/revisions"}],"wp:featuredmedia":[{"embeddable":true,"href":"https:\/\/m50.lv\/lv\/wp-json\/wp\/v2\/media\/156431"}],"wp:attachment":[{"href":"https:\/\/m50.lv\/lv\/wp-json\/wp\/v2\/media?parent=156467"}],"wp:term":[{"taxonomy":"pwb-brand","embeddable":true,"href":"https:\/\/m50.lv\/lv\/wp-json\/wp\/v2\/pwb-brand?post=156467"},{"taxonomy":"product_cat","embeddable":true,"href":"https:\/\/m50.lv\/lv\/wp-json\/wp\/v2\/product_cat?post=156467"},{"taxonomy":"product_tag","embeddable":true,"href":"https:\/\/m50.lv\/lv\/wp-json\/wp\/v2\/product_tag?post=156467"}],"curies":[{"name":"wp","href":"https:\/\/api.w.org\/{rel}","templated":true}]}}