{"id":156609,"date":"2023-06-03T09:37:49","date_gmt":"2023-06-03T07:37:49","guid":{"rendered":"https:\/\/m50.lv\/product\/m50-organiskas-kokvilnas-t-krekls-dziedi-dejo-svini\/"},"modified":"2026-04-29T16:02:06","modified_gmt":"2026-04-29T14:02:06","slug":"m50-organiskas-kokvilnas-t-krekls-dziedi-dejo-svini","status":"publish","type":"product","link":"https:\/\/m50.lv\/lv\/product\/m50-organiskas-kokvilnas-t-krekls-dziedi-dejo-svini\/","title":{"rendered":"M50 Organiskas Kokvilnas T-Krekls | DZIEDI DEJO SVINI"},"content":{"rendered":"<p style=\"text-align: left;\">Unisex modelis, pat\u012bkams un maigs organisk\u0101s kokvilnas audums, 180 G\/M\u00b2 pienbalts.<br \/>\nIeskaties izm\u0113ru tabul\u0101 un atrodi \u012bsto!<\/p>\n","protected":false},"excerpt":{"rendered":"<p style=\"text-align: center;\">\u0160\u012bs vasaras moto- DZIEDI DEJO SVINI!<br \/>\nM\u0113s vienm\u0113r esam teiku\u0161i, ka dz\u012bve ir j\u0101svin! Un par godu \u0161\u012bs vasaras lielajiem Dziesmu un Deju sv\u0113tkiem, esam rad\u012bju\u0161i \u010detrus T kreklu dizainus, kas pa visam noteikti ieder\u0113sies \u0161\u012bs vasaras piedz\u012bvojumu kopbild\u0113.<\/p>\n","protected":false},"featured_media":184647,"template":"","meta":{"_jet_sm_ready_style":"","_jet_sm_style":"","_jet_sm_controls_values":"","_jet_sm_fonts_collection":"","_jet_sm_fonts_links":""},"pwb-brand":[93],"product_cat":[82,76,60,68,61],"product_tag":[1349,838,1439,1423],"class_list":{"0":"post-156609","1":"product","2":"type-product","3":"status-publish","4":"has-post-thumbnail","6":"pwb-brand-m50","7":"product_cat-t-shirts-women","8":"product_cat-apparel","9":"product_cat-womens","10":"product_cat-t-shirts","11":"product_cat-mens","12":"product_tag-dzdsvini","13":"product_tag-m50-t-shirt","14":"product_tag-last-chance","15":"product_tag-saleforever","17":"first","18":"instock","19":"sale","20":"taxable","21":"shipping-taxable","22":"purchasable","23":"product-type-variable"},"raw_content":{"name":"M50 Organiskas Kokvilnas T-Krekls | DZIEDI DEJO SVINI","description":"<p style=\"text-align: left;\">Unisex modelis, pat\u012bkams un maigs organisk\u0101s kokvilnas audums, 180 G\/M\u00b2 pienbalts.\r\nIeskaties izm\u0113ru tabul\u0101 un atrodi \u012bsto!<\/p>","short_description":"<p style=\"text-align: center;\">\u0160\u012bs vasaras moto- DZIEDI DEJO SVINI!\r\nM\u0113s vienm\u0113r esam teiku\u0161i, ka dz\u012bve ir j\u0101svin! Un par godu \u0161\u012bs vasaras lielajiem Dziesmu un Deju sv\u0113tkiem, esam rad\u012bju\u0161i \u010detrus T kreklu dizainus, kas pa visam noteikti ieder\u0113sies \u0161\u012bs vasaras piedz\u012bvojumu kopbild\u0113.<\/p>","status":"publish","sku":"M50-T-shirt-DziedidejoSvini-","original":156474},"wpml":{"translation_type":1,"has_translations":true,"original":156474,"duplicates":[],"translations":{"lv":156609,"en":156474}},"brands":[{"id":1249,"name":"M50","slug":"m50-lv"}],"_links":{"self":[{"href":"https:\/\/m50.lv\/lv\/wp-json\/wp\/v2\/product\/156609","targetHints":{"allow":["GET"]}}],"collection":[{"href":"https:\/\/m50.lv\/lv\/wp-json\/wp\/v2\/product"}],"about":[{"href":"https:\/\/m50.lv\/lv\/wp-json\/wp\/v2\/types\/product"}],"version-history":[{"count":0,"href":"https:\/\/m50.lv\/lv\/wp-json\/wp\/v2\/product\/156609\/revisions"}],"wp:featuredmedia":[{"embeddable":true,"href":"https:\/\/m50.lv\/lv\/wp-json\/wp\/v2\/media\/184647"}],"wp:attachment":[{"href":"https:\/\/m50.lv\/lv\/wp-json\/wp\/v2\/media?parent=156609"}],"wp:term":[{"taxonomy":"pwb-brand","embeddable":true,"href":"https:\/\/m50.lv\/lv\/wp-json\/wp\/v2\/pwb-brand?post=156609"},{"taxonomy":"product_cat","embeddable":true,"href":"https:\/\/m50.lv\/lv\/wp-json\/wp\/v2\/product_cat?post=156609"},{"taxonomy":"product_tag","embeddable":true,"href":"https:\/\/m50.lv\/lv\/wp-json\/wp\/v2\/product_tag?post=156609"}],"curies":[{"name":"wp","href":"https:\/\/api.w.org\/{rel}","templated":true}]}}