{"id":156737,"date":"2023-06-08T15:15:06","date_gmt":"2023-06-08T13:15:06","guid":{"rendered":"https:\/\/m50.lv\/product\/seik-dizaina-kruze-friend\/"},"modified":"2023-06-08T15:15:06","modified_gmt":"2023-06-08T13:15:06","slug":"seik-dizaina-kruze-friend","status":"publish","type":"product","link":"https:\/\/m50.lv\/lv\/product\/seik-dizaina-kruze-friend\/","title":{"rendered":"SEIK Dizaina kr\u016bze | FRIEND"},"content":{"rendered":"<p style=\"text-align: left;\">Tilpums ir 330ml, izm\u0113rs \u2013 diametrs 82 mm, augstums 95 mm.<\/p>\n<p style=\"text-align: left;\">Ir at\u013cauts to mazg\u0101t trauku mazg\u0101jam\u0101 ma\u0161\u012bn\u0101 vai ar rok\u0101m. Kr\u016bze ir iesai\u0146ota skaist\u0101 iepakojum\u0101.<\/p>\n<p style=\"text-align: left;\">Nav svar\u012bgi, vai dzer kafiju vai t\u0113ju \u2013 izbaudi mirkli sev!<\/p>\n","protected":false},"excerpt":{"rendered":"<p style=\"text-align: center;\">D\u0101vini \u0161o kr\u016bzi savam lab\u0101kajam draugam. Kr\u016bzi ir izstr\u0101d\u0101jusi jaun\u0101 m\u0101ksliniece Anne Hanni. Kas var b\u016bt lab\u0101ks k\u0101 baud\u012bt savu iem\u012b\u013coto kafiju vai t\u0113ju no sev m\u012b\u013cas kr\u016bz\u012btes! \u0160\u012b kr\u016bze b\u016bs piepild\u012bta ar vislab\u0101kaj\u0101m atmi\u0146\u0101m no \u012bpa\u0161a cilv\u0113ka \u2013no jums. M\u0113s v\u0113lamies j\u016bs iedvesmot katru dienu.<\/p>\n","protected":false},"featured_media":156723,"template":"","meta":{"_jet_sm_ready_style":"","_jet_sm_style":"","_jet_sm_controls_values":"","_jet_sm_fonts_collection":"","_jet_sm_fonts_links":""},"pwb-brand":[1266],"product_cat":[193,1004],"product_tag":[1474],"class_list":{"0":"post-156737","1":"product","2":"type-product","3":"status-publish","4":"has-post-thumbnail","6":"pwb-brand-seik-lv","7":"product_cat-davanas","8":"product_cat-kruzes","9":"product_tag-gifts-under-20e","11":"first","12":"instock","13":"taxable","14":"shipping-taxable","15":"purchasable","16":"product-type-simple"},"raw_content":{"name":"SEIK Dizaina kr\u016bze | FRIEND","description":"<p style=\"text-align: left;\">Tilpums ir 330ml, izm\u0113rs \u2013 diametrs 82 mm, augstums 95 mm.<\/p>\r\n<p style=\"text-align: left;\">Ir at\u013cauts to mazg\u0101t trauku mazg\u0101jam\u0101 ma\u0161\u012bn\u0101 vai ar rok\u0101m. Kr\u016bze ir iesai\u0146ota skaist\u0101 iepakojum\u0101.<\/p>\r\n<p style=\"text-align: left;\">Nav svar\u012bgi, vai dzer kafiju vai t\u0113ju \u2013 izbaudi mirkli sev!<\/p>","short_description":"<p style=\"text-align: center;\">D\u0101vini \u0161o kr\u016bzi savam lab\u0101kajam draugam. Kr\u016bzi ir izstr\u0101d\u0101jusi jaun\u0101 m\u0101ksliniece Anne Hanni. Kas var b\u016bt lab\u0101ks k\u0101 baud\u012bt savu iem\u012b\u013coto kafiju vai t\u0113ju no sev m\u012b\u013cas kr\u016bz\u012btes! \u0160\u012b kr\u016bze b\u016bs piepild\u012bta ar vislab\u0101kaj\u0101m atmi\u0146\u0101m no \u012bpa\u0161a cilv\u0113ka \u2013no jums. M\u0113s v\u0113lamies j\u016bs iedvesmot katru dienu.<\/p>","status":"publish","sku":"SEIK-4744716018312","original":156719},"wpml":{"translation_type":1,"has_translations":true,"original":156719,"duplicates":[],"translations":{"lv":156737,"en":156719}},"brands":[{"id":1266,"name":"SEIK","slug":"seik-lv"}],"_links":{"self":[{"href":"https:\/\/m50.lv\/lv\/wp-json\/wp\/v2\/product\/156737","targetHints":{"allow":["GET"]}}],"collection":[{"href":"https:\/\/m50.lv\/lv\/wp-json\/wp\/v2\/product"}],"about":[{"href":"https:\/\/m50.lv\/lv\/wp-json\/wp\/v2\/types\/product"}],"version-history":[{"count":0,"href":"https:\/\/m50.lv\/lv\/wp-json\/wp\/v2\/product\/156737\/revisions"}],"wp:featuredmedia":[{"embeddable":true,"href":"https:\/\/m50.lv\/lv\/wp-json\/wp\/v2\/media\/156723"}],"wp:attachment":[{"href":"https:\/\/m50.lv\/lv\/wp-json\/wp\/v2\/media?parent=156737"}],"wp:term":[{"taxonomy":"pwb-brand","embeddable":true,"href":"https:\/\/m50.lv\/lv\/wp-json\/wp\/v2\/pwb-brand?post=156737"},{"taxonomy":"product_cat","embeddable":true,"href":"https:\/\/m50.lv\/lv\/wp-json\/wp\/v2\/product_cat?post=156737"},{"taxonomy":"product_tag","embeddable":true,"href":"https:\/\/m50.lv\/lv\/wp-json\/wp\/v2\/product_tag?post=156737"}],"curies":[{"name":"wp","href":"https:\/\/api.w.org\/{rel}","templated":true}]}}