{"id":156738,"date":"2023-06-08T15:17:12","date_gmt":"2023-06-08T13:17:12","guid":{"rendered":"https:\/\/m50.lv\/product\/seik-dizaina-kruze-liga\/"},"modified":"2023-06-08T15:17:12","modified_gmt":"2023-06-08T13:17:12","slug":"seik-dizaina-kruze-liga","status":"publish","type":"product","link":"https:\/\/m50.lv\/lv\/product\/seik-dizaina-kruze-liga\/","title":{"rendered":"SEIK Dizaina kr\u016bze | L\u012aGA"},"content":{"rendered":"<p style=\"text-align: left;\">Tilpums ir 330ml, izm\u0113rs \u2013 diametrs 82 mm, augstums 95 mm.<\/p>\n<p style=\"text-align: left;\">Ir at\u013cauts to mazg\u0101t trauku mazg\u0101jam\u0101 ma\u0161\u012bn\u0101 vai ar rok\u0101m. Kr\u016bze ir iesai\u0146ota skaist\u0101 iepakojum\u0101!<\/p>\n","protected":false},"excerpt":{"rendered":"<p style=\"text-align: center;\">Katrai L\u012bgai ir vajadz\u012bga sava \u012bpa\u0161\u0101 kr\u016bze, kas apliecina vi\u0146as skaistumu, patriotismu un latviet\u012bbu.<\/p>\n","protected":false},"featured_media":156733,"template":"","meta":{"_jet_sm_ready_style":"","_jet_sm_style":"","_jet_sm_controls_values":"","_jet_sm_fonts_collection":"","_jet_sm_fonts_links":""},"pwb-brand":[1266],"product_cat":[193,1004],"product_tag":[1396],"class_list":{"0":"post-156738","1":"product","2":"type-product","3":"status-publish","4":"has-post-thumbnail","6":"pwb-brand-seik-lv","7":"product_cat-davanas","8":"product_cat-kruzes","9":"product_tag-zem20-lv","11":"first","12":"outofstock","13":"taxable","14":"shipping-taxable","15":"purchasable","16":"product-type-simple"},"raw_content":{"name":"SEIK Dizaina kr\u016bze | L\u012aGA","description":"<p style=\"text-align: left;\">Tilpums ir 330ml, izm\u0113rs \u2013 diametrs 82 mm, augstums 95 mm.<\/p>\r\n<p style=\"text-align: left;\">Ir at\u013cauts to mazg\u0101t trauku mazg\u0101jam\u0101 ma\u0161\u012bn\u0101 vai ar rok\u0101m. Kr\u016bze ir iesai\u0146ota skaist\u0101 iepakojum\u0101!<\/p>","short_description":"<p style=\"text-align: center;\">Katrai L\u012bgai ir vajadz\u012bga sava \u012bpa\u0161\u0101 kr\u016bze, kas apliecina vi\u0146as skaistumu, patriotismu un latviet\u012bbu.<\/p>","status":"publish","sku":"seik-kruze-liga","original":156720},"wpml":{"translation_type":1,"has_translations":true,"original":156720,"duplicates":[],"translations":{"lv":156738,"en":156720}},"brands":[{"id":1266,"name":"SEIK","slug":"seik-lv"}],"_links":{"self":[{"href":"https:\/\/m50.lv\/lv\/wp-json\/wp\/v2\/product\/156738","targetHints":{"allow":["GET"]}}],"collection":[{"href":"https:\/\/m50.lv\/lv\/wp-json\/wp\/v2\/product"}],"about":[{"href":"https:\/\/m50.lv\/lv\/wp-json\/wp\/v2\/types\/product"}],"version-history":[{"count":0,"href":"https:\/\/m50.lv\/lv\/wp-json\/wp\/v2\/product\/156738\/revisions"}],"wp:featuredmedia":[{"embeddable":true,"href":"https:\/\/m50.lv\/lv\/wp-json\/wp\/v2\/media\/156733"}],"wp:attachment":[{"href":"https:\/\/m50.lv\/lv\/wp-json\/wp\/v2\/media?parent=156738"}],"wp:term":[{"taxonomy":"pwb-brand","embeddable":true,"href":"https:\/\/m50.lv\/lv\/wp-json\/wp\/v2\/pwb-brand?post=156738"},{"taxonomy":"product_cat","embeddable":true,"href":"https:\/\/m50.lv\/lv\/wp-json\/wp\/v2\/product_cat?post=156738"},{"taxonomy":"product_tag","embeddable":true,"href":"https:\/\/m50.lv\/lv\/wp-json\/wp\/v2\/product_tag?post=156738"}],"curies":[{"name":"wp","href":"https:\/\/api.w.org\/{rel}","templated":true}]}}