{"id":157140,"date":"2023-06-22T12:46:04","date_gmt":"2023-06-22T10:46:04","guid":{"rendered":"https:\/\/m50.lv\/product\/m50-kleita-ar-sasienamu-elementu-rudzupuku-zila\/"},"modified":"2023-06-22T14:54:03","modified_gmt":"2023-06-22T12:54:03","slug":"m50-kleita-ar-sasienamu-elementu-rudzupuku-zila","status":"publish","type":"product","link":"https:\/\/m50.lv\/lv\/product\/m50-kleita-ar-sasienamu-elementu-rudzupuku-zila\/","title":{"rendered":"M50 Kleita ar sasienamu elementu | Rudzupu\u0137u zila"},"content":{"rendered":"<p style=\"text-align: left;\">Auduma sast\u0101vs:<br \/>\n100% tencels<\/p>\n<p style=\"text-align: left;\">P\u0113c taustes \u0161is audums ir z\u012bdaini maigs, elpojo\u0161s, viegls, \u0113rts ar gludu virsmu. Audums \u013coti skaisti drap\u0113jas un kr\u012bt. \u012apa\u0161i piem\u0113rots cilv\u0113kiem ar j\u016bt\u012bgu \u0101du. Tencels tiek austs no biolo\u0123iski no\u0101rd\u0101mas, atjaunojo\u0161as un ilgtsp\u0113j\u012bgi ieg\u016bstamas celulozes \u2013 eikalipta koka.<\/p>\n","protected":false},"excerpt":{"rendered":"<p style=\"text-align: center;\">Apsienam\u0101 \/ p\u0101rliekam\u0101 wrap kleita no vasar\u012bga, dab\u012bga auduma &#8211; elegance ikdien\u0101 un dro\u0161s risin\u0101jums sv\u0113tkos! Garo jostu var siet bant\u0113, vai p\u0101ris reizes cie\u0161i ap vidu.<\/p>\n","protected":false},"featured_media":157262,"template":"","meta":{"_jet_sm_ready_style":"","_jet_sm_style":"","_jet_sm_controls_values":"","_jet_sm_fonts_collection":"","_jet_sm_fonts_links":""},"pwb-brand":[1249],"product_cat":[102,106,105],"product_tag":[926],"class_list":{"0":"post-157140","1":"product","2":"type-product","3":"status-publish","4":"has-post-thumbnail","6":"pwb-brand-m50-lv","7":"product_cat-apgerbs","8":"product_cat-kleitas","9":"product_cat-sievietem","10":"product_tag-m50-kleitas","12":"first","13":"instock","14":"taxable","15":"shipping-taxable","16":"purchasable","17":"product-type-variable"},"raw_content":{"name":"M50 Kleita ar sasienamu elementu | Rudzupu\u0137u zila","description":"<p style=\"text-align: left;\">Auduma sast\u0101vs:\r\n100% tencels<\/p>\r\n<p style=\"text-align: left;\">P\u0113c taustes \u0161is audums ir z\u012bdaini maigs, elpojo\u0161s, viegls, \u0113rts ar gludu virsmu. Audums \u013coti skaisti drap\u0113jas un kr\u012bt. \u012apa\u0161i piem\u0113rots cilv\u0113kiem ar j\u016bt\u012bgu \u0101du. Tencels tiek austs no biolo\u0123iski no\u0101rd\u0101mas, atjaunojo\u0161as un ilgtsp\u0113j\u012bgi ieg\u016bstamas celulozes \u2013 eikalipta koka.<\/p>","short_description":"<p style=\"text-align: center;\">Apsienam\u0101 \/ p\u0101rliekam\u0101 wrap kleita no vasar\u012bga, dab\u012bga auduma - elegance ikdien\u0101 un dro\u0161s risin\u0101jums sv\u0113tkos! Garo jostu var siet bant\u0113, vai p\u0101ris reizes cie\u0161i ap vidu.<\/p>","status":"publish","sku":"m50-wrap-dress-bright-blue","original":157100},"wpml":{"translation_type":1,"has_translations":true,"original":157100,"duplicates":[],"translations":{"lv":157140,"en":157100}},"brands":[{"id":1249,"name":"M50","slug":"m50-lv"}],"_links":{"self":[{"href":"https:\/\/m50.lv\/lv\/wp-json\/wp\/v2\/product\/157140","targetHints":{"allow":["GET"]}}],"collection":[{"href":"https:\/\/m50.lv\/lv\/wp-json\/wp\/v2\/product"}],"about":[{"href":"https:\/\/m50.lv\/lv\/wp-json\/wp\/v2\/types\/product"}],"version-history":[{"count":0,"href":"https:\/\/m50.lv\/lv\/wp-json\/wp\/v2\/product\/157140\/revisions"}],"wp:featuredmedia":[{"embeddable":true,"href":"https:\/\/m50.lv\/lv\/wp-json\/wp\/v2\/media\/157262"}],"wp:attachment":[{"href":"https:\/\/m50.lv\/lv\/wp-json\/wp\/v2\/media?parent=157140"}],"wp:term":[{"taxonomy":"pwb-brand","embeddable":true,"href":"https:\/\/m50.lv\/lv\/wp-json\/wp\/v2\/pwb-brand?post=157140"},{"taxonomy":"product_cat","embeddable":true,"href":"https:\/\/m50.lv\/lv\/wp-json\/wp\/v2\/product_cat?post=157140"},{"taxonomy":"product_tag","embeddable":true,"href":"https:\/\/m50.lv\/lv\/wp-json\/wp\/v2\/product_tag?post=157140"}],"curies":[{"name":"wp","href":"https:\/\/api.w.org\/{rel}","templated":true}]}}