{"id":157522,"date":"2023-07-07T18:00:36","date_gmt":"2023-07-07T16:00:36","guid":{"rendered":"https:\/\/m50.lv\/product\/m50-organiskas-kokvilnas-maisins-11-tramvajs\/"},"modified":"2023-09-25T17:52:59","modified_gmt":"2023-09-25T15:52:59","slug":"m50-organiskas-kokvilnas-maisins-11-tramvajs","status":"publish","type":"product","link":"https:\/\/m50.lv\/lv\/product\/m50-organiskas-kokvilnas-maisins-11-tramvajs\/","title":{"rendered":"M50 Organisk\u0101s Kokvilnas MAISI\u0145\u0160 11. tramvajs"},"content":{"rendered":"","protected":false},"excerpt":{"rendered":"<p style=\"text-align: center;\">Vecais labais tramvajs, iem\u016b\u017ein\u0101ts uz kokvilnas auduma maisi\u0146a, sietspiedes druk\u0101. Le\u0123end\u0101rs, jo pirmais M50 z\u012bmola dizains, rad\u012bts pirms teju 10 gadiem!<\/p>\n","protected":false},"featured_media":157520,"template":"","meta":{"_jet_sm_ready_style":"","_jet_sm_style":"","_jet_sm_controls_values":"","_jet_sm_fonts_collection":"","_jet_sm_fonts_links":""},"pwb-brand":[1249],"product_cat":[101,205,193],"product_tag":[1474],"class_list":{"0":"post-157522","1":"product","2":"type-product","3":"status-publish","4":"has-post-thumbnail","6":"pwb-brand-m50-lv","7":"product_cat-aksesuari","8":"product_cat-auduma-maisini","9":"product_cat-davanas","10":"product_tag-gifts-under-20e","12":"first","13":"outofstock","14":"taxable","15":"shipping-taxable","16":"purchasable","17":"product-type-simple"},"raw_content":{"name":"M50 Organisk\u0101s Kokvilnas MAISI\u0145\u0160 11. tramvajs","description":"","short_description":"<p style=\"text-align: center;\">Vecais labais tramvajs, iem\u016b\u017ein\u0101ts uz kokvilnas auduma maisi\u0146a, sietspiedes druk\u0101. Le\u0123end\u0101rs, jo pirmais M50 z\u012bmola dizains, rad\u012bts pirms teju 10 gadiem!<\/p>","status":"publish","sku":"m50-bag-11.tramvajs","original":157512},"wpml":{"translation_type":1,"has_translations":true,"original":157512,"duplicates":[],"translations":{"lv":157522,"en":157512}},"brands":[{"id":1249,"name":"M50","slug":"m50-lv"}],"_links":{"self":[{"href":"https:\/\/m50.lv\/lv\/wp-json\/wp\/v2\/product\/157522","targetHints":{"allow":["GET"]}}],"collection":[{"href":"https:\/\/m50.lv\/lv\/wp-json\/wp\/v2\/product"}],"about":[{"href":"https:\/\/m50.lv\/lv\/wp-json\/wp\/v2\/types\/product"}],"version-history":[{"count":0,"href":"https:\/\/m50.lv\/lv\/wp-json\/wp\/v2\/product\/157522\/revisions"}],"wp:featuredmedia":[{"embeddable":true,"href":"https:\/\/m50.lv\/lv\/wp-json\/wp\/v2\/media\/157520"}],"wp:attachment":[{"href":"https:\/\/m50.lv\/lv\/wp-json\/wp\/v2\/media?parent=157522"}],"wp:term":[{"taxonomy":"pwb-brand","embeddable":true,"href":"https:\/\/m50.lv\/lv\/wp-json\/wp\/v2\/pwb-brand?post=157522"},{"taxonomy":"product_cat","embeddable":true,"href":"https:\/\/m50.lv\/lv\/wp-json\/wp\/v2\/product_cat?post=157522"},{"taxonomy":"product_tag","embeddable":true,"href":"https:\/\/m50.lv\/lv\/wp-json\/wp\/v2\/product_tag?post=157522"}],"curies":[{"name":"wp","href":"https:\/\/api.w.org\/{rel}","templated":true}]}}