{"id":157927,"date":"2023-07-18T18:38:37","date_gmt":"2023-07-18T16:38:37","guid":{"rendered":"https:\/\/m50.lv\/product\/vaira-viksne-organiskas-kokvilnas-t-krekls-riga-dreamin\/"},"modified":"2026-02-23T14:43:40","modified_gmt":"2026-02-23T12:43:40","slug":"vaira-viksne-organiskas-kokvilnas-t-krekls-riga-dreamin","status":"publish","type":"product","link":"https:\/\/m50.lv\/lv\/product\/vaira-viksne-organiskas-kokvilnas-t-krekls-riga-dreamin\/","title":{"rendered":"Vaira V\u012bksne ORGANISKAS KOKVILNAS T KREKLS RIGA DREAMIN`"},"content":{"rendered":"<p style=\"text-align: left;\">Ra\u017eots no 100% organisk\u0101s kokvilnas, \u0161is T-krekls ne tikai izce\u013c br\u012bni\u0161\u0137\u012bgo dizainu, bet ar\u012b veicina ilgtsp\u0113j\u012bgu n\u0101kotni. Maig\u0101 un elpojo\u0161\u0101 auduma tekst\u016bra nodro\u0161ina pat\u012bkamu komfortu, padarot to par ide\u0101lu ap\u0123\u0113rba gabalu ikdienas lieto\u0161anai un atp\u016btai.<\/p>\n<p style=\"text-align: left;\">Krekls ra\u017eots ES, druk\u0101ts R\u012bg\u0101 DTG tehnik\u0101.<br \/>\nIeteicams mazg\u0101t 30C gr\u0101du temperat\u016br\u0101, izgrie\u017eot iek\u0161pusi uz \u0101ru, neizmantot autom\u0101tisko \u017e\u0101v\u0113t\u0101ju<br \/>\nAuduma bl\u012bvums: 180 G\/M\u00b2<\/p>\n","protected":false},"excerpt":{"rendered":"<p style=\"text-align: center;\">Jaunais apburo\u0161ais dizains &#8220;Riga Dreamin'&#8221; ir cie\u0146as apliecin\u0101jums vilino\u0161ajam 70-o gadu Rietumkrasta grafisk\u0101s vint\u0101\u017eas stilam. Dizains apvieno dz\u012bvespriec\u012bgus kr\u0101su to\u0146us un sare\u017e\u0123\u012btas rakstura kombin\u0101cijas, uzburot br\u012bv\u012bbas un sap\u0146ainu ce\u013cojumu saj\u016btu<\/p>\n","protected":false},"featured_media":157725,"template":"","meta":{"_jet_sm_ready_style":"","_jet_sm_style":"","_jet_sm_controls_values":"","_jet_sm_fonts_collection":"","_jet_sm_fonts_links":""},"pwb-brand":[1261],"product_cat":[102,105,104,107,103],"product_tag":[1368],"class_list":{"0":"post-157927","1":"product","2":"type-product","3":"status-publish","4":"has-post-thumbnail","6":"pwb-brand-vaira-viksne-lv","7":"product_cat-apgerbs","8":"product_cat-sievietem","9":"product_cat-t-krekli","10":"product_cat-t-krekli-sievietem","11":"product_cat-viriesiem","12":"product_tag-tevu-diena","14":"first","15":"instock","16":"taxable","17":"shipping-taxable","18":"purchasable","19":"product-type-variable"},"raw_content":{"name":"Vaira V\u012bksne ORGANISKAS KOKVILNAS T KREKLS RIGA DREAMIN`","description":"<p style=\"text-align: left;\">Ra\u017eots no 100% organisk\u0101s kokvilnas, \u0161is T-krekls ne tikai izce\u013c br\u012bni\u0161\u0137\u012bgo dizainu, bet ar\u012b veicina ilgtsp\u0113j\u012bgu n\u0101kotni. Maig\u0101 un elpojo\u0161\u0101 auduma tekst\u016bra nodro\u0161ina pat\u012bkamu komfortu, padarot to par ide\u0101lu ap\u0123\u0113rba gabalu ikdienas lieto\u0161anai un atp\u016btai.<\/p>\r\n<p style=\"text-align: left;\">Krekls ra\u017eots ES, druk\u0101ts R\u012bg\u0101 DTG tehnik\u0101.\r\nIeteicams mazg\u0101t 30C gr\u0101du temperat\u016br\u0101, izgrie\u017eot iek\u0161pusi uz \u0101ru, neizmantot autom\u0101tisko \u017e\u0101v\u0113t\u0101ju\r\nAuduma bl\u012bvums: 180 G\/M\u00b2<\/p>","short_description":"<p style=\"text-align: center;\">Jaunais apburo\u0161ais dizains \"Riga Dreamin'\" ir cie\u0146as apliecin\u0101jums vilino\u0161ajam 70-o gadu Rietumkrasta grafisk\u0101s vint\u0101\u017eas stilam. Dizains apvieno dz\u012bvespriec\u012bgus kr\u0101su to\u0146us un sare\u017e\u0123\u012btas rakstura kombin\u0101cijas, uzburot br\u012bv\u012bbas un sap\u0146ainu ce\u013cojumu saj\u016btu<\/p>","status":"publish","sku":"VairaVikksne-Riga-Dreamin","original":157723},"wpml":{"translation_type":1,"has_translations":true,"original":157723,"duplicates":[],"translations":{"lv":157927,"en":157723}},"brands":[{"id":1261,"name":"Vaira V\u012bksne","slug":"vaira-viksne-lv"}],"_links":{"self":[{"href":"https:\/\/m50.lv\/lv\/wp-json\/wp\/v2\/product\/157927","targetHints":{"allow":["GET"]}}],"collection":[{"href":"https:\/\/m50.lv\/lv\/wp-json\/wp\/v2\/product"}],"about":[{"href":"https:\/\/m50.lv\/lv\/wp-json\/wp\/v2\/types\/product"}],"version-history":[{"count":0,"href":"https:\/\/m50.lv\/lv\/wp-json\/wp\/v2\/product\/157927\/revisions"}],"wp:featuredmedia":[{"embeddable":true,"href":"https:\/\/m50.lv\/lv\/wp-json\/wp\/v2\/media\/157725"}],"wp:attachment":[{"href":"https:\/\/m50.lv\/lv\/wp-json\/wp\/v2\/media?parent=157927"}],"wp:term":[{"taxonomy":"pwb-brand","embeddable":true,"href":"https:\/\/m50.lv\/lv\/wp-json\/wp\/v2\/pwb-brand?post=157927"},{"taxonomy":"product_cat","embeddable":true,"href":"https:\/\/m50.lv\/lv\/wp-json\/wp\/v2\/product_cat?post=157927"},{"taxonomy":"product_tag","embeddable":true,"href":"https:\/\/m50.lv\/lv\/wp-json\/wp\/v2\/product_tag?post=157927"}],"curies":[{"name":"wp","href":"https:\/\/api.w.org\/{rel}","templated":true}]}}