{"id":157937,"date":"2023-07-18T21:27:54","date_gmt":"2023-07-18T19:27:54","guid":{"rendered":"https:\/\/m50.lv\/product\/m50-briva-piegriezuma-dzemperis-grafits\/"},"modified":"2023-08-01T12:44:56","modified_gmt":"2023-08-01T10:44:56","slug":"m50-briva-piegriezuma-dzemperis-grafits","status":"publish","type":"product","link":"https:\/\/m50.lv\/lv\/product\/m50-briva-piegriezuma-dzemperis-grafits\/","title":{"rendered":"M50 Br\u012bva piegriezuma d\u017eemperis | Graf\u012bts"},"content":{"rendered":"<p style=\"text-align: left;\">Auduma sast\u0101vs: 80% kokvilna, 20% poliesteris, viens univers\u0101ls izm\u0113rs, piecas sul\u012bgas kr\u0101sas!<\/p>\n","protected":false},"excerpt":{"rendered":"<p style=\"text-align: center;\">Kvalitat\u012bvs audums un \u0113rts piegriezums &#8211; d\u017eemperi var vilkt, mainot priek\u0161pusi ar mugurpusi, l\u012bdz ar to da\u017e\u0101dojot kakla izgriezuma stilu. Pat\u012bkami m\u012bksts audums (kokvilna un poliesteris), bez liek\u0101m klapat\u0101m mazg\u0101jams, \u017e\u0101v\u0113jams, un atkal velkams ikdienas ap\u0123\u0113rbs!<\/p>\n","protected":false},"featured_media":157788,"template":"","meta":{"_jet_sm_ready_style":"","_jet_sm_style":"","_jet_sm_controls_values":"","_jet_sm_fonts_collection":"","_jet_sm_fonts_links":""},"pwb-brand":[1249],"product_cat":[1426,76,175,732,60,22],"product_tag":[1360],"class_list":{"0":"post-157937","1":"product","2":"type-product","3":"status-publish","4":"has-post-thumbnail","6":"pwb-brand-m50-lv","7":"product_cat-19janv11febr-30","8":"product_cat-apparel","9":"product_cat-sweatshirts-2","10":"product_cat-m50-originals","11":"product_cat-womens","12":"product_cat-uncategorized","13":"product_tag-one-size-lv","15":"first","16":"outofstock","17":"taxable","18":"shipping-taxable","19":"purchasable","20":"product-type-simple"},"raw_content":{"name":"M50 Br\u012bva piegriezuma d\u017eemperis | Graf\u012bts","description":"<p style=\"text-align: left;\">Auduma sast\u0101vs: 80% kokvilna, 20% poliesteris, viens univers\u0101ls izm\u0113rs, piecas sul\u012bgas kr\u0101sas!<\/p>","short_description":"<p style=\"text-align: center;\">Kvalitat\u012bvs audums un \u0113rts piegriezums - d\u017eemperi var vilkt, mainot priek\u0161pusi ar mugurpusi, l\u012bdz ar to da\u017e\u0101dojot kakla izgriezuma stilu. Pat\u012bkami m\u012bksts audums (kokvilna un poliesteris), bez liek\u0101m klapat\u0101m mazg\u0101jams, \u017e\u0101v\u0113jams, un atkal velkams ikdienas ap\u0123\u0113rbs!<\/p>","status":"publish","sku":"M50-sw-granits","original":157906},"wpml":{"translation_type":1,"has_translations":true,"original":157906,"duplicates":[],"translations":{"lv":157937,"en":157906}},"brands":[{"id":1249,"name":"M50","slug":"m50-lv"}],"_links":{"self":[{"href":"https:\/\/m50.lv\/lv\/wp-json\/wp\/v2\/product\/157937","targetHints":{"allow":["GET"]}}],"collection":[{"href":"https:\/\/m50.lv\/lv\/wp-json\/wp\/v2\/product"}],"about":[{"href":"https:\/\/m50.lv\/lv\/wp-json\/wp\/v2\/types\/product"}],"version-history":[{"count":0,"href":"https:\/\/m50.lv\/lv\/wp-json\/wp\/v2\/product\/157937\/revisions"}],"wp:featuredmedia":[{"embeddable":true,"href":"https:\/\/m50.lv\/lv\/wp-json\/wp\/v2\/media\/157788"}],"wp:attachment":[{"href":"https:\/\/m50.lv\/lv\/wp-json\/wp\/v2\/media?parent=157937"}],"wp:term":[{"taxonomy":"pwb-brand","embeddable":true,"href":"https:\/\/m50.lv\/lv\/wp-json\/wp\/v2\/pwb-brand?post=157937"},{"taxonomy":"product_cat","embeddable":true,"href":"https:\/\/m50.lv\/lv\/wp-json\/wp\/v2\/product_cat?post=157937"},{"taxonomy":"product_tag","embeddable":true,"href":"https:\/\/m50.lv\/lv\/wp-json\/wp\/v2\/product_tag?post=157937"}],"curies":[{"name":"wp","href":"https:\/\/api.w.org\/{rel}","templated":true}]}}