{"id":157940,"date":"2023-07-18T21:09:46","date_gmt":"2023-07-18T19:09:46","guid":{"rendered":"https:\/\/m50.lv\/product\/m50-briva-piegriezuma-tops-ziemelu-okeans\/"},"modified":"2023-08-01T12:44:59","modified_gmt":"2023-08-01T10:44:59","slug":"m50-briva-piegriezuma-tops-ziemelu-okeans","status":"publish","type":"product","link":"https:\/\/m50.lv\/lv\/product\/m50-briva-piegriezuma-tops-ziemelu-okeans\/","title":{"rendered":"M50 Br\u012bva piegriezuma tops | Zieme\u013cu oke\u0101ns"},"content":{"rendered":"<p style=\"text-align: left;\">Auduma sast\u0101vs: 80% kokvilna, 20% poliesteris, viens univers\u0101ls izm\u0113rs, piecas sul\u012bgas kr\u0101sas!<\/p>\n","protected":false},"excerpt":{"rendered":"<p style=\"text-align: center;\">Kvalitat\u012bvs audums un \u0113rts piegriezums &#8211; \u012bso d\u017eemper\u012bti var vilkt, mainot priek\u0161pusi ar mugurpusi, l\u012bdz ar to da\u017e\u0101dojot kakla izgriezuma stilu. Pat\u012bkami m\u012bksts audums (kokvilna un poliesteris), bez liek\u0101m klapat\u0101m mazg\u0101jams, \u017e\u0101v\u0113jams, un atkal velkams ikdienas ap\u0123\u0113rbs!<\/p>\n","protected":false},"featured_media":157772,"template":"","meta":{"_jet_sm_ready_style":"","_jet_sm_style":"","_jet_sm_controls_values":"","_jet_sm_fonts_collection":"","_jet_sm_fonts_links":""},"pwb-brand":[1249],"product_cat":[1427,102,1372,733,105,913],"product_tag":[1360],"class_list":{"0":"post-157940","1":"product","2":"type-product","3":"status-publish","4":"has-post-thumbnail","6":"pwb-brand-m50-lv","7":"product_cat-19janv11febr-30-lv","8":"product_cat-apgerbs","9":"product_cat-croptop-lv","10":"product_cat-m50","11":"product_cat-sievietem","12":"product_cat-topi-lv","13":"product_tag-one-size-lv","15":"first","16":"outofstock","17":"taxable","18":"shipping-taxable","19":"purchasable","20":"product-type-simple"},"raw_content":{"name":"M50 Br\u012bva piegriezuma tops | Zieme\u013cu oke\u0101ns","description":"<p style=\"text-align: left;\">Auduma sast\u0101vs: 80% kokvilna, 20% poliesteris, viens univers\u0101ls izm\u0113rs, piecas sul\u012bgas kr\u0101sas!<\/p>","short_description":"<p style=\"text-align: center;\">Kvalitat\u012bvs audums un \u0113rts piegriezums - \u012bso d\u017eemper\u012bti var vilkt, mainot priek\u0161pusi ar mugurpusi, l\u012bdz ar to da\u017e\u0101dojot kakla izgriezuma stilu. Pat\u012bkami m\u012bksts audums (kokvilna un poliesteris), bez liek\u0101m klapat\u0101m mazg\u0101jams, \u017e\u0101v\u0113jams, un atkal velkams ikdienas ap\u0123\u0113rbs!<\/p>","status":"publish","sku":"M50-tops-okeans","original":157893},"wpml":{"translation_type":1,"has_translations":true,"original":157893,"duplicates":[],"translations":{"lv":157940,"en":157893}},"brands":[{"id":1249,"name":"M50","slug":"m50-lv"}],"_links":{"self":[{"href":"https:\/\/m50.lv\/lv\/wp-json\/wp\/v2\/product\/157940","targetHints":{"allow":["GET"]}}],"collection":[{"href":"https:\/\/m50.lv\/lv\/wp-json\/wp\/v2\/product"}],"about":[{"href":"https:\/\/m50.lv\/lv\/wp-json\/wp\/v2\/types\/product"}],"version-history":[{"count":0,"href":"https:\/\/m50.lv\/lv\/wp-json\/wp\/v2\/product\/157940\/revisions"}],"wp:featuredmedia":[{"embeddable":true,"href":"https:\/\/m50.lv\/lv\/wp-json\/wp\/v2\/media\/157772"}],"wp:attachment":[{"href":"https:\/\/m50.lv\/lv\/wp-json\/wp\/v2\/media?parent=157940"}],"wp:term":[{"taxonomy":"pwb-brand","embeddable":true,"href":"https:\/\/m50.lv\/lv\/wp-json\/wp\/v2\/pwb-brand?post=157940"},{"taxonomy":"product_cat","embeddable":true,"href":"https:\/\/m50.lv\/lv\/wp-json\/wp\/v2\/product_cat?post=157940"},{"taxonomy":"product_tag","embeddable":true,"href":"https:\/\/m50.lv\/lv\/wp-json\/wp\/v2\/product_tag?post=157940"}],"curies":[{"name":"wp","href":"https:\/\/api.w.org\/{rel}","templated":true}]}}